{"id":12115,"date":"2022-09-20T11:34:46","date_gmt":"2022-09-20T11:34:46","guid":{"rendered":"https:\/\/fseneca.es\/secyt22\/?page_id=12115"},"modified":"2022-10-20T08:35:37","modified_gmt":"2022-10-20T08:35:37","slug":"fun-with-maths-con-david-meseguer","status":"publish","type":"page","link":"https:\/\/fseneca.es\/secyt22\/fun-with-maths-con-david-meseguer\/","title":{"rendered":"Fun with Maths, con David Meseguer"},"content":{"rendered":"\t\t<div data-elementor-type=\"wp-page\" data-elementor-id=\"12115\" class=\"elementor elementor-12115\">\n\t\t\t\t\t\t<div class=\"elementor-inner\">\n\t\t\t\t<div class=\"elementor-section-wrap\">\n\t\t\t\t\t\t\t\t\t<section class=\"elementor-section elementor-top-section elementor-element elementor-element-ad9c428 elementor-section-content-middle elementor-section-boxed elementor-section-height-default elementor-section-height-default\" data-id=\"ad9c428\" data-element_type=\"section\" data-settings=\"{&quot;background_background&quot;:&quot;classic&quot;,&quot;background_motion_fx_motion_fx_scrolling&quot;:&quot;yes&quot;,&quot;background_motion_fx_translateY_effect&quot;:&quot;yes&quot;,&quot;background_motion_fx_translateY_speed&quot;:{&quot;unit&quot;:&quot;px&quot;,&quot;size&quot;:4,&quot;sizes&quot;:[]},&quot;background_motion_fx_translateY_affectedRange&quot;:{&quot;unit&quot;:&quot;%&quot;,&quot;size&quot;:&quot;&quot;,&quot;sizes&quot;:{&quot;start&quot;:0,&quot;end&quot;:100}},&quot;background_motion_fx_devices&quot;:[&quot;desktop&quot;,&quot;tablet&quot;,&quot;mobile&quot;]}\">\n\t\t\t\t\t\t\t<div class=\"elementor-background-overlay\"><\/div>\n\t\t\t\t\t\t\t<div class=\"elementor-container elementor-column-gap-default\">\n\t\t\t\t\t\t\t<div class=\"elementor-row\">\n\t\t\t\t\t<div class=\"elementor-column elementor-col-100 elementor-top-column elementor-element elementor-element-78202ad\" data-id=\"78202ad\" data-element_type=\"column\" data-settings=\"{&quot;background_background&quot;:&quot;classic&quot;}\">\n\t\t\t<div class=\"elementor-column-wrap elementor-element-populated\">\n\t\t\t\t\t\t\t<div class=\"elementor-widget-wrap\">\n\t\t\t\t\t\t<div class=\"elementor-element elementor-element-38839dd elementor-invisible elementor-widget elementor-widget-heading\" data-id=\"38839dd\" data-element_type=\"widget\" data-settings=\"{&quot;_animation&quot;:&quot;fadeInUp&quot;}\" data-widget_type=\"heading.default\">\n\t\t\t\t<div class=\"elementor-widget-container\">\n\t\t\t<h1 class=\"elementor-heading-title elementor-size-default\">FUN WITH MATHS, CON DAVID MESEGUER<\/h1>\t\t<\/div>\n\t\t\t\t<\/div>\n\t\t\t\t\t\t<\/div>\n\t\t\t\t\t<\/div>\n\t\t<\/div>\n\t\t\t\t\t\t\t\t<\/div>\n\t\t\t\t\t<\/div>\n\t\t<\/section>\n\t\t\t\t<section class=\"elementor-section elementor-top-section elementor-element elementor-element-05d48ab elementor-section-boxed elementor-section-height-default elementor-section-height-default\" data-id=\"05d48ab\" data-element_type=\"section\">\n\t\t\t\t\t\t<div class=\"elementor-container elementor-column-gap-default\">\n\t\t\t\t\t\t\t<div class=\"elementor-row\">\n\t\t\t\t\t<div class=\"elementor-column elementor-col-100 elementor-top-column elementor-element elementor-element-05b5a13\" data-id=\"05b5a13\" data-element_type=\"column\">\n\t\t\t<div class=\"elementor-column-wrap elementor-element-populated\">\n\t\t\t\t\t\t\t<div class=\"elementor-widget-wrap\">\n\t\t\t\t\t\t<div class=\"elementor-element elementor-element-18edb23 elementor-widget elementor-widget-spacer\" data-id=\"18edb23\" data-element_type=\"widget\" data-widget_type=\"spacer.default\">\n\t\t\t\t<div class=\"elementor-widget-container\">\n\t\t\t\t\t<div class=\"elementor-spacer\">\n\t\t\t<div class=\"elementor-spacer-inner\"><\/div>\n\t\t<\/div>\n\t\t\t\t<\/div>\n\t\t\t\t<\/div>\n\t\t\t\t<div class=\"elementor-element elementor-element-ebc6ade elementor-widget elementor-widget-heading\" data-id=\"ebc6ade\" data-element_type=\"widget\" data-widget_type=\"heading.default\">\n\t\t\t\t<div class=\"elementor-widget-container\">\n\t\t\t<h2 class=\"elementor-heading-title elementor-size-default\">FUN WITH MATHS, con david meseguer<\/h2>\t\t<\/div>\n\t\t\t\t<\/div>\n\t\t\t\t\t\t<\/div>\n\t\t\t\t\t<\/div>\n\t\t<\/div>\n\t\t\t\t\t\t\t\t<\/div>\n\t\t\t\t\t<\/div>\n\t\t<\/section>\n\t\t\t\t<section class=\"elementor-section elementor-top-section elementor-element elementor-element-990e89d elementor-section-boxed elementor-section-height-default elementor-section-height-default\" data-id=\"990e89d\" data-element_type=\"section\">\n\t\t\t\t\t\t<div class=\"elementor-container elementor-column-gap-default\">\n\t\t\t\t\t\t\t<div class=\"elementor-row\">\n\t\t\t\t\t<div class=\"elementor-column elementor-col-100 elementor-top-column elementor-element elementor-element-8e34411\" data-id=\"8e34411\" data-element_type=\"column\">\n\t\t\t<div class=\"elementor-column-wrap elementor-element-populated\">\n\t\t\t\t\t\t\t<div class=\"elementor-widget-wrap\">\n\t\t\t\t\t\t<div class=\"elementor-element elementor-element-10bb3dd elementor-widget elementor-widget-text-editor\" data-id=\"10bb3dd\" data-element_type=\"widget\" data-widget_type=\"text-editor.default\">\n\t\t\t\t<div class=\"elementor-widget-container\">\n\t\t\t\t\t\t\t\t<div class=\"elementor-text-editor elementor-clearfix\">\n\t\t\t\t<p><strong>Exhibici\u00f3n interactiva de matem\u00e1ticas.<\/strong><\/p>\n<p>La Matemagia es el arte de hacer trucos de magia cuya explicaci\u00f3n no se fundamenta en el enga\u00f1o, sino en aplicar reglas, f\u00f3rmulas, procedimientos o l\u00f3gica que&nbsp; proceden de las matem\u00e1ticas. De esta manera, las matem\u00e1ticas pasan de ser algo abstracto y herm\u00e9tico para convertirse en un motivo de juego y de diversi\u00f3n.<\/p>\n<p>El p\u00fablico disfrutar\u00e1 de la sesi\u00f3n acerc\u00e1ndose a las aplicaciones de la matem\u00e1tica en nuestra vida cotidiana: meteorolog\u00eda, encuestas, c\u00f3digos secretos y muchas otras. Se propondr\u00e1n juegos de cartas, puzles matem\u00e1ticos, curiosidades num\u00e9ricas, c\u00e1lculo r\u00e1pido y demostraciones que se resuelvan a trav\u00e9s de juegos y acertijos.<\/p>\n<p><strong>&nbsp;<\/strong><strong style=\"font-size: 14px;\">ESCENARIO<\/strong><\/p><!-- wp:paragraph -->\n\n<!-- \/wp:paragraph -->\n\n<!-- wp:paragraph -->\n<p>Viernes 21, a las 10:30, 11:30, 13:00 y 20:00 horas.<\/p>\n<!-- \/wp:paragraph -->\n\n<!-- wp:paragraph -->\n<p>S\u00e1bado 22, a las 11.30, 12:30, 17:30, 18:30 y 20:00 horas.<\/p>\n<!-- \/wp:paragraph -->\n\n<!-- wp:paragraph -->\n<p>Domingo 23, a las 11:30  horas.<\/p>\n<!-- \/wp:paragraph -->\n\n<!-- wp:paragraph -->\n<p><strong>PLAT\u00d3<\/strong><\/p>\n<!-- \/wp:paragraph -->\n\n<!-- wp:paragraph -->\n<p>Viernes 21, a las 18:00<\/p>\t\t\t\t\t<\/div>\n\t\t\t\t\t\t<\/div>\n\t\t\t\t<\/div>\n\t\t\t\t\t\t<\/div>\n\t\t\t\t\t<\/div>\n\t\t<\/div>\n\t\t\t\t\t\t\t\t<\/div>\n\t\t\t\t\t<\/div>\n\t\t<\/section>\n\t\t\t\t<section class=\"elementor-section elementor-top-section elementor-element elementor-element-af1f942 elementor-section-boxed elementor-section-height-default elementor-section-height-default\" data-id=\"af1f942\" data-element_type=\"section\">\n\t\t\t\t\t\t<div class=\"elementor-container elementor-column-gap-default\">\n\t\t\t\t\t\t\t<div class=\"elementor-row\">\n\t\t\t\t\t<div class=\"elementor-column elementor-col-100 elementor-top-column elementor-element elementor-element-214611f\" data-id=\"214611f\" data-element_type=\"column\">\n\t\t\t<div class=\"elementor-column-wrap elementor-element-populated\">\n\t\t\t\t\t\t\t<div class=\"elementor-widget-wrap\">\n\t\t\t\t\t\t<div class=\"elementor-element elementor-element-835a51a elementor-widget elementor-widget-image\" data-id=\"835a51a\" data-element_type=\"widget\" data-widget_type=\"image.default\">\n\t\t\t\t<div class=\"elementor-widget-container\">\n\t\t\t\t\t\t\t\t<div class=\"elementor-image\">\n\t\t\t\t\t\t\t\t\t\t\t\t<img width=\"768\" height=\"513\" src=\"https:\/\/fseneca.es\/secyt22\/wp-content\/uploads\/2022\/10\/Secyt2018-AlfonsoDuran_DSC1071-768x513.jpg\" class=\"attachment-medium_large size-medium_large\" alt=\"\" loading=\"lazy\" srcset=\"https:\/\/fseneca.es\/secyt22\/wp-content\/uploads\/2022\/10\/Secyt2018-AlfonsoDuran_DSC1071-768x513.jpg 768w, https:\/\/fseneca.es\/secyt22\/wp-content\/uploads\/2022\/10\/Secyt2018-AlfonsoDuran_DSC1071-300x200.jpg 300w, https:\/\/fseneca.es\/secyt22\/wp-content\/uploads\/2022\/10\/Secyt2018-AlfonsoDuran_DSC1071-1024x683.jpg 1024w, https:\/\/fseneca.es\/secyt22\/wp-content\/uploads\/2022\/10\/Secyt2018-AlfonsoDuran_DSC1071-1536x1025.jpg 1536w, https:\/\/fseneca.es\/secyt22\/wp-content\/uploads\/2022\/10\/Secyt2018-AlfonsoDuran_DSC1071-2048x1367.jpg 2048w\" sizes=\"(max-width: 768px) 100vw, 768px\" \/>\t\t\t\t\t\t\t\t\t\t\t\t\t\t<\/div>\n\t\t\t\t\t\t<\/div>\n\t\t\t\t<\/div>\n\t\t\t\t\t\t<\/div>\n\t\t\t\t\t<\/div>\n\t\t<\/div>\n\t\t\t\t\t\t\t\t<\/div>\n\t\t\t\t\t<\/div>\n\t\t<\/section>\n\t\t\t\t<section class=\"elementor-section elementor-top-section elementor-element elementor-element-bd8b64c elementor-section-boxed elementor-section-height-default elementor-section-height-default\" data-id=\"bd8b64c\" data-element_type=\"section\">\n\t\t\t\t\t\t<div class=\"elementor-container elementor-column-gap-default\">\n\t\t\t\t\t\t\t<div class=\"elementor-row\">\n\t\t\t\t\t<div class=\"elementor-column elementor-col-100 elementor-top-column elementor-element elementor-element-e099ce8\" data-id=\"e099ce8\" data-element_type=\"column\">\n\t\t\t<div class=\"elementor-column-wrap elementor-element-populated\">\n\t\t\t\t\t\t\t<div class=\"elementor-widget-wrap\">\n\t\t\t\t\t\t<div class=\"elementor-element elementor-element-afad2c9 elementor-widget elementor-widget-spacer\" data-id=\"afad2c9\" data-element_type=\"widget\" data-widget_type=\"spacer.default\">\n\t\t\t\t<div class=\"elementor-widget-container\">\n\t\t\t\t\t<div class=\"elementor-spacer\">\n\t\t\t<div class=\"elementor-spacer-inner\"><\/div>\n\t\t<\/div>\n\t\t\t\t<\/div>\n\t\t\t\t<\/div>\n\t\t\t\t\t\t<\/div>\n\t\t\t\t\t<\/div>\n\t\t<\/div>\n\t\t\t\t\t\t\t\t<\/div>\n\t\t\t\t\t<\/div>\n\t\t<\/section>\n\t\t\t\t<section class=\"elementor-section elementor-top-section elementor-element elementor-element-e5f8b69 elementor-section-boxed elementor-section-height-default elementor-section-height-default\" data-id=\"e5f8b69\" data-element_type=\"section\">\n\t\t\t\t\t\t<div class=\"elementor-container elementor-column-gap-default\">\n\t\t\t\t\t\t\t<div class=\"elementor-row\">\n\t\t\t\t\t<div class=\"elementor-column elementor-col-100 elementor-top-column elementor-element elementor-element-54f3703\" data-id=\"54f3703\" data-element_type=\"column\">\n\t\t\t<div class=\"elementor-column-wrap\">\n\t\t\t\t\t\t\t<div class=\"elementor-widget-wrap\">\n\t\t\t\t\t\t\t\t<\/div>\n\t\t\t\t\t<\/div>\n\t\t<\/div>\n\t\t\t\t\t\t\t\t<\/div>\n\t\t\t\t\t<\/div>\n\t\t<\/section>\n\t\t\t\t<section class=\"elementor-section elementor-top-section elementor-element elementor-element-a759553 elementor-section-boxed elementor-section-height-default elementor-section-height-default\" data-id=\"a759553\" data-element_type=\"section\">\n\t\t\t\t\t\t<div class=\"elementor-container elementor-column-gap-default\">\n\t\t\t\t\t\t\t<div class=\"elementor-row\">\n\t\t\t\t\t<div class=\"elementor-column elementor-col-100 elementor-top-column elementor-element elementor-element-5a96a8f\" data-id=\"5a96a8f\" data-element_type=\"column\">\n\t\t\t<div class=\"elementor-column-wrap elementor-element-populated\">\n\t\t\t\t\t\t\t<div class=\"elementor-widget-wrap\">\n\t\t\t\t\t\t<div class=\"elementor-element elementor-element-4500dfb elementor-widget elementor-widget-spacer\" data-id=\"4500dfb\" data-element_type=\"widget\" data-widget_type=\"spacer.default\">\n\t\t\t\t<div class=\"elementor-widget-container\">\n\t\t\t\t\t<div class=\"elementor-spacer\">\n\t\t\t<div class=\"elementor-spacer-inner\"><\/div>\n\t\t<\/div>\n\t\t\t\t<\/div>\n\t\t\t\t<\/div>\n\t\t\t\t\t\t<\/div>\n\t\t\t\t\t<\/div>\n\t\t<\/div>\n\t\t\t\t\t\t\t\t<\/div>\n\t\t\t\t\t<\/div>\n\t\t<\/section>\n\t\t\t\t\t\t\t\t\t<\/div>\n\t\t\t<\/div>\n\t\t\t\t\t<\/div>\n\t\t","protected":false},"excerpt":{"rendered":"<p>FUN WITH MATHS, CON DAVID MESEGUER FUN WITH MATHS, con david meseguer Exhibici\u00f3n interactiva de matem\u00e1ticas. La Matemagia es el arte de hacer trucos de magia cuya explicaci\u00f3n no se fundamenta en el enga\u00f1o, sino en aplicar reglas, f\u00f3rmulas, procedimientos o l\u00f3gica que&nbsp; proceden de las matem\u00e1ticas. De esta manera, las matem\u00e1ticas pasan de ser [&hellip;]<\/p>\n","protected":false},"author":168,"featured_media":13419,"parent":0,"menu_order":0,"comment_status":"closed","ping_status":"closed","template":"","meta":[],"acf":[],"yoast_head":"<!-- This site is optimized with the Yoast SEO plugin v19.7.1 - https:\/\/yoast.com\/wordpress\/plugins\/seo\/ -->\n<title>Fun with Maths, con David Meseguer - SeCyT&#039;22<\/title>\n<meta name=\"robots\" content=\"index, follow, max-snippet:-1, max-image-preview:large, max-video-preview:-1\" \/>\n<link rel=\"canonical\" href=\"https:\/\/fseneca.es\/secyt22\/fun-with-maths-con-david-meseguer\/\" \/>\n<meta property=\"og:locale\" content=\"es_ES\" \/>\n<meta property=\"og:type\" content=\"article\" \/>\n<meta property=\"og:title\" content=\"Fun with Maths, con David Meseguer - SeCyT&#039;22\" \/>\n<meta property=\"og:description\" content=\"FUN WITH MATHS, CON DAVID MESEGUER FUN WITH MATHS, con david meseguer Exhibici\u00f3n interactiva de matem\u00e1ticas. La Matemagia es el arte de hacer trucos de magia cuya explicaci\u00f3n no se fundamenta en el enga\u00f1o, sino en aplicar reglas, f\u00f3rmulas, procedimientos o l\u00f3gica que&nbsp; proceden de las matem\u00e1ticas. De esta manera, las matem\u00e1ticas pasan de ser [&hellip;]\" \/>\n<meta property=\"og:url\" content=\"https:\/\/fseneca.es\/secyt22\/fun-with-maths-con-david-meseguer\/\" \/>\n<meta property=\"og:site_name\" content=\"SeCyT&#039;22\" \/>\n<meta property=\"article:modified_time\" content=\"2022-10-20T08:35:37+00:00\" \/>\n<meta property=\"og:image\" content=\"http:\/\/fseneca.es\/secyt22\/wp-content\/uploads\/2022\/10\/Secyt2018-AlfonsoDuran_DSC1071-scaled.jpg\" \/>\n\t<meta property=\"og:image:width\" content=\"2560\" \/>\n\t<meta property=\"og:image:height\" content=\"1709\" \/>\n\t<meta property=\"og:image:type\" content=\"image\/jpeg\" \/>\n<meta name=\"twitter:card\" content=\"summary_large_image\" \/>\n<meta name=\"twitter:label1\" content=\"Tiempo de lectura\" \/>\n\t<meta name=\"twitter:data1\" content=\"1 minuto\" \/>\n<script type=\"application\/ld+json\" class=\"yoast-schema-graph\">{\"@context\":\"https:\/\/schema.org\",\"@graph\":[{\"@type\":\"WebPage\",\"@id\":\"https:\/\/fseneca.es\/secyt22\/fun-with-maths-con-david-meseguer\/\",\"url\":\"https:\/\/fseneca.es\/secyt22\/fun-with-maths-con-david-meseguer\/\",\"name\":\"Fun with Maths, con David Meseguer - SeCyT&#039;22\",\"isPartOf\":{\"@id\":\"https:\/\/fseneca.es\/secyt22\/#website\"},\"datePublished\":\"2022-09-20T11:34:46+00:00\",\"dateModified\":\"2022-10-20T08:35:37+00:00\",\"breadcrumb\":{\"@id\":\"https:\/\/fseneca.es\/secyt22\/fun-with-maths-con-david-meseguer\/#breadcrumb\"},\"inLanguage\":\"es\",\"potentialAction\":[{\"@type\":\"ReadAction\",\"target\":[\"https:\/\/fseneca.es\/secyt22\/fun-with-maths-con-david-meseguer\/\"]}]},{\"@type\":\"BreadcrumbList\",\"@id\":\"https:\/\/fseneca.es\/secyt22\/fun-with-maths-con-david-meseguer\/#breadcrumb\",\"itemListElement\":[{\"@type\":\"ListItem\",\"position\":1,\"name\":\"Portada\",\"item\":\"https:\/\/fseneca.es\/secyt22\/\"},{\"@type\":\"ListItem\",\"position\":2,\"name\":\"Fun with Maths, con David Meseguer\"}]},{\"@type\":\"WebSite\",\"@id\":\"https:\/\/fseneca.es\/secyt22\/#website\",\"url\":\"https:\/\/fseneca.es\/secyt22\/\",\"name\":\"SeCyT&#039;22\",\"description\":\"Semana de la Ciencia y la Tecnolog\u00eda 2022\",\"potentialAction\":[{\"@type\":\"SearchAction\",\"target\":{\"@type\":\"EntryPoint\",\"urlTemplate\":\"https:\/\/fseneca.es\/secyt22\/?s={search_term_string}\"},\"query-input\":\"required name=search_term_string\"}],\"inLanguage\":\"es\"}]}<\/script>\n<!-- \/ Yoast SEO plugin. -->","yoast_head_json":{"title":"Fun with Maths, con David Meseguer - SeCyT&#039;22","robots":{"index":"index","follow":"follow","max-snippet":"max-snippet:-1","max-image-preview":"max-image-preview:large","max-video-preview":"max-video-preview:-1"},"canonical":"https:\/\/fseneca.es\/secyt22\/fun-with-maths-con-david-meseguer\/","og_locale":"es_ES","og_type":"article","og_title":"Fun with Maths, con David Meseguer - SeCyT&#039;22","og_description":"FUN WITH MATHS, CON DAVID MESEGUER FUN WITH MATHS, con david meseguer Exhibici\u00f3n interactiva de matem\u00e1ticas. La Matemagia es el arte de hacer trucos de magia cuya explicaci\u00f3n no se fundamenta en el enga\u00f1o, sino en aplicar reglas, f\u00f3rmulas, procedimientos o l\u00f3gica que&nbsp; proceden de las matem\u00e1ticas. De esta manera, las matem\u00e1ticas pasan de ser [&hellip;]","og_url":"https:\/\/fseneca.es\/secyt22\/fun-with-maths-con-david-meseguer\/","og_site_name":"SeCyT&#039;22","article_modified_time":"2022-10-20T08:35:37+00:00","og_image":[{"width":2560,"height":1709,"url":"http:\/\/fseneca.es\/secyt22\/wp-content\/uploads\/2022\/10\/Secyt2018-AlfonsoDuran_DSC1071-scaled.jpg","type":"image\/jpeg"}],"twitter_card":"summary_large_image","twitter_misc":{"Tiempo de lectura":"1 minuto"},"schema":{"@context":"https:\/\/schema.org","@graph":[{"@type":"WebPage","@id":"https:\/\/fseneca.es\/secyt22\/fun-with-maths-con-david-meseguer\/","url":"https:\/\/fseneca.es\/secyt22\/fun-with-maths-con-david-meseguer\/","name":"Fun with Maths, con David Meseguer - SeCyT&#039;22","isPartOf":{"@id":"https:\/\/fseneca.es\/secyt22\/#website"},"datePublished":"2022-09-20T11:34:46+00:00","dateModified":"2022-10-20T08:35:37+00:00","breadcrumb":{"@id":"https:\/\/fseneca.es\/secyt22\/fun-with-maths-con-david-meseguer\/#breadcrumb"},"inLanguage":"es","potentialAction":[{"@type":"ReadAction","target":["https:\/\/fseneca.es\/secyt22\/fun-with-maths-con-david-meseguer\/"]}]},{"@type":"BreadcrumbList","@id":"https:\/\/fseneca.es\/secyt22\/fun-with-maths-con-david-meseguer\/#breadcrumb","itemListElement":[{"@type":"ListItem","position":1,"name":"Portada","item":"https:\/\/fseneca.es\/secyt22\/"},{"@type":"ListItem","position":2,"name":"Fun with Maths, con David Meseguer"}]},{"@type":"WebSite","@id":"https:\/\/fseneca.es\/secyt22\/#website","url":"https:\/\/fseneca.es\/secyt22\/","name":"SeCyT&#039;22","description":"Semana de la Ciencia y la Tecnolog\u00eda 2022","potentialAction":[{"@type":"SearchAction","target":{"@type":"EntryPoint","urlTemplate":"https:\/\/fseneca.es\/secyt22\/?s={search_term_string}"},"query-input":"required name=search_term_string"}],"inLanguage":"es"}]}},"_links":{"self":[{"href":"https:\/\/fseneca.es\/secyt22\/wp-json\/wp\/v2\/pages\/12115"}],"collection":[{"href":"https:\/\/fseneca.es\/secyt22\/wp-json\/wp\/v2\/pages"}],"about":[{"href":"https:\/\/fseneca.es\/secyt22\/wp-json\/wp\/v2\/types\/page"}],"author":[{"embeddable":true,"href":"https:\/\/fseneca.es\/secyt22\/wp-json\/wp\/v2\/users\/168"}],"replies":[{"embeddable":true,"href":"https:\/\/fseneca.es\/secyt22\/wp-json\/wp\/v2\/comments?post=12115"}],"version-history":[{"count":79,"href":"https:\/\/fseneca.es\/secyt22\/wp-json\/wp\/v2\/pages\/12115\/revisions"}],"predecessor-version":[{"id":14273,"href":"https:\/\/fseneca.es\/secyt22\/wp-json\/wp\/v2\/pages\/12115\/revisions\/14273"}],"wp:featuredmedia":[{"embeddable":true,"href":"https:\/\/fseneca.es\/secyt22\/wp-json\/wp\/v2\/media\/13419"}],"wp:attachment":[{"href":"https:\/\/fseneca.es\/secyt22\/wp-json\/wp\/v2\/media?parent=12115"}],"curies":[{"name":"wp","href":"https:\/\/api.w.org\/{rel}","templated":true}]}}