{"id":12831,"date":"2022-10-06T09:29:32","date_gmt":"2022-10-06T09:29:32","guid":{"rendered":"https:\/\/fseneca.es\/secyt22\/?page_id=12831"},"modified":"2022-11-04T14:00:36","modified_gmt":"2022-11-04T14:00:36","slug":"centros-educativos","status":"publish","type":"page","link":"https:\/\/fseneca.es\/secyt22\/centros-educativos\/","title":{"rendered":"Centros Educativos"},"content":{"rendered":"\t\t<div data-elementor-type=\"wp-page\" data-elementor-id=\"12831\" class=\"elementor elementor-12831\">\n\t\t\t\t\t\t<div class=\"elementor-inner\">\n\t\t\t\t<div class=\"elementor-section-wrap\">\n\t\t\t\t\t\t\t\t\t<section class=\"elementor-section elementor-top-section elementor-element elementor-element-25ea0c64 elementor-section-boxed elementor-section-height-default elementor-section-height-default\" data-id=\"25ea0c64\" data-element_type=\"section\" data-settings=\"{&quot;background_background&quot;:&quot;classic&quot;}\">\n\t\t\t\t\t\t<div class=\"elementor-container elementor-column-gap-default\">\n\t\t\t\t\t\t\t<div class=\"elementor-row\">\n\t\t\t\t\t<div class=\"elementor-column elementor-col-50 elementor-top-column elementor-element elementor-element-79604fd\" data-id=\"79604fd\" data-element_type=\"column\">\n\t\t\t<div class=\"elementor-column-wrap elementor-element-populated\">\n\t\t\t\t\t\t\t<div class=\"elementor-widget-wrap\">\n\t\t\t\t\t\t<div class=\"elementor-element elementor-element-52ae136 elementor-widget elementor-widget-heading\" data-id=\"52ae136\" data-element_type=\"widget\" data-widget_type=\"heading.default\">\n\t\t\t\t<div class=\"elementor-widget-container\">\n\t\t\t<h2 class=\"elementor-heading-title elementor-size-default\">Planifica tu visita<\/h2>\t\t<\/div>\n\t\t\t\t<\/div>\n\t\t\t\t<div class=\"elementor-element elementor-element-56c6d53 elementor-widget elementor-widget-text-editor\" data-id=\"56c6d53\" data-element_type=\"widget\" data-widget_type=\"text-editor.default\">\n\t\t\t\t<div class=\"elementor-widget-container\">\n\t\t\t\t\t\t\t\t<div class=\"elementor-text-editor elementor-clearfix\">\n\t\t\t\t<p>A trav\u00e9s de nuestro BUSCADOR DE ACTIVIDADES podr\u00e9is planificar vuestra visita a la SeCyT22 seleccion\u00e1ndolas en funci\u00f3n de la edad y nivel educativo de los alumnos al que est\u00e1n orientadas, el tipo de actividad preferido (exhibiciones, talleres, demostraciones\u2026) el \u00e1rea de conocimiento o el momento en que tendr\u00e1 lugar.<\/p>\n<p>\u00a0<\/p>\n<p>Usando el PLANO de la SeCyT22 podr\u00e9is situar a los participantes en el Jard\u00edn del Malec\u00f3n y localizar f\u00e1cilmente el lugar en el que se llevar\u00e1n a cabo las actividades elegidas.<\/p>\t\t\t\t\t<\/div>\n\t\t\t\t\t\t<\/div>\n\t\t\t\t<\/div>\n\t\t\t\t\t\t<\/div>\n\t\t\t\t\t<\/div>\n\t\t<\/div>\n\t\t\t\t<div class=\"elementor-column elementor-col-50 elementor-top-column elementor-element elementor-element-376c9207\" data-id=\"376c9207\" data-element_type=\"column\">\n\t\t\t<div class=\"elementor-column-wrap elementor-element-populated\">\n\t\t\t\t\t\t\t<div class=\"elementor-widget-wrap\">\n\t\t\t\t\t\t<div class=\"elementor-element elementor-element-4798a42f elementor-widget elementor-widget-text-editor\" data-id=\"4798a42f\" data-element_type=\"widget\" data-widget_type=\"text-editor.default\">\n\t\t\t\t<div class=\"elementor-widget-container\">\n\t\t\t\t\t\t\t\t<div class=\"elementor-text-editor elementor-clearfix\">\n\t\t\t\t\t\t\t\t\t<\/div>\n\t\t\t\t\t\t<\/div>\n\t\t\t\t<\/div>\n\t\t\t\t\t\t<\/div>\n\t\t\t\t\t<\/div>\n\t\t<\/div>\n\t\t\t\t\t\t\t\t<\/div>\n\t\t\t\t\t<\/div>\n\t\t<\/section>\n\t\t\t\t\t\t\t\t\t<\/div>\n\t\t\t<\/div>\n\t\t\t\t\t<\/div>\n\t\t","protected":false},"excerpt":{"rendered":"<p>Planifica tu visita A trav\u00e9s de nuestro BUSCADOR DE ACTIVIDADES podr\u00e9is planificar vuestra visita a la SeCyT22 seleccion\u00e1ndolas en funci\u00f3n de la edad y nivel educativo de los alumnos al que est\u00e1n orientadas, el tipo de actividad preferido (exhibiciones, talleres, demostraciones\u2026) el \u00e1rea de conocimiento o el momento en que tendr\u00e1 lugar. \u00a0 Usando el [&hellip;]<\/p>\n","protected":false},"author":1,"featured_media":0,"parent":0,"menu_order":0,"comment_status":"closed","ping_status":"closed","template":"","meta":[],"acf":[],"yoast_head":"<!-- This site is optimized with the Yoast SEO plugin v19.7.1 - https:\/\/yoast.com\/wordpress\/plugins\/seo\/ -->\n<title>Centros Educativos - SeCyT&#039;22<\/title>\n<meta name=\"robots\" content=\"index, follow, max-snippet:-1, max-image-preview:large, max-video-preview:-1\" \/>\n<link rel=\"canonical\" href=\"https:\/\/fseneca.es\/secyt22\/centros-educativos\/\" \/>\n<meta property=\"og:locale\" content=\"es_ES\" \/>\n<meta property=\"og:type\" content=\"article\" \/>\n<meta property=\"og:title\" content=\"Centros Educativos - SeCyT&#039;22\" \/>\n<meta property=\"og:description\" content=\"Planifica tu visita A trav\u00e9s de nuestro BUSCADOR DE ACTIVIDADES podr\u00e9is planificar vuestra visita a la SeCyT22 seleccion\u00e1ndolas en funci\u00f3n de la edad y nivel educativo de los alumnos al que est\u00e1n orientadas, el tipo de actividad preferido (exhibiciones, talleres, demostraciones\u2026) el \u00e1rea de conocimiento o el momento en que tendr\u00e1 lugar. \u00a0 Usando el [&hellip;]\" \/>\n<meta property=\"og:url\" content=\"https:\/\/fseneca.es\/secyt22\/centros-educativos\/\" \/>\n<meta property=\"og:site_name\" content=\"SeCyT&#039;22\" \/>\n<meta property=\"article:modified_time\" content=\"2022-11-04T14:00:36+00:00\" \/>\n<meta name=\"twitter:card\" content=\"summary_large_image\" \/>\n<meta name=\"twitter:label1\" content=\"Tiempo de lectura\" \/>\n\t<meta name=\"twitter:data1\" content=\"1 minuto\" \/>\n<script type=\"application\/ld+json\" class=\"yoast-schema-graph\">{\"@context\":\"https:\/\/schema.org\",\"@graph\":[{\"@type\":\"WebPage\",\"@id\":\"https:\/\/fseneca.es\/secyt22\/centros-educativos\/\",\"url\":\"https:\/\/fseneca.es\/secyt22\/centros-educativos\/\",\"name\":\"Centros Educativos - SeCyT&#039;22\",\"isPartOf\":{\"@id\":\"https:\/\/fseneca.es\/secyt22\/#website\"},\"datePublished\":\"2022-10-06T09:29:32+00:00\",\"dateModified\":\"2022-11-04T14:00:36+00:00\",\"breadcrumb\":{\"@id\":\"https:\/\/fseneca.es\/secyt22\/centros-educativos\/#breadcrumb\"},\"inLanguage\":\"es\",\"potentialAction\":[{\"@type\":\"ReadAction\",\"target\":[\"https:\/\/fseneca.es\/secyt22\/centros-educativos\/\"]}]},{\"@type\":\"BreadcrumbList\",\"@id\":\"https:\/\/fseneca.es\/secyt22\/centros-educativos\/#breadcrumb\",\"itemListElement\":[{\"@type\":\"ListItem\",\"position\":1,\"name\":\"Portada\",\"item\":\"https:\/\/fseneca.es\/secyt22\/\"},{\"@type\":\"ListItem\",\"position\":2,\"name\":\"Centros Educativos\"}]},{\"@type\":\"WebSite\",\"@id\":\"https:\/\/fseneca.es\/secyt22\/#website\",\"url\":\"https:\/\/fseneca.es\/secyt22\/\",\"name\":\"SeCyT&#039;22\",\"description\":\"Semana de la Ciencia y la Tecnolog\u00eda 2022\",\"potentialAction\":[{\"@type\":\"SearchAction\",\"target\":{\"@type\":\"EntryPoint\",\"urlTemplate\":\"https:\/\/fseneca.es\/secyt22\/?s={search_term_string}\"},\"query-input\":\"required name=search_term_string\"}],\"inLanguage\":\"es\"}]}<\/script>\n<!-- \/ Yoast SEO plugin. -->","yoast_head_json":{"title":"Centros Educativos - SeCyT&#039;22","robots":{"index":"index","follow":"follow","max-snippet":"max-snippet:-1","max-image-preview":"max-image-preview:large","max-video-preview":"max-video-preview:-1"},"canonical":"https:\/\/fseneca.es\/secyt22\/centros-educativos\/","og_locale":"es_ES","og_type":"article","og_title":"Centros Educativos - SeCyT&#039;22","og_description":"Planifica tu visita A trav\u00e9s de nuestro BUSCADOR DE ACTIVIDADES podr\u00e9is planificar vuestra visita a la SeCyT22 seleccion\u00e1ndolas en funci\u00f3n de la edad y nivel educativo de los alumnos al que est\u00e1n orientadas, el tipo de actividad preferido (exhibiciones, talleres, demostraciones\u2026) el \u00e1rea de conocimiento o el momento en que tendr\u00e1 lugar. \u00a0 Usando el [&hellip;]","og_url":"https:\/\/fseneca.es\/secyt22\/centros-educativos\/","og_site_name":"SeCyT&#039;22","article_modified_time":"2022-11-04T14:00:36+00:00","twitter_card":"summary_large_image","twitter_misc":{"Tiempo de lectura":"1 minuto"},"schema":{"@context":"https:\/\/schema.org","@graph":[{"@type":"WebPage","@id":"https:\/\/fseneca.es\/secyt22\/centros-educativos\/","url":"https:\/\/fseneca.es\/secyt22\/centros-educativos\/","name":"Centros Educativos - SeCyT&#039;22","isPartOf":{"@id":"https:\/\/fseneca.es\/secyt22\/#website"},"datePublished":"2022-10-06T09:29:32+00:00","dateModified":"2022-11-04T14:00:36+00:00","breadcrumb":{"@id":"https:\/\/fseneca.es\/secyt22\/centros-educativos\/#breadcrumb"},"inLanguage":"es","potentialAction":[{"@type":"ReadAction","target":["https:\/\/fseneca.es\/secyt22\/centros-educativos\/"]}]},{"@type":"BreadcrumbList","@id":"https:\/\/fseneca.es\/secyt22\/centros-educativos\/#breadcrumb","itemListElement":[{"@type":"ListItem","position":1,"name":"Portada","item":"https:\/\/fseneca.es\/secyt22\/"},{"@type":"ListItem","position":2,"name":"Centros Educativos"}]},{"@type":"WebSite","@id":"https:\/\/fseneca.es\/secyt22\/#website","url":"https:\/\/fseneca.es\/secyt22\/","name":"SeCyT&#039;22","description":"Semana de la Ciencia y la Tecnolog\u00eda 2022","potentialAction":[{"@type":"SearchAction","target":{"@type":"EntryPoint","urlTemplate":"https:\/\/fseneca.es\/secyt22\/?s={search_term_string}"},"query-input":"required name=search_term_string"}],"inLanguage":"es"}]}},"_links":{"self":[{"href":"https:\/\/fseneca.es\/secyt22\/wp-json\/wp\/v2\/pages\/12831"}],"collection":[{"href":"https:\/\/fseneca.es\/secyt22\/wp-json\/wp\/v2\/pages"}],"about":[{"href":"https:\/\/fseneca.es\/secyt22\/wp-json\/wp\/v2\/types\/page"}],"author":[{"embeddable":true,"href":"https:\/\/fseneca.es\/secyt22\/wp-json\/wp\/v2\/users\/1"}],"replies":[{"embeddable":true,"href":"https:\/\/fseneca.es\/secyt22\/wp-json\/wp\/v2\/comments?post=12831"}],"version-history":[{"count":31,"href":"https:\/\/fseneca.es\/secyt22\/wp-json\/wp\/v2\/pages\/12831\/revisions"}],"predecessor-version":[{"id":14505,"href":"https:\/\/fseneca.es\/secyt22\/wp-json\/wp\/v2\/pages\/12831\/revisions\/14505"}],"wp:attachment":[{"href":"https:\/\/fseneca.es\/secyt22\/wp-json\/wp\/v2\/media?parent=12831"}],"curies":[{"name":"wp","href":"https:\/\/api.w.org\/{rel}","templated":true}]}}