{"id":13643,"date":"2022-10-14T08:33:20","date_gmt":"2022-10-14T08:33:20","guid":{"rendered":"https:\/\/fseneca.es\/secyt22\/?page_id=13643"},"modified":"2022-10-17T07:16:35","modified_gmt":"2022-10-17T07:16:35","slug":"shows","status":"publish","type":"page","link":"https:\/\/fseneca.es\/secyt22\/shows\/","title":{"rendered":"Shows"},"content":{"rendered":"\t\t<div data-elementor-type=\"wp-page\" data-elementor-id=\"13643\" class=\"elementor elementor-13643\">\n\t\t\t\t\t\t<div class=\"elementor-inner\">\n\t\t\t\t<div class=\"elementor-section-wrap\">\n\t\t\t\t\t\t\t\t\t<section class=\"elementor-section elementor-top-section elementor-element elementor-element-08657e4 elementor-section-content-middle elementor-section-boxed elementor-section-height-default elementor-section-height-default\" data-id=\"08657e4\" data-element_type=\"section\" data-settings=\"{&quot;background_background&quot;:&quot;classic&quot;,&quot;background_motion_fx_motion_fx_scrolling&quot;:&quot;yes&quot;,&quot;background_motion_fx_translateY_effect&quot;:&quot;yes&quot;,&quot;background_motion_fx_translateY_speed&quot;:{&quot;unit&quot;:&quot;px&quot;,&quot;size&quot;:4,&quot;sizes&quot;:[]},&quot;background_motion_fx_translateY_affectedRange&quot;:{&quot;unit&quot;:&quot;%&quot;,&quot;size&quot;:&quot;&quot;,&quot;sizes&quot;:{&quot;start&quot;:0,&quot;end&quot;:100}},&quot;background_motion_fx_devices&quot;:[&quot;desktop&quot;,&quot;tablet&quot;,&quot;mobile&quot;]}\">\n\t\t\t\t\t\t\t<div class=\"elementor-background-overlay\"><\/div>\n\t\t\t\t\t\t\t<div class=\"elementor-container elementor-column-gap-default\">\n\t\t\t\t\t\t\t<div class=\"elementor-row\">\n\t\t\t\t\t<div class=\"elementor-column elementor-col-100 elementor-top-column elementor-element elementor-element-bcd7c9a\" data-id=\"bcd7c9a\" data-element_type=\"column\" data-settings=\"{&quot;background_background&quot;:&quot;slideshow&quot;,&quot;background_slideshow_gallery&quot;:[],&quot;background_slideshow_loop&quot;:&quot;yes&quot;,&quot;background_slideshow_slide_duration&quot;:5000,&quot;background_slideshow_slide_transition&quot;:&quot;fade&quot;,&quot;background_slideshow_transition_duration&quot;:500}\">\n\t\t\t<div class=\"elementor-column-wrap elementor-element-populated\">\n\t\t\t\t\t\t\t<div class=\"elementor-widget-wrap\">\n\t\t\t\t\t\t<div class=\"elementor-element elementor-element-5e0ee3d elementor-invisible elementor-widget elementor-widget-heading\" data-id=\"5e0ee3d\" data-element_type=\"widget\" data-settings=\"{&quot;_animation&quot;:&quot;fadeInUp&quot;}\" data-widget_type=\"heading.default\">\n\t\t\t\t<div class=\"elementor-widget-container\">\n\t\t\t<h1 class=\"elementor-heading-title elementor-size-default\">SHOWS EN EL ESCENARIO<\/h1>\t\t<\/div>\n\t\t\t\t<\/div>\n\t\t\t\t\t\t<\/div>\n\t\t\t\t\t<\/div>\n\t\t<\/div>\n\t\t\t\t\t\t\t\t<\/div>\n\t\t\t\t\t<\/div>\n\t\t<\/section>\n\t\t\t\t<section class=\"elementor-section elementor-top-section elementor-element elementor-element-a57d222 elementor-section-boxed elementor-section-height-default elementor-section-height-default\" data-id=\"a57d222\" data-element_type=\"section\">\n\t\t\t\t\t\t<div class=\"elementor-container elementor-column-gap-default\">\n\t\t\t\t\t\t\t<div class=\"elementor-row\">\n\t\t\t\t\t<div class=\"elementor-column elementor-col-100 elementor-top-column elementor-element elementor-element-ef838d5\" data-id=\"ef838d5\" data-element_type=\"column\">\n\t\t\t<div class=\"elementor-column-wrap elementor-element-populated\">\n\t\t\t\t\t\t\t<div class=\"elementor-widget-wrap\">\n\t\t\t\t\t\t<div class=\"elementor-element elementor-element-804502a elementor-widget elementor-widget-spacer\" data-id=\"804502a\" data-element_type=\"widget\" data-widget_type=\"spacer.default\">\n\t\t\t\t<div class=\"elementor-widget-container\">\n\t\t\t\t\t<div class=\"elementor-spacer\">\n\t\t\t<div class=\"elementor-spacer-inner\"><\/div>\n\t\t<\/div>\n\t\t\t\t<\/div>\n\t\t\t\t<\/div>\n\t\t\t\t\t\t<\/div>\n\t\t\t\t\t<\/div>\n\t\t<\/div>\n\t\t\t\t\t\t\t\t<\/div>\n\t\t\t\t\t<\/div>\n\t\t<\/section>\n\t\t\t\t<section class=\"elementor-section elementor-top-section elementor-element elementor-element-700be52 elementor-section-boxed elementor-section-height-default elementor-section-height-default\" data-id=\"700be52\" data-element_type=\"section\">\n\t\t\t\t\t\t<div class=\"elementor-container elementor-column-gap-default\">\n\t\t\t\t\t\t\t<div class=\"elementor-row\">\n\t\t\t\t\t<div class=\"elementor-column elementor-col-100 elementor-top-column elementor-element elementor-element-77a026b\" data-id=\"77a026b\" data-element_type=\"column\">\n\t\t\t<div class=\"elementor-column-wrap elementor-element-populated\">\n\t\t\t\t\t\t\t<div class=\"elementor-widget-wrap\">\n\t\t\t\t\t\t<div class=\"elementor-element elementor-element-ad28884 elementor-widget elementor-widget-heading\" data-id=\"ad28884\" data-element_type=\"widget\" data-widget_type=\"heading.default\">\n\t\t\t\t<div class=\"elementor-widget-container\">\n\t\t\t<h2 class=\"elementor-heading-title elementor-size-default\">Fun with maths, con David Meseguer<\/h2>\t\t<\/div>\n\t\t\t\t<\/div>\n\t\t\t\t<div class=\"elementor-element elementor-element-14ba978 elementor-widget elementor-widget-text-editor\" data-id=\"14ba978\" data-element_type=\"widget\" data-widget_type=\"text-editor.default\">\n\t\t\t\t<div class=\"elementor-widget-container\">\n\t\t\t\t\t\t\t\t<div class=\"elementor-text-editor elementor-clearfix\">\n\t\t\t\t\t\t\t\t\t<\/div>\n\t\t\t\t\t\t<\/div>\n\t\t\t\t<\/div>\n\t\t\t\t<div class=\"elementor-element elementor-element-78e2536 elementor-widget elementor-widget-text-editor\" data-id=\"78e2536\" data-element_type=\"widget\" data-widget_type=\"text-editor.default\">\n\t\t\t\t<div class=\"elementor-widget-container\">\n\t\t\t\t\t\t\t\t<div class=\"elementor-text-editor elementor-clearfix\">\n\t\t\t\t<p><strong>Exhibici\u00f3n interactiva de matem\u00e1ticas.<\/strong><\/p>\n<p>La Matemagia es el arte de hacer trucos de magia cuya explicaci\u00f3n no se fundamenta en el enga\u00f1o, sino en aplicar reglas, f\u00f3rmulas, procedimientos o l\u00f3gica que\u00a0 proceden de las matem\u00e1ticas. De esta manera, las matem\u00e1ticas pasan de ser algo abstracto y herm\u00e9tico para convertirse en un motivo de juego y de diversi\u00f3n.<\/p>\n<p>El p\u00fablico disfrutar\u00e1 de la sesi\u00f3n acerc\u00e1ndose a las aplicaciones de la matem\u00e1tica en nuestra vida cotidiana: meteorolog\u00eda, encuestas, c\u00f3digos secretos y muchas otras. Se propondr\u00e1n juegos de cartas, puzles matem\u00e1ticos, curiosidades num\u00e9ricas, c\u00e1lculo r\u00e1pido y demostraciones que se resuelvan a trav\u00e9s de juegos y acertijos.<\/p>\n<p><strong>\u00a0<\/strong><\/p>\n<p style=\"font-style: normal; font-variant-ligatures: normal; font-variant-caps: normal; font-weight: 400; font-family: 'PT Sans', sans-serif; font-size: 14px;\"><strong style=\"font-size: 14px;\">\u00a0<\/strong><strong style=\"font-size: 14px;\">ESCENARIO<\/strong><\/p>\n<p style=\"font-style: normal; font-variant-ligatures: normal; font-variant-caps: normal; font-weight: 400; font-family: 'PT Sans', sans-serif; font-size: 14px;\">\u00a0<\/p>\n<p style=\"font-style: normal; font-variant-ligatures: normal; font-variant-caps: normal; font-weight: 400; font-family: 'PT Sans', sans-serif; font-size: 14px;\">\u00a0<\/p>\n<p style=\"font-style: normal; font-variant-ligatures: normal; font-variant-caps: normal; font-weight: 400; font-family: 'PT Sans', sans-serif; font-size: 14px;\">\u00a0<\/p>\n<p style=\"font-style: normal; font-variant-ligatures: normal; font-variant-caps: normal; font-weight: 400; font-family: 'PT Sans', sans-serif; font-size: 14px;\">Viernes 21, a las 10:30, 11:30, 13:00 y 20:00 horas.<\/p>\n<p style=\"font-style: normal; font-variant-ligatures: normal; font-variant-caps: normal; font-weight: 400; font-family: 'PT Sans', sans-serif; font-size: 14px;\">\u00a0<\/p>\n<p style=\"font-style: normal; font-variant-ligatures: normal; font-variant-caps: normal; font-weight: 400; font-family: 'PT Sans', sans-serif; font-size: 14px;\">\u00a0<\/p>\n<p style=\"font-style: normal; font-variant-ligatures: normal; font-variant-caps: normal; font-weight: 400; font-family: 'PT Sans', sans-serif; font-size: 14px;\">S\u00e1bado 22, a las 11.30, 12:30, 17:30, 18:30 y 20:00 horas.<\/p>\n<p style=\"font-style: normal; font-variant-ligatures: normal; font-variant-caps: normal; font-weight: 400; font-family: 'PT Sans', sans-serif; font-size: 14px;\">\u00a0<\/p>\n<p style=\"font-style: normal; font-variant-ligatures: normal; font-variant-caps: normal; font-weight: 400; font-family: 'PT Sans', sans-serif; font-size: 14px;\">\u00a0<\/p>\n<p style=\"font-style: normal; font-variant-ligatures: normal; font-variant-caps: normal; font-weight: 400; font-family: 'PT Sans', sans-serif; font-size: 14px;\">Domingo 23, a las 11:30 horas.<\/p>\n<p style=\"font-style: normal; font-variant-ligatures: normal; font-variant-caps: normal; font-weight: 400; font-family: 'PT Sans', sans-serif; font-size: 14px;\">\u00a0<\/p>\n<p style=\"font-style: normal; font-variant-ligatures: normal; font-variant-caps: normal; font-weight: 400; font-family: 'PT Sans', sans-serif; font-size: 14px;\">\u00a0<\/p>\n<p style=\"font-style: normal; font-variant-ligatures: normal; font-variant-caps: normal; font-weight: 400; font-family: 'PT Sans', sans-serif; font-size: 14px;\"><strong style=\"font-size: 14px;\">PLAT\u00d3<\/strong><\/p>\n<p style=\"font-style: normal; font-variant-ligatures: normal; font-variant-caps: normal; font-weight: 400; font-family: 'PT Sans', sans-serif; font-size: 14px;\">\u00a0<\/p>\n<p style=\"font-style: normal; font-variant-ligatures: normal; font-variant-caps: normal; font-weight: 400; font-family: 'PT Sans', sans-serif; font-size: 14px;\">\u00a0<\/p>\n<p style=\"font-style: normal; font-variant-ligatures: normal; font-variant-caps: normal; font-weight: 400; font-family: 'PT Sans', sans-serif; font-size: 14px;\">Viernes 21, a las 18:00<\/p>\t\t\t\t\t<\/div>\n\t\t\t\t\t\t<\/div>\n\t\t\t\t<\/div>\n\t\t\t\t<div class=\"elementor-element elementor-element-cb79560 elementor-widget elementor-widget-image\" data-id=\"cb79560\" data-element_type=\"widget\" data-widget_type=\"image.default\">\n\t\t\t\t<div class=\"elementor-widget-container\">\n\t\t\t\t\t\t\t\t<div class=\"elementor-image\">\n\t\t\t\t\t\t\t\t\t\t\t\t<img width=\"768\" height=\"513\" src=\"https:\/\/fseneca.es\/secyt22\/wp-content\/uploads\/2022\/10\/Secyt2018-AlfonsoDuran_DSC1071-768x513.jpg\" class=\"attachment-medium_large size-medium_large\" alt=\"\" loading=\"lazy\" srcset=\"https:\/\/fseneca.es\/secyt22\/wp-content\/uploads\/2022\/10\/Secyt2018-AlfonsoDuran_DSC1071-768x513.jpg 768w, https:\/\/fseneca.es\/secyt22\/wp-content\/uploads\/2022\/10\/Secyt2018-AlfonsoDuran_DSC1071-300x200.jpg 300w, https:\/\/fseneca.es\/secyt22\/wp-content\/uploads\/2022\/10\/Secyt2018-AlfonsoDuran_DSC1071-1024x683.jpg 1024w, https:\/\/fseneca.es\/secyt22\/wp-content\/uploads\/2022\/10\/Secyt2018-AlfonsoDuran_DSC1071-1536x1025.jpg 1536w, https:\/\/fseneca.es\/secyt22\/wp-content\/uploads\/2022\/10\/Secyt2018-AlfonsoDuran_DSC1071-2048x1367.jpg 2048w\" sizes=\"(max-width: 768px) 100vw, 768px\" \/>\t\t\t\t\t\t\t\t\t\t\t\t\t\t<\/div>\n\t\t\t\t\t\t<\/div>\n\t\t\t\t<\/div>\n\t\t\t\t<div class=\"elementor-element elementor-element-745c56c elementor-widget elementor-widget-spacer\" data-id=\"745c56c\" data-element_type=\"widget\" data-widget_type=\"spacer.default\">\n\t\t\t\t<div class=\"elementor-widget-container\">\n\t\t\t\t\t<div class=\"elementor-spacer\">\n\t\t\t<div class=\"elementor-spacer-inner\"><\/div>\n\t\t<\/div>\n\t\t\t\t<\/div>\n\t\t\t\t<\/div>\n\t\t\t\t\t\t<\/div>\n\t\t\t\t\t<\/div>\n\t\t<\/div>\n\t\t\t\t\t\t\t\t<\/div>\n\t\t\t\t\t<\/div>\n\t\t<\/section>\n\t\t\t\t<section class=\"elementor-section elementor-top-section elementor-element elementor-element-2482cac elementor-section-boxed elementor-section-height-default elementor-section-height-default\" data-id=\"2482cac\" data-element_type=\"section\">\n\t\t\t\t\t\t<div class=\"elementor-container elementor-column-gap-default\">\n\t\t\t\t\t\t\t<div class=\"elementor-row\">\n\t\t\t\t\t<div class=\"elementor-column elementor-col-100 elementor-top-column elementor-element elementor-element-81cd322\" data-id=\"81cd322\" data-element_type=\"column\">\n\t\t\t<div class=\"elementor-column-wrap elementor-element-populated\">\n\t\t\t\t\t\t\t<div class=\"elementor-widget-wrap\">\n\t\t\t\t\t\t<div class=\"elementor-element elementor-element-e3e7de0 elementor-widget elementor-widget-heading\" data-id=\"e3e7de0\" data-element_type=\"widget\" data-widget_type=\"heading.default\">\n\t\t\t\t<div class=\"elementor-widget-container\">\n\t\t\t<h2 class=\"elementor-heading-title elementor-size-default\">UPCT -Bloopbusters - Cazadores de gazapos tecnol\u00f3gicos<\/h2>\t\t<\/div>\n\t\t\t\t<\/div>\n\t\t\t\t<div class=\"elementor-element elementor-element-440fd83 elementor-widget elementor-widget-text-editor\" data-id=\"440fd83\" data-element_type=\"widget\" data-widget_type=\"text-editor.default\">\n\t\t\t\t<div class=\"elementor-widget-container\">\n\t\t\t\t\t\t\t\t<div class=\"elementor-text-editor elementor-clearfix\">\n\t\t\t\t<p>Se trata de una actuaci\u00f3n donde se muestran los errores y gazapos cient\u00edfico-tecnol\u00f3gicos que se cometen en el Cine mediante la proyecci\u00f3n de escenas de pel\u00edculas. Cada actuaci\u00f3n consiste en la proyecci\u00f3n de escenas de pel\u00edculas que son comentadas por los Bloopbusters, destacando con humor los fallos que se cometen, y explicando por qu\u00e9 no puede suceder lo que se muestra. Al mismo tiempo, se dialoga sobre la ciencia involucrada en la escena con el p\u00fablico, realizando experimentos que ilustran el tema tratado. Se trata, por tanto, de acercar la Ciencia a la sociedad mezclando dos elementos de probado car\u00e1cter did\u00e1ctico, como son las charlas divulgativas y los experimentos did\u00e1cticos con la proyecci\u00f3n de escenas de pel\u00edculas famosas, que otorga un car\u00e1cter innovador y l\u00fadico<\/p>\n<p><b style=\"font-size: 14px;\">PLAT\u00d3<\/b><\/p>\n<p><span style=\"font-size: 14px;\">S\u00e1bado 22 a las 20:00<\/span><\/p>\t\t\t\t\t<\/div>\n\t\t\t\t\t\t<\/div>\n\t\t\t\t<\/div>\n\t\t\t\t<div class=\"elementor-element elementor-element-8a796c3 elementor-widget elementor-widget-image\" data-id=\"8a796c3\" data-element_type=\"widget\" data-widget_type=\"image.default\">\n\t\t\t\t<div class=\"elementor-widget-container\">\n\t\t\t\t\t\t\t\t<div class=\"elementor-image\">\n\t\t\t\t\t\t\t\t\t\t\t\t<img width=\"275\" height=\"183\" src=\"https:\/\/fseneca.es\/secyt22\/wp-content\/uploads\/2022\/10\/bloopbusters.jpeg\" class=\"attachment-medium_large size-medium_large\" alt=\"\" loading=\"lazy\" \/>\t\t\t\t\t\t\t\t\t\t\t\t\t\t<\/div>\n\t\t\t\t\t\t<\/div>\n\t\t\t\t<\/div>\n\t\t\t\t<div class=\"elementor-element elementor-element-b5a9ad8 elementor-widget elementor-widget-spacer\" data-id=\"b5a9ad8\" data-element_type=\"widget\" data-widget_type=\"spacer.default\">\n\t\t\t\t<div class=\"elementor-widget-container\">\n\t\t\t\t\t<div class=\"elementor-spacer\">\n\t\t\t<div class=\"elementor-spacer-inner\"><\/div>\n\t\t<\/div>\n\t\t\t\t<\/div>\n\t\t\t\t<\/div>\n\t\t\t\t\t\t<\/div>\n\t\t\t\t\t<\/div>\n\t\t<\/div>\n\t\t\t\t\t\t\t\t<\/div>\n\t\t\t\t\t<\/div>\n\t\t<\/section>\n\t\t\t\t<section class=\"elementor-section elementor-top-section elementor-element elementor-element-ba70d61 elementor-section-boxed elementor-section-height-default elementor-section-height-default\" data-id=\"ba70d61\" data-element_type=\"section\">\n\t\t\t\t\t\t<div class=\"elementor-container elementor-column-gap-default\">\n\t\t\t\t\t\t\t<div class=\"elementor-row\">\n\t\t\t\t\t<div class=\"elementor-column elementor-col-100 elementor-top-column elementor-element elementor-element-c74623d\" data-id=\"c74623d\" data-element_type=\"column\">\n\t\t\t<div class=\"elementor-column-wrap elementor-element-populated\">\n\t\t\t\t\t\t\t<div class=\"elementor-widget-wrap\">\n\t\t\t\t\t\t<div class=\"elementor-element elementor-element-e50c2af elementor-widget elementor-widget-heading\" data-id=\"e50c2af\" data-element_type=\"widget\" data-widget_type=\"heading.default\">\n\t\t\t\t<div class=\"elementor-widget-container\">\n\t\t\t<h2 class=\"elementor-heading-title elementor-size-default\">Paradojas f\u00edsicas, con Antonio Serrano<\/h2>\t\t<\/div>\n\t\t\t\t<\/div>\n\t\t\t\t<div class=\"elementor-element elementor-element-5d47155 elementor-widget elementor-widget-text-editor\" data-id=\"5d47155\" data-element_type=\"widget\" data-widget_type=\"text-editor.default\">\n\t\t\t\t<div class=\"elementor-widget-container\">\n\t\t\t\t\t\t\t\t<div class=\"elementor-text-editor elementor-clearfix\">\n\t\t\t\t<p>Actuaci\u00f3n cient\u00edfico-educativa,una diversi\u00f3n intelectual interactiva en la que se explica y comenta qu\u00e9 es la ciencia, con demostraciones inusuales y parad\u00f3jicas. Se pretende \u201cdesactivar\u201d las explicaciones basadas en el llamado sentido com\u00fan y que el p\u00fablico salga de la sesi\u00f3n con m\u00e1s preguntas que cuando entr\u00f3.<\/p>\t\t\t\t\t<\/div>\n\t\t\t\t\t\t<\/div>\n\t\t\t\t<\/div>\n\t\t\t\t<div class=\"elementor-element elementor-element-0054752 elementor-widget elementor-widget-text-editor\" data-id=\"0054752\" data-element_type=\"widget\" data-widget_type=\"text-editor.default\">\n\t\t\t\t<div class=\"elementor-widget-container\">\n\t\t\t\t\t\t\t\t<div class=\"elementor-text-editor elementor-clearfix\">\n\t\t\t\t<p><strong>ESCENARIO<\/strong><\/p><p>S\u00e1bado 22 a las 17:15<\/p><p><!-- wp:paragraph --> <!-- \/wp:paragraph --> <!-- wp:paragraph --> <!-- \/wp:paragraph --><\/p><p>Domingo 23 a las 13:00<\/p>\t\t\t\t\t<\/div>\n\t\t\t\t\t\t<\/div>\n\t\t\t\t<\/div>\n\t\t\t\t<div class=\"elementor-element elementor-element-ed00ee4 elementor-widget elementor-widget-spacer\" data-id=\"ed00ee4\" data-element_type=\"widget\" data-widget_type=\"spacer.default\">\n\t\t\t\t<div class=\"elementor-widget-container\">\n\t\t\t\t\t<div class=\"elementor-spacer\">\n\t\t\t<div class=\"elementor-spacer-inner\"><\/div>\n\t\t<\/div>\n\t\t\t\t<\/div>\n\t\t\t\t<\/div>\n\t\t\t\t<div class=\"elementor-element elementor-element-12f819f elementor-widget elementor-widget-image\" data-id=\"12f819f\" data-element_type=\"widget\" data-widget_type=\"image.default\">\n\t\t\t\t<div class=\"elementor-widget-container\">\n\t\t\t\t\t\t\t\t<div class=\"elementor-image\">\n\t\t\t\t\t\t\t\t\t\t\t\t<img width=\"768\" height=\"613\" src=\"https:\/\/fseneca.es\/secyt22\/wp-content\/uploads\/2022\/10\/Antonio-Serrano-2-2-768x613.png\" class=\"attachment-medium_large size-medium_large\" alt=\"\" loading=\"lazy\" srcset=\"https:\/\/fseneca.es\/secyt22\/wp-content\/uploads\/2022\/10\/Antonio-Serrano-2-2-768x613.png 768w, https:\/\/fseneca.es\/secyt22\/wp-content\/uploads\/2022\/10\/Antonio-Serrano-2-2-300x239.png 300w, https:\/\/fseneca.es\/secyt22\/wp-content\/uploads\/2022\/10\/Antonio-Serrano-2-2-1024x817.png 1024w, https:\/\/fseneca.es\/secyt22\/wp-content\/uploads\/2022\/10\/Antonio-Serrano-2-2.png 1163w\" sizes=\"(max-width: 768px) 100vw, 768px\" \/>\t\t\t\t\t\t\t\t\t\t\t\t\t\t<\/div>\n\t\t\t\t\t\t<\/div>\n\t\t\t\t<\/div>\n\t\t\t\t\t\t<\/div>\n\t\t\t\t\t<\/div>\n\t\t<\/div>\n\t\t\t\t\t\t\t\t<\/div>\n\t\t\t\t\t<\/div>\n\t\t<\/section>\n\t\t\t\t<section class=\"elementor-section elementor-top-section elementor-element elementor-element-eef18d4 elementor-section-boxed elementor-section-height-default elementor-section-height-default\" data-id=\"eef18d4\" data-element_type=\"section\">\n\t\t\t\t\t\t<div class=\"elementor-container elementor-column-gap-default\">\n\t\t\t\t\t\t\t<div class=\"elementor-row\">\n\t\t\t\t\t<div class=\"elementor-column elementor-col-100 elementor-top-column elementor-element elementor-element-a44a190\" data-id=\"a44a190\" data-element_type=\"column\">\n\t\t\t<div class=\"elementor-column-wrap elementor-element-populated\">\n\t\t\t\t\t\t\t<div class=\"elementor-widget-wrap\">\n\t\t\t\t\t\t<div class=\"elementor-element elementor-element-1ecaf43 elementor-widget elementor-widget-spacer\" data-id=\"1ecaf43\" data-element_type=\"widget\" data-widget_type=\"spacer.default\">\n\t\t\t\t<div class=\"elementor-widget-container\">\n\t\t\t\t\t<div class=\"elementor-spacer\">\n\t\t\t<div class=\"elementor-spacer-inner\"><\/div>\n\t\t<\/div>\n\t\t\t\t<\/div>\n\t\t\t\t<\/div>\n\t\t\t\t\t\t<\/div>\n\t\t\t\t\t<\/div>\n\t\t<\/div>\n\t\t\t\t\t\t\t\t<\/div>\n\t\t\t\t\t<\/div>\n\t\t<\/section>\n\t\t\t\t\t\t\t\t\t<\/div>\n\t\t\t<\/div>\n\t\t\t\t\t<\/div>\n\t\t","protected":false},"excerpt":{"rendered":"<p>SHOWS EN EL ESCENARIO Fun with maths, con David Meseguer Exhibici\u00f3n interactiva de matem\u00e1ticas. La Matemagia es el arte de hacer trucos de magia cuya explicaci\u00f3n no se fundamenta en el enga\u00f1o, sino en aplicar reglas, f\u00f3rmulas, procedimientos o l\u00f3gica que\u00a0 proceden de las matem\u00e1ticas. De esta manera, las matem\u00e1ticas pasan de ser algo abstracto [&hellip;]<\/p>\n","protected":false},"author":168,"featured_media":13674,"parent":0,"menu_order":0,"comment_status":"closed","ping_status":"closed","template":"","meta":[],"acf":[],"yoast_head":"<!-- This site is optimized with the Yoast SEO plugin v19.7.1 - https:\/\/yoast.com\/wordpress\/plugins\/seo\/ -->\n<title>Shows - SeCyT&#039;22<\/title>\n<meta name=\"robots\" content=\"index, follow, max-snippet:-1, max-image-preview:large, max-video-preview:-1\" \/>\n<link rel=\"canonical\" href=\"https:\/\/fseneca.es\/secyt22\/shows\/\" \/>\n<meta property=\"og:locale\" content=\"es_ES\" \/>\n<meta property=\"og:type\" content=\"article\" \/>\n<meta property=\"og:title\" content=\"Shows - SeCyT&#039;22\" \/>\n<meta property=\"og:description\" content=\"SHOWS EN EL ESCENARIO Fun with maths, con David Meseguer Exhibici\u00f3n interactiva de matem\u00e1ticas. La Matemagia es el arte de hacer trucos de magia cuya explicaci\u00f3n no se fundamenta en el enga\u00f1o, sino en aplicar reglas, f\u00f3rmulas, procedimientos o l\u00f3gica que\u00a0 proceden de las matem\u00e1ticas. De esta manera, las matem\u00e1ticas pasan de ser algo abstracto [&hellip;]\" \/>\n<meta property=\"og:url\" content=\"https:\/\/fseneca.es\/secyt22\/shows\/\" \/>\n<meta property=\"og:site_name\" content=\"SeCyT&#039;22\" \/>\n<meta property=\"article:modified_time\" content=\"2022-10-17T07:16:35+00:00\" \/>\n<meta property=\"og:image\" content=\"http:\/\/fseneca.es\/secyt22\/wp-content\/uploads\/2022\/10\/Secyt2018-AlfonsoDuran_DSC1102-scaled.jpg\" \/>\n\t<meta property=\"og:image:width\" content=\"2560\" \/>\n\t<meta property=\"og:image:height\" content=\"1709\" \/>\n\t<meta property=\"og:image:type\" content=\"image\/jpeg\" \/>\n<meta name=\"twitter:card\" content=\"summary_large_image\" \/>\n<meta name=\"twitter:label1\" content=\"Tiempo de lectura\" \/>\n\t<meta name=\"twitter:data1\" content=\"3 minutos\" \/>\n<script type=\"application\/ld+json\" class=\"yoast-schema-graph\">{\"@context\":\"https:\/\/schema.org\",\"@graph\":[{\"@type\":\"WebPage\",\"@id\":\"https:\/\/fseneca.es\/secyt22\/shows\/\",\"url\":\"https:\/\/fseneca.es\/secyt22\/shows\/\",\"name\":\"Shows - SeCyT&#039;22\",\"isPartOf\":{\"@id\":\"https:\/\/fseneca.es\/secyt22\/#website\"},\"datePublished\":\"2022-10-14T08:33:20+00:00\",\"dateModified\":\"2022-10-17T07:16:35+00:00\",\"breadcrumb\":{\"@id\":\"https:\/\/fseneca.es\/secyt22\/shows\/#breadcrumb\"},\"inLanguage\":\"es\",\"potentialAction\":[{\"@type\":\"ReadAction\",\"target\":[\"https:\/\/fseneca.es\/secyt22\/shows\/\"]}]},{\"@type\":\"BreadcrumbList\",\"@id\":\"https:\/\/fseneca.es\/secyt22\/shows\/#breadcrumb\",\"itemListElement\":[{\"@type\":\"ListItem\",\"position\":1,\"name\":\"Portada\",\"item\":\"https:\/\/fseneca.es\/secyt22\/\"},{\"@type\":\"ListItem\",\"position\":2,\"name\":\"Shows\"}]},{\"@type\":\"WebSite\",\"@id\":\"https:\/\/fseneca.es\/secyt22\/#website\",\"url\":\"https:\/\/fseneca.es\/secyt22\/\",\"name\":\"SeCyT&#039;22\",\"description\":\"Semana de la Ciencia y la Tecnolog\u00eda 2022\",\"potentialAction\":[{\"@type\":\"SearchAction\",\"target\":{\"@type\":\"EntryPoint\",\"urlTemplate\":\"https:\/\/fseneca.es\/secyt22\/?s={search_term_string}\"},\"query-input\":\"required name=search_term_string\"}],\"inLanguage\":\"es\"}]}<\/script>\n<!-- \/ Yoast SEO plugin. -->","yoast_head_json":{"title":"Shows - SeCyT&#039;22","robots":{"index":"index","follow":"follow","max-snippet":"max-snippet:-1","max-image-preview":"max-image-preview:large","max-video-preview":"max-video-preview:-1"},"canonical":"https:\/\/fseneca.es\/secyt22\/shows\/","og_locale":"es_ES","og_type":"article","og_title":"Shows - SeCyT&#039;22","og_description":"SHOWS EN EL ESCENARIO Fun with maths, con David Meseguer Exhibici\u00f3n interactiva de matem\u00e1ticas. La Matemagia es el arte de hacer trucos de magia cuya explicaci\u00f3n no se fundamenta en el enga\u00f1o, sino en aplicar reglas, f\u00f3rmulas, procedimientos o l\u00f3gica que\u00a0 proceden de las matem\u00e1ticas. De esta manera, las matem\u00e1ticas pasan de ser algo abstracto [&hellip;]","og_url":"https:\/\/fseneca.es\/secyt22\/shows\/","og_site_name":"SeCyT&#039;22","article_modified_time":"2022-10-17T07:16:35+00:00","og_image":[{"width":2560,"height":1709,"url":"http:\/\/fseneca.es\/secyt22\/wp-content\/uploads\/2022\/10\/Secyt2018-AlfonsoDuran_DSC1102-scaled.jpg","type":"image\/jpeg"}],"twitter_card":"summary_large_image","twitter_misc":{"Tiempo de lectura":"3 minutos"},"schema":{"@context":"https:\/\/schema.org","@graph":[{"@type":"WebPage","@id":"https:\/\/fseneca.es\/secyt22\/shows\/","url":"https:\/\/fseneca.es\/secyt22\/shows\/","name":"Shows - SeCyT&#039;22","isPartOf":{"@id":"https:\/\/fseneca.es\/secyt22\/#website"},"datePublished":"2022-10-14T08:33:20+00:00","dateModified":"2022-10-17T07:16:35+00:00","breadcrumb":{"@id":"https:\/\/fseneca.es\/secyt22\/shows\/#breadcrumb"},"inLanguage":"es","potentialAction":[{"@type":"ReadAction","target":["https:\/\/fseneca.es\/secyt22\/shows\/"]}]},{"@type":"BreadcrumbList","@id":"https:\/\/fseneca.es\/secyt22\/shows\/#breadcrumb","itemListElement":[{"@type":"ListItem","position":1,"name":"Portada","item":"https:\/\/fseneca.es\/secyt22\/"},{"@type":"ListItem","position":2,"name":"Shows"}]},{"@type":"WebSite","@id":"https:\/\/fseneca.es\/secyt22\/#website","url":"https:\/\/fseneca.es\/secyt22\/","name":"SeCyT&#039;22","description":"Semana de la Ciencia y la Tecnolog\u00eda 2022","potentialAction":[{"@type":"SearchAction","target":{"@type":"EntryPoint","urlTemplate":"https:\/\/fseneca.es\/secyt22\/?s={search_term_string}"},"query-input":"required name=search_term_string"}],"inLanguage":"es"}]}},"_links":{"self":[{"href":"https:\/\/fseneca.es\/secyt22\/wp-json\/wp\/v2\/pages\/13643"}],"collection":[{"href":"https:\/\/fseneca.es\/secyt22\/wp-json\/wp\/v2\/pages"}],"about":[{"href":"https:\/\/fseneca.es\/secyt22\/wp-json\/wp\/v2\/types\/page"}],"author":[{"embeddable":true,"href":"https:\/\/fseneca.es\/secyt22\/wp-json\/wp\/v2\/users\/168"}],"replies":[{"embeddable":true,"href":"https:\/\/fseneca.es\/secyt22\/wp-json\/wp\/v2\/comments?post=13643"}],"version-history":[{"count":27,"href":"https:\/\/fseneca.es\/secyt22\/wp-json\/wp\/v2\/pages\/13643\/revisions"}],"predecessor-version":[{"id":14524,"href":"https:\/\/fseneca.es\/secyt22\/wp-json\/wp\/v2\/pages\/13643\/revisions\/14524"}],"wp:featuredmedia":[{"embeddable":true,"href":"https:\/\/fseneca.es\/secyt22\/wp-json\/wp\/v2\/media\/13674"}],"wp:attachment":[{"href":"https:\/\/fseneca.es\/secyt22\/wp-json\/wp\/v2\/media?parent=13643"}],"curies":[{"name":"wp","href":"https:\/\/api.w.org\/{rel}","templated":true}]}}