{"id":15130,"date":"2023-10-02T09:08:05","date_gmt":"2023-10-02T09:08:05","guid":{"rendered":"https:\/\/fseneca.es\/secyt23\/?page_id=15130"},"modified":"2023-10-16T08:30:07","modified_gmt":"2023-10-16T08:30:07","slug":"shows-en-el-escenario","status":"publish","type":"page","link":"https:\/\/fseneca.es\/secyt23\/shows-en-el-escenario\/","title":{"rendered":"SHOWS EN EL ESCENARIO"},"content":{"rendered":"\t\t<div data-elementor-type=\"wp-page\" data-elementor-id=\"15130\" class=\"elementor elementor-15130\">\n\t\t\t\t\t\t<div class=\"elementor-inner\">\n\t\t\t\t<div class=\"elementor-section-wrap\">\n\t\t\t\t\t\t\t\t\t<section class=\"elementor-section elementor-top-section elementor-element elementor-element-7ba592d elementor-section-full_width elementor-section-height-full elementor-section-height-default elementor-section-items-middle\" data-id=\"7ba592d\" data-element_type=\"section\" data-settings=\"{&quot;background_background&quot;:&quot;classic&quot;}\">\n\t\t\t\t\t\t<div class=\"elementor-container elementor-column-gap-default\">\n\t\t\t\t\t\t\t<div class=\"elementor-row\">\n\t\t\t\t\t<div class=\"elementor-column elementor-col-100 elementor-top-column elementor-element elementor-element-a66a726\" data-id=\"a66a726\" data-element_type=\"column\">\n\t\t\t<div class=\"elementor-column-wrap elementor-element-populated\">\n\t\t\t\t\t\t\t<div class=\"elementor-widget-wrap\">\n\t\t\t\t\t\t<section class=\"elementor-section elementor-inner-section elementor-element elementor-element-ccd7fe0 elementor-section-boxed elementor-section-height-default elementor-section-height-default\" data-id=\"ccd7fe0\" data-element_type=\"section\">\n\t\t\t\t\t\t<div class=\"elementor-container elementor-column-gap-default\">\n\t\t\t\t\t\t\t<div class=\"elementor-row\">\n\t\t\t\t\t<div class=\"elementor-column elementor-col-100 elementor-inner-column elementor-element elementor-element-867c384\" data-id=\"867c384\" data-element_type=\"column\">\n\t\t\t<div class=\"elementor-column-wrap elementor-element-populated\">\n\t\t\t\t\t\t\t<div class=\"elementor-widget-wrap\">\n\t\t\t\t\t\t<div class=\"elementor-element elementor-element-0b3d194 elementor-widget elementor-widget-heading\" data-id=\"0b3d194\" data-element_type=\"widget\" data-widget_type=\"heading.default\">\n\t\t\t\t<div class=\"elementor-widget-container\">\n\t\t\t<h2 class=\"elementor-heading-title elementor-size-default\">SHOWS EN EL ESCENARIO<\/h2>\t\t<\/div>\n\t\t\t\t<\/div>\n\t\t\t\t\t\t<\/div>\n\t\t\t\t\t<\/div>\n\t\t<\/div>\n\t\t\t\t\t\t\t\t<\/div>\n\t\t\t\t\t<\/div>\n\t\t<\/section>\n\t\t\t\t\t\t<\/div>\n\t\t\t\t\t<\/div>\n\t\t<\/div>\n\t\t\t\t\t\t\t\t<\/div>\n\t\t\t\t\t<\/div>\n\t\t<\/section>\n\t\t\t\t<section class=\"elementor-section elementor-top-section elementor-element elementor-element-aa1ae94 elementor-section-boxed elementor-section-height-default elementor-section-height-default\" data-id=\"aa1ae94\" data-element_type=\"section\">\n\t\t\t\t\t\t<div class=\"elementor-container elementor-column-gap-default\">\n\t\t\t\t\t\t\t<div class=\"elementor-row\">\n\t\t\t\t\t<div class=\"elementor-column elementor-col-100 elementor-top-column elementor-element elementor-element-78d3c5c\" data-id=\"78d3c5c\" data-element_type=\"column\">\n\t\t\t<div class=\"elementor-column-wrap elementor-element-populated\">\n\t\t\t\t\t\t\t<div class=\"elementor-widget-wrap\">\n\t\t\t\t\t\t<div class=\"elementor-element elementor-element-60f5656 elementor-widget elementor-widget-spacer\" data-id=\"60f5656\" data-element_type=\"widget\" data-widget_type=\"spacer.default\">\n\t\t\t\t<div class=\"elementor-widget-container\">\n\t\t\t\t\t<div class=\"elementor-spacer\">\n\t\t\t<div class=\"elementor-spacer-inner\"><\/div>\n\t\t<\/div>\n\t\t\t\t<\/div>\n\t\t\t\t<\/div>\n\t\t\t\t\t\t<\/div>\n\t\t\t\t\t<\/div>\n\t\t<\/div>\n\t\t\t\t\t\t\t\t<\/div>\n\t\t\t\t\t<\/div>\n\t\t<\/section>\n\t\t\t\t<section class=\"elementor-section elementor-top-section elementor-element elementor-element-2b3b220 elementor-section-boxed elementor-section-height-default elementor-section-height-default\" data-id=\"2b3b220\" data-element_type=\"section\">\n\t\t\t\t\t\t<div class=\"elementor-container elementor-column-gap-default\">\n\t\t\t\t\t\t\t<div class=\"elementor-row\">\n\t\t\t\t\t<div class=\"elementor-column elementor-col-100 elementor-top-column elementor-element elementor-element-858020c\" data-id=\"858020c\" data-element_type=\"column\">\n\t\t\t<div class=\"elementor-column-wrap\">\n\t\t\t\t\t\t\t<div class=\"elementor-widget-wrap\">\n\t\t\t\t\t\t\t\t<\/div>\n\t\t\t\t\t<\/div>\n\t\t<\/div>\n\t\t\t\t\t\t\t\t<\/div>\n\t\t\t\t\t<\/div>\n\t\t<\/section>\n\t\t\t\t<section class=\"elementor-section elementor-top-section elementor-element elementor-element-de8c7c4 elementor-section-boxed elementor-section-height-default elementor-section-height-default\" data-id=\"de8c7c4\" data-element_type=\"section\">\n\t\t\t\t\t\t<div class=\"elementor-container elementor-column-gap-default\">\n\t\t\t\t\t\t\t<div class=\"elementor-row\">\n\t\t\t\t\t<div class=\"elementor-column elementor-col-50 elementor-top-column elementor-element elementor-element-9502fb6\" data-id=\"9502fb6\" data-element_type=\"column\">\n\t\t\t<div class=\"elementor-column-wrap elementor-element-populated\">\n\t\t\t\t\t\t\t<div class=\"elementor-widget-wrap\">\n\t\t\t\t\t\t<div class=\"elementor-element elementor-element-42c2dfb elementor-widget elementor-widget-heading\" data-id=\"42c2dfb\" data-element_type=\"widget\" data-widget_type=\"heading.default\">\n\t\t\t\t<div class=\"elementor-widget-container\">\n\t\t\t<h2 class=\"elementor-heading-title elementor-size-default\">Detectives de la ciencia. Resolviendo misterios a lo grande, con David Meseguer<\/h2>\t\t<\/div>\n\t\t\t\t<\/div>\n\t\t\t\t<div class=\"elementor-element elementor-element-c2e52f2 elementor-widget elementor-widget-text-editor\" data-id=\"c2e52f2\" data-element_type=\"widget\" data-widget_type=\"text-editor.default\">\n\t\t\t\t<div class=\"elementor-widget-container\">\n\t\t\t\t\t\t\t\t<div class=\"elementor-text-editor elementor-clearfix\">\n\t\t\t\t<p><!-- wp:paragraph --><\/p><p>Los amantes de la ciencia y futuros detectives tendr\u00e1n la oportunidad participar en esta exhibici\u00f3n de experimentos y sumergirse en el emocionante mundo de la ciencia recreativa y la criminal\u00edstica. \u00bfListos para poner la mente a trabajar y resolver un crimen a lo grande? \u00a1Perfecto! Prep\u00e1rense para una presentaci\u00f3n llena de misterio, intriga y, por supuesto, mucha diversi\u00f3n cient\u00edfica.<\/p><p><!-- \/wp:paragraph --> <!-- wp:paragraph --><\/p><p>Escenario B. Viernes 20 a las 11.15, 12:30, 19:00 y 20.15 \/ S\u00e1bado 21 a las 11.30, 13:00, 19:00 y 20.15 \/ Domingo 22 a las 11.30 y 13:00.<\/p><p><!-- \/wp:paragraph --><\/p>\t\t\t\t\t<\/div>\n\t\t\t\t\t\t<\/div>\n\t\t\t\t<\/div>\n\t\t\t\t\t\t<\/div>\n\t\t\t\t\t<\/div>\n\t\t<\/div>\n\t\t\t\t<div class=\"elementor-column elementor-col-50 elementor-top-column elementor-element elementor-element-7db4cb3\" data-id=\"7db4cb3\" data-element_type=\"column\">\n\t\t\t<div class=\"elementor-column-wrap elementor-element-populated\">\n\t\t\t\t\t\t\t<div class=\"elementor-widget-wrap\">\n\t\t\t\t\t\t<div class=\"elementor-element elementor-element-31f4743 elementor-widget elementor-widget-image\" data-id=\"31f4743\" data-element_type=\"widget\" data-widget_type=\"image.default\">\n\t\t\t\t<div class=\"elementor-widget-container\">\n\t\t\t\t\t\t\t\t<div class=\"elementor-image\">\n\t\t\t\t\t\t\t\t\t\t\t\t<img decoding=\"async\" width=\"788\" height=\"525\" src=\"https:\/\/fseneca.es\/secyt23\/wp-content\/uploads\/2023\/10\/David-Meseger_show.jpg\" class=\"attachment-large size-large wp-image-15140\" alt=\"\" loading=\"lazy\" srcset=\"https:\/\/fseneca.es\/secyt23\/wp-content\/uploads\/2023\/10\/David-Meseger_show.jpg 788w, https:\/\/fseneca.es\/secyt23\/wp-content\/uploads\/2023\/10\/David-Meseger_show-300x200.jpg 300w, https:\/\/fseneca.es\/secyt23\/wp-content\/uploads\/2023\/10\/David-Meseger_show-768x512.jpg 768w\" sizes=\"(max-width: 788px) 100vw, 788px\" \/>\t\t\t\t\t\t\t\t\t\t\t\t\t\t<\/div>\n\t\t\t\t\t\t<\/div>\n\t\t\t\t<\/div>\n\t\t\t\t\t\t<\/div>\n\t\t\t\t\t<\/div>\n\t\t<\/div>\n\t\t\t\t\t\t\t\t<\/div>\n\t\t\t\t\t<\/div>\n\t\t<\/section>\n\t\t\t\t<section class=\"elementor-section elementor-top-section elementor-element elementor-element-03d0f3a elementor-section-boxed elementor-section-height-default elementor-section-height-default\" data-id=\"03d0f3a\" data-element_type=\"section\">\n\t\t\t\t\t\t<div class=\"elementor-container elementor-column-gap-default\">\n\t\t\t\t\t\t\t<div class=\"elementor-row\">\n\t\t\t\t\t<div class=\"elementor-column elementor-col-100 elementor-top-column elementor-element elementor-element-55e2595\" data-id=\"55e2595\" data-element_type=\"column\">\n\t\t\t<div class=\"elementor-column-wrap elementor-element-populated\">\n\t\t\t\t\t\t\t<div class=\"elementor-widget-wrap\">\n\t\t\t\t\t\t<div class=\"elementor-element elementor-element-35ac3af elementor-widget elementor-widget-spacer\" data-id=\"35ac3af\" data-element_type=\"widget\" data-widget_type=\"spacer.default\">\n\t\t\t\t<div class=\"elementor-widget-container\">\n\t\t\t\t\t<div class=\"elementor-spacer\">\n\t\t\t<div class=\"elementor-spacer-inner\"><\/div>\n\t\t<\/div>\n\t\t\t\t<\/div>\n\t\t\t\t<\/div>\n\t\t\t\t\t\t<\/div>\n\t\t\t\t\t<\/div>\n\t\t<\/div>\n\t\t\t\t\t\t\t\t<\/div>\n\t\t\t\t\t<\/div>\n\t\t<\/section>\n\t\t\t\t<section class=\"elementor-section elementor-top-section elementor-element elementor-element-2359a1c elementor-section-boxed elementor-section-height-default elementor-section-height-default\" data-id=\"2359a1c\" data-element_type=\"section\">\n\t\t\t\t\t\t<div class=\"elementor-container elementor-column-gap-default\">\n\t\t\t\t\t\t\t<div class=\"elementor-row\">\n\t\t\t\t\t<div class=\"elementor-column elementor-col-50 elementor-top-column elementor-element elementor-element-6a725b9\" data-id=\"6a725b9\" data-element_type=\"column\">\n\t\t\t<div class=\"elementor-column-wrap elementor-element-populated\">\n\t\t\t\t\t\t\t<div class=\"elementor-widget-wrap\">\n\t\t\t\t\t\t<div class=\"elementor-element elementor-element-cae1533 elementor-widget elementor-widget-heading\" data-id=\"cae1533\" data-element_type=\"widget\" data-widget_type=\"heading.default\">\n\t\t\t\t<div class=\"elementor-widget-container\">\n\t\t\t<h2 class=\"elementor-heading-title elementor-size-default\">Paradojas f\u00edsicas y Experimentos cient\u00edficos del Siglo XVII, con Antonio Serrano<\/h2>\t\t<\/div>\n\t\t\t\t<\/div>\n\t\t\t\t<div class=\"elementor-element elementor-element-3b3a38e elementor-widget elementor-widget-text-editor\" data-id=\"3b3a38e\" data-element_type=\"widget\" data-widget_type=\"text-editor.default\">\n\t\t\t\t<div class=\"elementor-widget-container\">\n\t\t\t\t\t\t\t\t<div class=\"elementor-text-editor elementor-clearfix\">\n\t\t\t\t<p><!-- wp:paragraph --><\/p><p><!-- wp:paragraph --><\/p><p>Actuaci\u00f3n cient\u00edfico-educativa, una diversi\u00f3n intelectual interactiva en la que explicamos y comentamos qu\u00e9 es la ciencia, con demostraciones inusuales y parad\u00f3jicas. Se pretende \u201cdesactivar\u201d las explicaciones basadas en el llamado sentido com\u00fan y que el p\u00fablico salga de la sesi\u00f3n con m\u00e1s preguntas que cuando entr\u00f3. Recreaciones de demostraciones de Galileo Galilei.<\/p><p><!-- \/wp:paragraph --> <!-- wp:paragraph --><\/p><p>Escanario B. Viernes 20 a las 17:00 y s\u00e1bado 21 as las 17:00<\/p><p><!-- \/wp:paragraph --><\/p><p><!-- \/wp:paragraph --><\/p>\t\t\t\t\t<\/div>\n\t\t\t\t\t\t<\/div>\n\t\t\t\t<\/div>\n\t\t\t\t\t\t<\/div>\n\t\t\t\t\t<\/div>\n\t\t<\/div>\n\t\t\t\t<div class=\"elementor-column elementor-col-50 elementor-top-column elementor-element elementor-element-4802643\" data-id=\"4802643\" data-element_type=\"column\">\n\t\t\t<div class=\"elementor-column-wrap elementor-element-populated\">\n\t\t\t\t\t\t\t<div class=\"elementor-widget-wrap\">\n\t\t\t\t\t\t<div class=\"elementor-element elementor-element-63e3f62 elementor-widget elementor-widget-image\" data-id=\"63e3f62\" data-element_type=\"widget\" data-widget_type=\"image.default\">\n\t\t\t\t<div class=\"elementor-widget-container\">\n\t\t\t\t\t\t\t\t<div class=\"elementor-image\">\n\t\t\t\t\t\t\t\t\t\t\t\t<img decoding=\"async\" width=\"1024\" height=\"768\" src=\"https:\/\/fseneca.es\/secyt23\/wp-content\/uploads\/2023\/10\/antonio-serrano-1024x768.jpg\" class=\"attachment-large size-large wp-image-15139\" alt=\"\" loading=\"lazy\" srcset=\"https:\/\/fseneca.es\/secyt23\/wp-content\/uploads\/2023\/10\/antonio-serrano-1024x768.jpg 1024w, https:\/\/fseneca.es\/secyt23\/wp-content\/uploads\/2023\/10\/antonio-serrano-300x225.jpg 300w, https:\/\/fseneca.es\/secyt23\/wp-content\/uploads\/2023\/10\/antonio-serrano-768x576.jpg 768w, https:\/\/fseneca.es\/secyt23\/wp-content\/uploads\/2023\/10\/antonio-serrano-1536x1152.jpg 1536w, https:\/\/fseneca.es\/secyt23\/wp-content\/uploads\/2023\/10\/antonio-serrano.jpg 2048w\" sizes=\"(max-width: 1024px) 100vw, 1024px\" \/>\t\t\t\t\t\t\t\t\t\t\t\t\t\t<\/div>\n\t\t\t\t\t\t<\/div>\n\t\t\t\t<\/div>\n\t\t\t\t\t\t<\/div>\n\t\t\t\t\t<\/div>\n\t\t<\/div>\n\t\t\t\t\t\t\t\t<\/div>\n\t\t\t\t\t<\/div>\n\t\t<\/section>\n\t\t\t\t\t\t\t\t\t<\/div>\n\t\t\t<\/div>\n\t\t\t\t\t<\/div>\n\t\t","protected":false},"excerpt":{"rendered":"<p>SHOWS EN EL ESCENARIO Detectives de la ciencia. Resolviendo misterios a lo grande, con David Meseguer Los amantes de la ciencia y futuros detectives tendr\u00e1n la oportunidad participar en esta exhibici\u00f3n de experimentos y sumergirse en el emocionante mundo de la ciencia recreativa y la criminal\u00edstica. \u00bfListos para poner la mente a trabajar y resolver [&hellip;]<\/p>\n","protected":false},"author":168,"featured_media":15068,"parent":0,"menu_order":0,"comment_status":"closed","ping_status":"closed","template":"","meta":[],"acf":[],"_links":{"self":[{"href":"https:\/\/fseneca.es\/secyt23\/wp-json\/wp\/v2\/pages\/15130"}],"collection":[{"href":"https:\/\/fseneca.es\/secyt23\/wp-json\/wp\/v2\/pages"}],"about":[{"href":"https:\/\/fseneca.es\/secyt23\/wp-json\/wp\/v2\/types\/page"}],"author":[{"embeddable":true,"href":"https:\/\/fseneca.es\/secyt23\/wp-json\/wp\/v2\/users\/168"}],"replies":[{"embeddable":true,"href":"https:\/\/fseneca.es\/secyt23\/wp-json\/wp\/v2\/comments?post=15130"}],"version-history":[{"count":13,"href":"https:\/\/fseneca.es\/secyt23\/wp-json\/wp\/v2\/pages\/15130\/revisions"}],"predecessor-version":[{"id":15606,"href":"https:\/\/fseneca.es\/secyt23\/wp-json\/wp\/v2\/pages\/15130\/revisions\/15606"}],"wp:featuredmedia":[{"embeddable":true,"href":"https:\/\/fseneca.es\/secyt23\/wp-json\/wp\/v2\/media\/15068"}],"wp:attachment":[{"href":"https:\/\/fseneca.es\/secyt23\/wp-json\/wp\/v2\/media?parent=15130"}],"curies":[{"name":"wp","href":"https:\/\/api.w.org\/{rel}","templated":true}]}}