{"id":15168,"date":"2023-10-03T07:10:48","date_gmt":"2023-10-03T07:10:48","guid":{"rendered":"https:\/\/fseneca.es\/secyt23\/?page_id=15168"},"modified":"2023-10-10T09:06:40","modified_gmt":"2023-10-10T09:06:40","slug":"plato","status":"publish","type":"page","link":"https:\/\/fseneca.es\/secyt23\/plato\/","title":{"rendered":"PLAT\u00d3"},"content":{"rendered":"\t\t<div data-elementor-type=\"wp-page\" data-elementor-id=\"15168\" class=\"elementor elementor-15168\">\n\t\t\t\t\t\t<div class=\"elementor-inner\">\n\t\t\t\t<div class=\"elementor-section-wrap\">\n\t\t\t\t\t\t\t\t\t<section class=\"elementor-section elementor-top-section elementor-element elementor-element-cc04df3 elementor-section-full_width elementor-section-height-full elementor-section-height-default elementor-section-items-middle\" data-id=\"cc04df3\" data-element_type=\"section\" data-settings=\"{&quot;background_background&quot;:&quot;classic&quot;}\">\n\t\t\t\t\t\t<div class=\"elementor-container elementor-column-gap-default\">\n\t\t\t\t\t\t\t<div class=\"elementor-row\">\n\t\t\t\t\t<div class=\"elementor-column elementor-col-100 elementor-top-column elementor-element elementor-element-4bf8dcd\" data-id=\"4bf8dcd\" data-element_type=\"column\">\n\t\t\t<div class=\"elementor-column-wrap elementor-element-populated\">\n\t\t\t\t\t\t\t<div class=\"elementor-widget-wrap\">\n\t\t\t\t\t\t<section class=\"elementor-section elementor-inner-section elementor-element elementor-element-6cfcc7d elementor-section-boxed elementor-section-height-default elementor-section-height-default\" data-id=\"6cfcc7d\" data-element_type=\"section\">\n\t\t\t\t\t\t<div class=\"elementor-container elementor-column-gap-default\">\n\t\t\t\t\t\t\t<div class=\"elementor-row\">\n\t\t\t\t\t<div class=\"elementor-column elementor-col-100 elementor-inner-column elementor-element elementor-element-6ddb3a9\" data-id=\"6ddb3a9\" data-element_type=\"column\">\n\t\t\t<div class=\"elementor-column-wrap elementor-element-populated\">\n\t\t\t\t\t\t\t<div class=\"elementor-widget-wrap\">\n\t\t\t\t\t\t<div class=\"elementor-element elementor-element-c3989d8 elementor-widget elementor-widget-heading\" data-id=\"c3989d8\" data-element_type=\"widget\" data-widget_type=\"heading.default\">\n\t\t\t\t<div class=\"elementor-widget-container\">\n\t\t\t<h2 class=\"elementor-heading-title elementor-size-default\">LA CIENCIA A ESCENA<\/h2>\t\t<\/div>\n\t\t\t\t<\/div>\n\t\t\t\t\t\t<\/div>\n\t\t\t\t\t<\/div>\n\t\t<\/div>\n\t\t\t\t\t\t\t\t<\/div>\n\t\t\t\t\t<\/div>\n\t\t<\/section>\n\t\t\t\t<section class=\"elementor-section elementor-inner-section elementor-element elementor-element-9ff6af1 elementor-section-boxed elementor-section-height-default elementor-section-height-default\" data-id=\"9ff6af1\" data-element_type=\"section\">\n\t\t\t\t\t\t<div class=\"elementor-container elementor-column-gap-default\">\n\t\t\t\t\t\t\t<div class=\"elementor-row\">\n\t\t\t\t\t<div class=\"elementor-column elementor-col-100 elementor-inner-column elementor-element elementor-element-dcddb2b\" data-id=\"dcddb2b\" data-element_type=\"column\">\n\t\t\t<div class=\"elementor-column-wrap elementor-element-populated\">\n\t\t\t\t\t\t\t<div class=\"elementor-widget-wrap\">\n\t\t\t\t\t\t<div class=\"elementor-element elementor-element-cef15b1 elementor-widget elementor-widget-heading\" data-id=\"cef15b1\" data-element_type=\"widget\" data-widget_type=\"heading.default\">\n\t\t\t\t<div class=\"elementor-widget-container\">\n\t\t\t<h2 class=\"elementor-heading-title elementor-size-default\">PLAT\u00d3<\/h2>\t\t<\/div>\n\t\t\t\t<\/div>\n\t\t\t\t\t\t<\/div>\n\t\t\t\t\t<\/div>\n\t\t<\/div>\n\t\t\t\t\t\t\t\t<\/div>\n\t\t\t\t\t<\/div>\n\t\t<\/section>\n\t\t\t\t\t\t<\/div>\n\t\t\t\t\t<\/div>\n\t\t<\/div>\n\t\t\t\t\t\t\t\t<\/div>\n\t\t\t\t\t<\/div>\n\t\t<\/section>\n\t\t\t\t<section class=\"elementor-section elementor-top-section elementor-element elementor-element-064b50d elementor-section-boxed elementor-section-height-default elementor-section-height-default\" data-id=\"064b50d\" data-element_type=\"section\">\n\t\t\t\t\t\t<div class=\"elementor-container elementor-column-gap-default\">\n\t\t\t\t\t\t\t<div class=\"elementor-row\">\n\t\t\t\t\t<div class=\"elementor-column elementor-col-100 elementor-top-column elementor-element elementor-element-92b9bb3\" data-id=\"92b9bb3\" data-element_type=\"column\">\n\t\t\t<div class=\"elementor-column-wrap\">\n\t\t\t\t\t\t\t<div class=\"elementor-widget-wrap\">\n\t\t\t\t\t\t\t\t<\/div>\n\t\t\t\t\t<\/div>\n\t\t<\/div>\n\t\t\t\t\t\t\t\t<\/div>\n\t\t\t\t\t<\/div>\n\t\t<\/section>\n\t\t\t\t<section class=\"elementor-section elementor-top-section elementor-element elementor-element-f2e4a84 elementor-section-boxed elementor-section-height-default elementor-section-height-default\" data-id=\"f2e4a84\" data-element_type=\"section\">\n\t\t\t\t\t\t<div class=\"elementor-container elementor-column-gap-default\">\n\t\t\t\t\t\t\t<div class=\"elementor-row\">\n\t\t\t\t\t<div class=\"elementor-column elementor-col-100 elementor-top-column elementor-element elementor-element-a13c313\" data-id=\"a13c313\" data-element_type=\"column\">\n\t\t\t<div class=\"elementor-column-wrap elementor-element-populated\">\n\t\t\t\t\t\t\t<div class=\"elementor-widget-wrap\">\n\t\t\t\t\t\t<div class=\"elementor-element elementor-element-64713a6 elementor-widget elementor-widget-spacer\" data-id=\"64713a6\" data-element_type=\"widget\" data-widget_type=\"spacer.default\">\n\t\t\t\t<div class=\"elementor-widget-container\">\n\t\t\t\t\t<div class=\"elementor-spacer\">\n\t\t\t<div class=\"elementor-spacer-inner\"><\/div>\n\t\t<\/div>\n\t\t\t\t<\/div>\n\t\t\t\t<\/div>\n\t\t\t\t<section class=\"elementor-section elementor-inner-section elementor-element elementor-element-99fc44b elementor-section-boxed elementor-section-height-default elementor-section-height-default\" data-id=\"99fc44b\" data-element_type=\"section\">\n\t\t\t\t\t\t<div class=\"elementor-container elementor-column-gap-default\">\n\t\t\t\t\t\t\t<div class=\"elementor-row\">\n\t\t\t\t\t<div class=\"elementor-column elementor-col-50 elementor-inner-column elementor-element elementor-element-b510a29\" data-id=\"b510a29\" data-element_type=\"column\">\n\t\t\t<div class=\"elementor-column-wrap elementor-element-populated\">\n\t\t\t\t\t\t\t<div class=\"elementor-widget-wrap\">\n\t\t\t\t\t\t<div class=\"elementor-element elementor-element-a845b70 elementor-widget elementor-widget-heading\" data-id=\"a845b70\" data-element_type=\"widget\" data-widget_type=\"heading.default\">\n\t\t\t\t<div class=\"elementor-widget-container\">\n\t\t\t<h2 class=\"elementor-heading-title elementor-size-default\">PROGRAMA DE RADIO EN DIRECTO<\/h2>\t\t<\/div>\n\t\t\t\t<\/div>\n\t\t\t\t<div class=\"elementor-element elementor-element-11fe8e1 elementor-widget__width-initial elementor-widget elementor-widget-text-editor\" data-id=\"11fe8e1\" data-element_type=\"widget\" data-widget_type=\"text-editor.default\">\n\t\t\t\t<div class=\"elementor-widget-container\">\n\t\t\t\t\t\t\t\t<div class=\"elementor-text-editor elementor-clearfix\">\n\t\t\t\t<p><strong style=\"font-size: 16px;\">Ra\u00edz de 5, especial 8 temporadas programas<\/strong><\/p><p>Ra\u00edz de 5, especial 8 temporadas programas Es el primer programa de matem\u00e1ticas en la radio espa\u00f1ola y cumplimos 8 temporadas en emisi\u00f3n, m\u00e1s de 400 programas de andadura entre la historia matem\u00e1tica y entrevistas a los mejores matem\u00e1ticos actuales. Entrevista con p\u00fablico, mon\u00f3logo y entrevista a un cient\u00edfico.<\/p><p>Con actuaci\u00f3n musical en directo.<\/p><p><a href=\"https:\/\/www.rtve.es\/play\/audios\/raiz-de-5\/\">https:\/\/www.rtve.es\/play\/audios\/raiz-de-5\/<\/a><\/p><p>S\u00e1bado 21 a las 12:00 h y domingo 22 a las 12:00 h\u00a0<\/p>\t\t\t\t\t<\/div>\n\t\t\t\t\t\t<\/div>\n\t\t\t\t<\/div>\n\t\t\t\t\t\t<\/div>\n\t\t\t\t\t<\/div>\n\t\t<\/div>\n\t\t\t\t<div class=\"elementor-column elementor-col-50 elementor-inner-column elementor-element elementor-element-0d190e5\" data-id=\"0d190e5\" data-element_type=\"column\">\n\t\t\t<div class=\"elementor-column-wrap elementor-element-populated\">\n\t\t\t\t\t\t\t<div class=\"elementor-widget-wrap\">\n\t\t\t\t\t\t<div class=\"elementor-element elementor-element-ec9a652 elementor-widget elementor-widget-image\" data-id=\"ec9a652\" data-element_type=\"widget\" data-widget_type=\"image.default\">\n\t\t\t\t<div class=\"elementor-widget-container\">\n\t\t\t\t\t\t\t\t<div class=\"elementor-image\">\n\t\t\t\t\t\t\t\t\t\t\t\t<img decoding=\"async\" width=\"1024\" height=\"683\" src=\"https:\/\/fseneca.es\/secyt23\/wp-content\/uploads\/2023\/10\/DSC3729-1024x683.jpg\" class=\"attachment-large size-large wp-image-15306\" alt=\"\" loading=\"lazy\" srcset=\"https:\/\/fseneca.es\/secyt23\/wp-content\/uploads\/2023\/10\/DSC3729-1024x683.jpg 1024w, https:\/\/fseneca.es\/secyt23\/wp-content\/uploads\/2023\/10\/DSC3729-300x200.jpg 300w, https:\/\/fseneca.es\/secyt23\/wp-content\/uploads\/2023\/10\/DSC3729-768x512.jpg 768w, https:\/\/fseneca.es\/secyt23\/wp-content\/uploads\/2023\/10\/DSC3729-1536x1024.jpg 1536w, https:\/\/fseneca.es\/secyt23\/wp-content\/uploads\/2023\/10\/DSC3729-2048x1365.jpg 2048w\" sizes=\"(max-width: 1024px) 100vw, 1024px\" \/>\t\t\t\t\t\t\t\t\t\t\t\t\t\t<\/div>\n\t\t\t\t\t\t<\/div>\n\t\t\t\t<\/div>\n\t\t\t\t\t\t<\/div>\n\t\t\t\t\t<\/div>\n\t\t<\/div>\n\t\t\t\t\t\t\t\t<\/div>\n\t\t\t\t\t<\/div>\n\t\t<\/section>\n\t\t\t\t<section class=\"elementor-section elementor-inner-section elementor-element elementor-element-b81cd40 elementor-section-boxed elementor-section-height-default elementor-section-height-default\" data-id=\"b81cd40\" data-element_type=\"section\">\n\t\t\t\t\t\t<div class=\"elementor-container elementor-column-gap-default\">\n\t\t\t\t\t\t\t<div class=\"elementor-row\">\n\t\t\t\t\t<div class=\"elementor-column elementor-col-100 elementor-inner-column elementor-element elementor-element-110b015\" data-id=\"110b015\" data-element_type=\"column\">\n\t\t\t<div class=\"elementor-column-wrap elementor-element-populated\">\n\t\t\t\t\t\t\t<div class=\"elementor-widget-wrap\">\n\t\t\t\t\t\t<div class=\"elementor-element elementor-element-686a253 elementor-widget elementor-widget-heading\" data-id=\"686a253\" data-element_type=\"widget\" data-widget_type=\"heading.default\">\n\t\t\t\t<div class=\"elementor-widget-container\">\n\t\t\t<h2 class=\"elementor-heading-title elementor-size-default\">GALILEO SUPERSTAR, el musical<\/h2>\t\t<\/div>\n\t\t\t\t<\/div>\n\t\t\t\t<div class=\"elementor-element elementor-element-d115b9e elementor-widget__width-initial elementor-widget elementor-widget-text-editor\" data-id=\"d115b9e\" data-element_type=\"widget\" data-widget_type=\"text-editor.default\">\n\t\t\t\t<div class=\"elementor-widget-container\">\n\t\t\t\t\t\t\t\t<div class=\"elementor-text-editor elementor-clearfix\">\n\t\t\t\t<div class=\"\"><div class=\"\" dir=\"ltr\"><div class=\"\"><p>Especial estreno del musical de Galileo Superstar, donde Galileo nos contar\u00e1 la creaci\u00f3n de la ciencia moderna, con el conflicto entre el esp\u00edritu cr\u00edtico y la tradici\u00f3n. Galileo Galilei muestra juegos cient\u00edficos con p\u00fablico para demostrar las maravillas de la ciencia emp\u00edrica y la ciencia m\u00e1s b\u00e1sica en la que est\u00e1 escrita el Universo: las matem\u00e1ticas<\/p><div>S\u00e1bado 21 a las 20:00 h y domingo 22 a las 13:00<\/div><\/div><p style=\"margin: 0cm 0cm 6pt; font-size: 12pt; font-family: 'Times New Roman', serif; font-style: normal; font-variant-ligatures: normal; font-variant-caps: normal; font-weight: 400; line-height: 18.4px;\">\u00a0<\/p><\/div><\/div>\t\t\t\t\t<\/div>\n\t\t\t\t\t\t<\/div>\n\t\t\t\t<\/div>\n\t\t\t\t\t\t<\/div>\n\t\t\t\t\t<\/div>\n\t\t<\/div>\n\t\t\t\t\t\t\t\t<\/div>\n\t\t\t\t\t<\/div>\n\t\t<\/section>\n\t\t\t\t<section class=\"elementor-section elementor-inner-section elementor-element elementor-element-d1da64d elementor-section-boxed elementor-section-height-default elementor-section-height-default\" data-id=\"d1da64d\" data-element_type=\"section\">\n\t\t\t\t\t\t<div class=\"elementor-container elementor-column-gap-default\">\n\t\t\t\t\t\t\t<div class=\"elementor-row\">\n\t\t\t\t\t<div class=\"elementor-column elementor-col-50 elementor-inner-column elementor-element elementor-element-2357e04\" data-id=\"2357e04\" data-element_type=\"column\">\n\t\t\t<div class=\"elementor-column-wrap elementor-element-populated\">\n\t\t\t\t\t\t\t<div class=\"elementor-widget-wrap\">\n\t\t\t\t\t\t<div class=\"elementor-element elementor-element-7951eee elementor-widget elementor-widget-image\" data-id=\"7951eee\" data-element_type=\"widget\" data-widget_type=\"image.default\">\n\t\t\t\t<div class=\"elementor-widget-container\">\n\t\t\t\t\t\t\t\t<div class=\"elementor-image\">\n\t\t\t\t\t\t\t\t\t\t\t\t<img decoding=\"async\" width=\"1024\" height=\"738\" src=\"https:\/\/fseneca.es\/secyt23\/wp-content\/uploads\/2023\/10\/IMG_3267-1024x738.jpg\" class=\"attachment-large size-large wp-image-15292\" alt=\"\" loading=\"lazy\" srcset=\"https:\/\/fseneca.es\/secyt23\/wp-content\/uploads\/2023\/10\/IMG_3267-1024x738.jpg 1024w, https:\/\/fseneca.es\/secyt23\/wp-content\/uploads\/2023\/10\/IMG_3267-300x216.jpg 300w, https:\/\/fseneca.es\/secyt23\/wp-content\/uploads\/2023\/10\/IMG_3267-768x553.jpg 768w, https:\/\/fseneca.es\/secyt23\/wp-content\/uploads\/2023\/10\/IMG_3267.jpg 1403w\" sizes=\"(max-width: 1024px) 100vw, 1024px\" \/>\t\t\t\t\t\t\t\t\t\t\t\t\t\t<\/div>\n\t\t\t\t\t\t<\/div>\n\t\t\t\t<\/div>\n\t\t\t\t\t\t<\/div>\n\t\t\t\t\t<\/div>\n\t\t<\/div>\n\t\t\t\t<div class=\"elementor-column elementor-col-50 elementor-inner-column elementor-element elementor-element-9e84bfd\" data-id=\"9e84bfd\" data-element_type=\"column\">\n\t\t\t<div class=\"elementor-column-wrap elementor-element-populated\">\n\t\t\t\t\t\t\t<div class=\"elementor-widget-wrap\">\n\t\t\t\t\t\t<div class=\"elementor-element elementor-element-c2e9ee6 elementor-widget elementor-widget-heading\" data-id=\"c2e9ee6\" data-element_type=\"widget\" data-widget_type=\"heading.default\">\n\t\t\t\t<div class=\"elementor-widget-container\">\n\t\t\t<h2 class=\"elementor-heading-title elementor-size-default\">MON\u00d3LOGOS CIENT\u00cdFICOS<\/h2>\t\t<\/div>\n\t\t\t\t<\/div>\n\t\t\t\t<div class=\"elementor-element elementor-element-262ddf8 elementor-widget elementor-widget-text-editor\" data-id=\"262ddf8\" data-element_type=\"widget\" data-widget_type=\"text-editor.default\">\n\t\t\t\t<div class=\"elementor-widget-container\">\n\t\t\t\t\t\t\t\t<div class=\"elementor-text-editor elementor-clearfix\">\n\t\t\t\t<div class=\"\"><div class=\"\" dir=\"ltr\"><div class=\"\">Concurso de mon\u00f3logos cient\u00edficos con alumnos de secundaria. Los mejores mon\u00f3logos cient\u00edficos de los estudiantes de Secundaria de la Regi\u00f3n de Murcia, organizado por el IES Floridablanca, que propone esta muestra de su Semana de la Ciencia. Estos son los mejores futuros divulgadores cient\u00edficos de nuestra Regi\u00f3n, ojo, o\u00eddo y muchos cerebro con ell@s. Presenta Santi Garc\u00eda Cremades.<\/div><div class=\"\">\u00a0<\/div><\/div><\/div><p>S\u00e1bado 21 a las 19:00h<\/p>\t\t\t\t\t<\/div>\n\t\t\t\t\t\t<\/div>\n\t\t\t\t<\/div>\n\t\t\t\t\t\t<\/div>\n\t\t\t\t\t<\/div>\n\t\t<\/div>\n\t\t\t\t\t\t\t\t<\/div>\n\t\t\t\t\t<\/div>\n\t\t<\/section>\n\t\t\t\t<section class=\"elementor-section elementor-inner-section elementor-element elementor-element-a1309df elementor-section-boxed elementor-section-height-default elementor-section-height-default\" data-id=\"a1309df\" data-element_type=\"section\">\n\t\t\t\t\t\t<div class=\"elementor-container elementor-column-gap-default\">\n\t\t\t\t\t\t\t<div class=\"elementor-row\">\n\t\t\t\t\t<div class=\"elementor-column elementor-col-100 elementor-inner-column elementor-element elementor-element-a4f7ffa\" data-id=\"a4f7ffa\" data-element_type=\"column\">\n\t\t\t<div class=\"elementor-column-wrap elementor-element-populated\">\n\t\t\t\t\t\t\t<div class=\"elementor-widget-wrap\">\n\t\t\t\t\t\t<div class=\"elementor-element elementor-element-743942e elementor-widget elementor-widget-heading\" data-id=\"743942e\" data-element_type=\"widget\" data-widget_type=\"heading.default\">\n\t\t\t\t<div class=\"elementor-widget-container\">\n\t\t\t<h2 class=\"elementor-heading-title elementor-size-default\">SHOW DE CIENCIA: M\u00daSICA, COPLA Y EXTRATERRESTRES<\/h2>\t\t<\/div>\n\t\t\t\t<\/div>\n\t\t\t\t<div class=\"elementor-element elementor-element-0b39dbb elementor-widget elementor-widget-text-editor\" data-id=\"0b39dbb\" data-element_type=\"widget\" data-widget_type=\"text-editor.default\">\n\t\t\t\t<div class=\"elementor-widget-container\">\n\t\t\t\t\t\t\t\t<div class=\"elementor-text-editor elementor-clearfix\">\n\t\t\t\t<div class=\"\"><div class=\"\" dir=\"ltr\"><div class=\"\"><div class=\"\"><div class=\"\" dir=\"ltr\"><div class=\"\">Un espect\u00e1culo de ciencia y humor, con Manuel Gonz\u00e1lez, Miguel Abril y Santi Garc\u00eda Cremades, donde nos cantar\u00e1n y contar\u00e1n la historia de las estrellas, la vida extraterrestre y c\u00f3mo comunicarse con un alien\u00edgena a trav\u00e9s de las matem\u00e1ticas. Mon\u00f3logos cient\u00edficos, como nunca los hab\u00edas visto.<\/div><div class=\"\"><br class=\"\" \/><span class=\"\">Viernes 20 a las 20:00h y s\u00e1bado a las 13:00h<\/span><\/div><\/div><\/div><\/div><\/div><\/div>\t\t\t\t\t<\/div>\n\t\t\t\t\t\t<\/div>\n\t\t\t\t<\/div>\n\t\t\t\t\t\t<\/div>\n\t\t\t\t\t<\/div>\n\t\t<\/div>\n\t\t\t\t\t\t\t\t<\/div>\n\t\t\t\t\t<\/div>\n\t\t<\/section>\n\t\t\t\t<section class=\"elementor-section elementor-inner-section elementor-element elementor-element-68ce06b elementor-section-boxed elementor-section-height-default elementor-section-height-default\" data-id=\"68ce06b\" data-element_type=\"section\">\n\t\t\t\t\t\t<div class=\"elementor-container elementor-column-gap-default\">\n\t\t\t\t\t\t\t<div class=\"elementor-row\">\n\t\t\t\t\t<div class=\"elementor-column elementor-col-100 elementor-inner-column elementor-element elementor-element-69a3a5b\" data-id=\"69a3a5b\" data-element_type=\"column\">\n\t\t\t<div class=\"elementor-column-wrap elementor-element-populated\">\n\t\t\t\t\t\t\t<div class=\"elementor-widget-wrap\">\n\t\t\t\t\t\t<div class=\"elementor-element elementor-element-4bcba69 elementor-widget elementor-widget-heading\" data-id=\"4bcba69\" data-element_type=\"widget\" data-widget_type=\"heading.default\">\n\t\t\t\t<div class=\"elementor-widget-container\">\n\t\t\t<h2 class=\"elementor-heading-title elementor-size-default\">IMPROTEATRO<\/h2>\t\t<\/div>\n\t\t\t\t<\/div>\n\t\t\t\t<div class=\"elementor-element elementor-element-c9a4add elementor-widget elementor-widget-text-editor\" data-id=\"c9a4add\" data-element_type=\"widget\" data-widget_type=\"text-editor.default\">\n\t\t\t\t<div class=\"elementor-widget-container\">\n\t\t\t\t\t\t\t\t<div class=\"elementor-text-editor elementor-clearfix\">\n\t\t\t\t<div class=\"\">\n<div class=\"\" dir=\"ltr\">\n<div class=\"\">\n<div class=\"\">\n<div class=\"\" dir=\"ltr\">\n<div class=\"\">Impro a cargo de la compa\u00f1\u00eda ImproMurcia, sobre la Inteligencia Artificial.<\/div>\n<div class=\"\"><br class=\"\"><span class=\"\">Viernes 20 a las 18:00h y s\u00e1bado 21 a las 18:00h<\/span><\/div>\n<\/div>\n<\/div>\n<\/div>\n<\/div>\n<\/div>\t\t\t\t\t<\/div>\n\t\t\t\t\t\t<\/div>\n\t\t\t\t<\/div>\n\t\t\t\t\t\t<\/div>\n\t\t\t\t\t<\/div>\n\t\t<\/div>\n\t\t\t\t\t\t\t\t<\/div>\n\t\t\t\t\t<\/div>\n\t\t<\/section>\n\t\t\t\t<section class=\"elementor-section elementor-inner-section elementor-element elementor-element-cf0899d elementor-section-boxed elementor-section-height-default elementor-section-height-default\" data-id=\"cf0899d\" data-element_type=\"section\">\n\t\t\t\t\t\t<div class=\"elementor-container elementor-column-gap-default\">\n\t\t\t\t\t\t\t<div class=\"elementor-row\">\n\t\t\t\t\t<div class=\"elementor-column elementor-col-100 elementor-inner-column elementor-element elementor-element-e06b698\" data-id=\"e06b698\" data-element_type=\"column\">\n\t\t\t<div class=\"elementor-column-wrap elementor-element-populated\">\n\t\t\t\t\t\t\t<div class=\"elementor-widget-wrap\">\n\t\t\t\t\t\t<div class=\"elementor-element elementor-element-97093b7 elementor-widget elementor-widget-heading\" data-id=\"97093b7\" data-element_type=\"widget\" data-widget_type=\"heading.default\">\n\t\t\t\t<div class=\"elementor-widget-container\">\n\t\t\t<h2 class=\"elementor-heading-title elementor-size-default\">ENTREVISTAS<\/h2>\t\t<\/div>\n\t\t\t\t<\/div>\n\t\t\t\t<div class=\"elementor-element elementor-element-e4bf5f2 elementor-widget elementor-widget-text-editor\" data-id=\"e4bf5f2\" data-element_type=\"widget\" data-widget_type=\"text-editor.default\">\n\t\t\t\t<div class=\"elementor-widget-container\">\n\t\t\t\t\t\t\t\t<div class=\"elementor-text-editor elementor-clearfix\">\n\t\t\t\t<div class=\"\"><div class=\"\" dir=\"ltr\"><div class=\"\"><div class=\"\"><div class=\"\" dir=\"ltr\"><div class=\"\">Entrevistas a participantes de la SECYT.<\/div><div class=\"\"><br class=\"\" \/><span class=\"\">Viernes 20 a las 17:00h, s\u00e1bado 21 a las 11:00h y a las 17:00h, y domingo 22 a las 11:00h<\/span><\/div><\/div><\/div><\/div><\/div><\/div>\t\t\t\t\t<\/div>\n\t\t\t\t\t\t<\/div>\n\t\t\t\t<\/div>\n\t\t\t\t\t\t<\/div>\n\t\t\t\t\t<\/div>\n\t\t<\/div>\n\t\t\t\t\t\t\t\t<\/div>\n\t\t\t\t\t<\/div>\n\t\t<\/section>\n\t\t\t\t\t\t<\/div>\n\t\t\t\t\t<\/div>\n\t\t<\/div>\n\t\t\t\t\t\t\t\t<\/div>\n\t\t\t\t\t<\/div>\n\t\t<\/section>\n\t\t\t\t\t\t\t\t\t<\/div>\n\t\t\t<\/div>\n\t\t\t\t\t<\/div>\n\t\t","protected":false},"excerpt":{"rendered":"<p>LA CIENCIA A ESCENA PLAT\u00d3 PROGRAMA DE RADIO EN DIRECTO Ra\u00edz de 5, especial 8 temporadas programas Ra\u00edz de 5, especial 8 temporadas programas Es el primer programa de matem\u00e1ticas en la radio espa\u00f1ola y cumplimos 8 temporadas en emisi\u00f3n, m\u00e1s de 400 programas de andadura entre la historia matem\u00e1tica y entrevistas a los mejores [&hellip;]<\/p>\n","protected":false},"author":168,"featured_media":15199,"parent":0,"menu_order":0,"comment_status":"closed","ping_status":"closed","template":"","meta":[],"acf":[],"_links":{"self":[{"href":"https:\/\/fseneca.es\/secyt23\/wp-json\/wp\/v2\/pages\/15168"}],"collection":[{"href":"https:\/\/fseneca.es\/secyt23\/wp-json\/wp\/v2\/pages"}],"about":[{"href":"https:\/\/fseneca.es\/secyt23\/wp-json\/wp\/v2\/types\/page"}],"author":[{"embeddable":true,"href":"https:\/\/fseneca.es\/secyt23\/wp-json\/wp\/v2\/users\/168"}],"replies":[{"embeddable":true,"href":"https:\/\/fseneca.es\/secyt23\/wp-json\/wp\/v2\/comments?post=15168"}],"version-history":[{"count":30,"href":"https:\/\/fseneca.es\/secyt23\/wp-json\/wp\/v2\/pages\/15168\/revisions"}],"predecessor-version":[{"id":15409,"href":"https:\/\/fseneca.es\/secyt23\/wp-json\/wp\/v2\/pages\/15168\/revisions\/15409"}],"wp:featuredmedia":[{"embeddable":true,"href":"https:\/\/fseneca.es\/secyt23\/wp-json\/wp\/v2\/media\/15199"}],"wp:attachment":[{"href":"https:\/\/fseneca.es\/secyt23\/wp-json\/wp\/v2\/media?parent=15168"}],"curies":[{"name":"wp","href":"https:\/\/api.w.org\/{rel}","templated":true}]}}