{"id":15191,"date":"2023-10-03T12:38:35","date_gmt":"2023-10-03T12:38:35","guid":{"rendered":"https:\/\/fseneca.es\/secyt23\/?page_id=15191"},"modified":"2023-10-17T12:36:08","modified_gmt":"2023-10-17T12:36:08","slug":"cuentacuentos","status":"publish","type":"page","link":"https:\/\/fseneca.es\/secyt23\/cuentacuentos\/","title":{"rendered":"Cuentacuentos"},"content":{"rendered":"\t\t<div data-elementor-type=\"wp-page\" data-elementor-id=\"15191\" class=\"elementor elementor-15191\">\n\t\t\t\t\t\t<div class=\"elementor-inner\">\n\t\t\t\t<div class=\"elementor-section-wrap\">\n\t\t\t\t\t\t\t\t\t<section class=\"elementor-section elementor-top-section elementor-element elementor-element-edde830 elementor-section-full_width elementor-section-content-middle elementor-section-height-full elementor-section-height-default elementor-section-items-middle\" data-id=\"edde830\" data-element_type=\"section\" data-settings=\"{&quot;background_background&quot;:&quot;classic&quot;,&quot;background_motion_fx_motion_fx_scrolling&quot;:&quot;yes&quot;,&quot;background_motion_fx_translateY_effect&quot;:&quot;yes&quot;,&quot;background_motion_fx_translateY_speed&quot;:{&quot;unit&quot;:&quot;px&quot;,&quot;size&quot;:4,&quot;sizes&quot;:[]},&quot;background_motion_fx_translateY_affectedRange&quot;:{&quot;unit&quot;:&quot;%&quot;,&quot;size&quot;:&quot;&quot;,&quot;sizes&quot;:{&quot;start&quot;:0,&quot;end&quot;:100}},&quot;background_motion_fx_devices&quot;:[&quot;desktop&quot;,&quot;tablet&quot;,&quot;mobile&quot;]}\">\n\t\t\t\t\t\t\t<div class=\"elementor-background-overlay\"><\/div>\n\t\t\t\t\t\t\t<div class=\"elementor-container elementor-column-gap-wide\">\n\t\t\t\t\t\t\t<div class=\"elementor-row\">\n\t\t\t\t\t<div class=\"elementor-column elementor-col-100 elementor-top-column elementor-element elementor-element-e75fdc3\" data-id=\"e75fdc3\" data-element_type=\"column\">\n\t\t\t<div class=\"elementor-column-wrap elementor-element-populated\">\n\t\t\t\t\t\t\t<div class=\"elementor-widget-wrap\">\n\t\t\t\t\t\t<div class=\"elementor-element elementor-element-88dd40f elementor-widget elementor-widget-heading\" data-id=\"88dd40f\" data-element_type=\"widget\" data-widget_type=\"heading.default\">\n\t\t\t\t<div class=\"elementor-widget-container\">\n\t\t\t<h2 class=\"elementor-heading-title elementor-size-default\">CUENTACUENTOS<\/h2>\t\t<\/div>\n\t\t\t\t<\/div>\n\t\t\t\t\t\t<\/div>\n\t\t\t\t\t<\/div>\n\t\t<\/div>\n\t\t\t\t\t\t\t\t<\/div>\n\t\t\t\t\t<\/div>\n\t\t<\/section>\n\t\t\t\t<section class=\"elementor-section elementor-top-section elementor-element elementor-element-331925d elementor-section-boxed elementor-section-height-default elementor-section-height-default\" data-id=\"331925d\" data-element_type=\"section\">\n\t\t\t\t\t\t<div class=\"elementor-container elementor-column-gap-default\">\n\t\t\t\t\t\t\t<div class=\"elementor-row\">\n\t\t\t\t\t<div class=\"elementor-column elementor-col-100 elementor-top-column elementor-element elementor-element-01f58a5\" data-id=\"01f58a5\" data-element_type=\"column\">\n\t\t\t<div class=\"elementor-column-wrap elementor-element-populated\">\n\t\t\t\t\t\t\t<div class=\"elementor-widget-wrap\">\n\t\t\t\t\t\t<div class=\"elementor-element elementor-element-e7f0cfa elementor-widget elementor-widget-spacer\" data-id=\"e7f0cfa\" data-element_type=\"widget\" data-widget_type=\"spacer.default\">\n\t\t\t\t<div class=\"elementor-widget-container\">\n\t\t\t\t\t<div class=\"elementor-spacer\">\n\t\t\t<div class=\"elementor-spacer-inner\"><\/div>\n\t\t<\/div>\n\t\t\t\t<\/div>\n\t\t\t\t<\/div>\n\t\t\t\t<div class=\"elementor-element elementor-element-b34bc40 elementor-widget elementor-widget-heading\" data-id=\"b34bc40\" data-element_type=\"widget\" data-widget_type=\"heading.default\">\n\t\t\t\t<div class=\"elementor-widget-container\">\n\t\t\t<h2 class=\"elementor-heading-title elementor-size-default\">FUNDACI\u00d3N S\u00c9NECA<\/h2>\t\t<\/div>\n\t\t\t\t<\/div>\n\t\t\t\t<section class=\"elementor-section elementor-inner-section elementor-element elementor-element-3788fcd elementor-section-boxed elementor-section-height-default elementor-section-height-default\" data-id=\"3788fcd\" data-element_type=\"section\">\n\t\t\t\t\t\t<div class=\"elementor-container elementor-column-gap-default\">\n\t\t\t\t\t\t\t<div class=\"elementor-row\">\n\t\t\t\t\t<div class=\"elementor-column elementor-col-50 elementor-inner-column elementor-element elementor-element-c4c8fc9\" data-id=\"c4c8fc9\" data-element_type=\"column\">\n\t\t\t<div class=\"elementor-column-wrap elementor-element-populated\">\n\t\t\t\t\t\t\t<div class=\"elementor-widget-wrap\">\n\t\t\t\t\t\t<div class=\"elementor-element elementor-element-a637c8a elementor-widget__width-initial elementor-widget elementor-widget-heading\" data-id=\"a637c8a\" data-element_type=\"widget\" data-widget_type=\"heading.default\">\n\t\t\t\t<div class=\"elementor-widget-container\">\n\t\t\t<h2 class=\"elementor-heading-title elementor-size-default\">LA INCRE\u00cdBLE HISTORIA DE ALBERTO RETUERTO Y OTRAS HISTORIAS<\/h2>\t\t<\/div>\n\t\t\t\t<\/div>\n\t\t\t\t<div class=\"elementor-element elementor-element-6a72f02 elementor-widget elementor-widget-heading\" data-id=\"6a72f02\" data-element_type=\"widget\" data-widget_type=\"heading.default\">\n\t\t\t\t<div class=\"elementor-widget-container\">\n\t\t\t<h2 class=\"elementor-heading-title elementor-size-default\">El cerebro de Alberto Retuerto ya no puede m\u00e1s y se rebela mezclando las ideas y haciendo disparates. Hay que buscar una soluci\u00f3n!!!!!<\/h2>\t\t<\/div>\n\t\t\t\t<\/div>\n\t\t\t\t<div class=\"elementor-element elementor-element-8ca536a elementor-widget elementor-widget-button\" data-id=\"8ca536a\" data-element_type=\"widget\" data-widget_type=\"button.default\">\n\t\t\t\t<div class=\"elementor-widget-container\">\n\t\t\t\t\t<div class=\"elementor-button-wrapper\">\n\t\t\t<a href=\"https:\/\/fseneca.es\/secyt23\/actividad\/cuentacuentos-la-increible-historia-de-alberto-retuerto-y-otras-historias\/\" class=\"elementor-button-link elementor-button elementor-size-sm\" role=\"button\">\n\t\t\t\t\t\t<span class=\"elementor-button-content-wrapper\">\n\t\t\t\t\t\t<span class=\"elementor-button-text\">M\u00e1s informaci\u00f3n<\/span>\n\t\t<\/span>\n\t\t\t\t\t<\/a>\n\t\t<\/div>\n\t\t\t\t<\/div>\n\t\t\t\t<\/div>\n\t\t\t\t\t\t<\/div>\n\t\t\t\t\t<\/div>\n\t\t<\/div>\n\t\t\t\t<div class=\"elementor-column elementor-col-50 elementor-inner-column elementor-element elementor-element-4d5d233\" data-id=\"4d5d233\" data-element_type=\"column\">\n\t\t\t<div class=\"elementor-column-wrap elementor-element-populated\">\n\t\t\t\t\t\t\t<div class=\"elementor-widget-wrap\">\n\t\t\t\t\t\t<div class=\"elementor-element elementor-element-0993a09 elementor-widget__width-initial elementor-widget elementor-widget-image\" data-id=\"0993a09\" data-element_type=\"widget\" data-widget_type=\"image.default\">\n\t\t\t\t<div class=\"elementor-widget-container\">\n\t\t\t\t\t\t\t\t<div class=\"elementor-image\">\n\t\t\t\t\t\t\t\t\t\t\t\t<img decoding=\"async\" width=\"960\" height=\"540\" src=\"https:\/\/fseneca.es\/secyt23\/wp-content\/uploads\/2023\/09\/cuentacuentos_la-increible-historia-de-Alberto.jpg\" class=\"attachment-large size-large wp-image-14945\" alt=\"\" loading=\"lazy\" srcset=\"https:\/\/fseneca.es\/secyt23\/wp-content\/uploads\/2023\/09\/cuentacuentos_la-increible-historia-de-Alberto.jpg 960w, https:\/\/fseneca.es\/secyt23\/wp-content\/uploads\/2023\/09\/cuentacuentos_la-increible-historia-de-Alberto-300x169.jpg 300w, https:\/\/fseneca.es\/secyt23\/wp-content\/uploads\/2023\/09\/cuentacuentos_la-increible-historia-de-Alberto-768x432.jpg 768w\" sizes=\"(max-width: 960px) 100vw, 960px\" \/>\t\t\t\t\t\t\t\t\t\t\t\t\t\t<\/div>\n\t\t\t\t\t\t<\/div>\n\t\t\t\t<\/div>\n\t\t\t\t\t\t<\/div>\n\t\t\t\t\t<\/div>\n\t\t<\/div>\n\t\t\t\t\t\t\t\t<\/div>\n\t\t\t\t\t<\/div>\n\t\t<\/section>\n\t\t\t\t<section class=\"elementor-section elementor-inner-section elementor-element elementor-element-c11f6c8 elementor-section-boxed elementor-section-height-default elementor-section-height-default\" data-id=\"c11f6c8\" data-element_type=\"section\">\n\t\t\t\t\t\t<div class=\"elementor-container elementor-column-gap-default\">\n\t\t\t\t\t\t\t<div class=\"elementor-row\">\n\t\t\t\t\t<div class=\"elementor-column elementor-col-50 elementor-inner-column elementor-element elementor-element-0f8b23d\" data-id=\"0f8b23d\" data-element_type=\"column\">\n\t\t\t<div class=\"elementor-column-wrap elementor-element-populated\">\n\t\t\t\t\t\t\t<div class=\"elementor-widget-wrap\">\n\t\t\t\t\t\t<div class=\"elementor-element elementor-element-c517d21 elementor-widget__width-initial elementor-widget elementor-widget-heading\" data-id=\"c517d21\" data-element_type=\"widget\" data-widget_type=\"heading.default\">\n\t\t\t\t<div class=\"elementor-widget-container\">\n\t\t\t<h2 class=\"elementor-heading-title elementor-size-default\">ALIMENTOS PARA BRUJAS<\/h2>\t\t<\/div>\n\t\t\t\t<\/div>\n\t\t\t\t<div class=\"elementor-element elementor-element-2b7b155 elementor-widget elementor-widget-heading\" data-id=\"2b7b155\" data-element_type=\"widget\" data-widget_type=\"heading.default\">\n\t\t\t\t<div class=\"elementor-widget-container\">\n\t\t\t<h2 class=\"elementor-heading-title elementor-size-default\">\u00bfPelos de bruja en mi postre? \u00bfBrujas reversibles? \u00bfPero qu\u00e9 significa esto?<br>Juntos descubriremos el misterio.<\/h2>\t\t<\/div>\n\t\t\t\t<\/div>\n\t\t\t\t<div class=\"elementor-element elementor-element-c16920f elementor-widget elementor-widget-button\" data-id=\"c16920f\" data-element_type=\"widget\" data-widget_type=\"button.default\">\n\t\t\t\t<div class=\"elementor-widget-container\">\n\t\t\t\t\t<div class=\"elementor-button-wrapper\">\n\t\t\t<a href=\"https:\/\/fseneca.es\/secyt23\/actividad\/cuentacuentos-alimentos-para-brujas\/\" class=\"elementor-button-link elementor-button elementor-size-sm\" role=\"button\">\n\t\t\t\t\t\t<span class=\"elementor-button-content-wrapper\">\n\t\t\t\t\t\t<span class=\"elementor-button-text\">M\u00e1s informaci\u00f3n<\/span>\n\t\t<\/span>\n\t\t\t\t\t<\/a>\n\t\t<\/div>\n\t\t\t\t<\/div>\n\t\t\t\t<\/div>\n\t\t\t\t\t\t<\/div>\n\t\t\t\t\t<\/div>\n\t\t<\/div>\n\t\t\t\t<div class=\"elementor-column elementor-col-50 elementor-inner-column elementor-element elementor-element-87f2ef3\" data-id=\"87f2ef3\" data-element_type=\"column\">\n\t\t\t<div class=\"elementor-column-wrap elementor-element-populated\">\n\t\t\t\t\t\t\t<div class=\"elementor-widget-wrap\">\n\t\t\t\t\t\t<div class=\"elementor-element elementor-element-a7c90f7 elementor-widget__width-initial elementor-widget elementor-widget-image\" data-id=\"a7c90f7\" data-element_type=\"widget\" data-widget_type=\"image.default\">\n\t\t\t\t<div class=\"elementor-widget-container\">\n\t\t\t\t\t\t\t\t<div class=\"elementor-image\">\n\t\t\t\t\t\t\t\t\t\t\t\t<img decoding=\"async\" width=\"828\" height=\"630\" src=\"https:\/\/fseneca.es\/secyt23\/wp-content\/uploads\/2023\/09\/Cuentacuentos_alimentos-paa-brujas.jpg\" class=\"attachment-large size-large wp-image-14947\" alt=\"\" loading=\"lazy\" srcset=\"https:\/\/fseneca.es\/secyt23\/wp-content\/uploads\/2023\/09\/Cuentacuentos_alimentos-paa-brujas.jpg 828w, https:\/\/fseneca.es\/secyt23\/wp-content\/uploads\/2023\/09\/Cuentacuentos_alimentos-paa-brujas-300x228.jpg 300w, https:\/\/fseneca.es\/secyt23\/wp-content\/uploads\/2023\/09\/Cuentacuentos_alimentos-paa-brujas-768x584.jpg 768w\" sizes=\"(max-width: 828px) 100vw, 828px\" \/>\t\t\t\t\t\t\t\t\t\t\t\t\t\t<\/div>\n\t\t\t\t\t\t<\/div>\n\t\t\t\t<\/div>\n\t\t\t\t\t\t<\/div>\n\t\t\t\t\t<\/div>\n\t\t<\/div>\n\t\t\t\t\t\t\t\t<\/div>\n\t\t\t\t\t<\/div>\n\t\t<\/section>\n\t\t\t\t<div class=\"elementor-element elementor-element-e8fc7e6 elementor-widget elementor-widget-spacer\" data-id=\"e8fc7e6\" data-element_type=\"widget\" data-widget_type=\"spacer.default\">\n\t\t\t\t<div class=\"elementor-widget-container\">\n\t\t\t\t\t<div class=\"elementor-spacer\">\n\t\t\t<div class=\"elementor-spacer-inner\"><\/div>\n\t\t<\/div>\n\t\t\t\t<\/div>\n\t\t\t\t<\/div>\n\t\t\t\t\t\t<\/div>\n\t\t\t\t\t<\/div>\n\t\t<\/div>\n\t\t\t\t\t\t\t\t<\/div>\n\t\t\t\t\t<\/div>\n\t\t<\/section>\n\t\t\t\t<section class=\"elementor-section elementor-top-section elementor-element elementor-element-e371c3e elementor-section-boxed elementor-section-height-default elementor-section-height-default\" data-id=\"e371c3e\" data-element_type=\"section\">\n\t\t\t\t\t\t<div class=\"elementor-container elementor-column-gap-default\">\n\t\t\t\t\t\t\t<div class=\"elementor-row\">\n\t\t\t\t\t<div class=\"elementor-column elementor-col-100 elementor-top-column elementor-element elementor-element-79f40d3\" data-id=\"79f40d3\" data-element_type=\"column\">\n\t\t\t<div class=\"elementor-column-wrap elementor-element-populated\">\n\t\t\t\t\t\t\t<div class=\"elementor-widget-wrap\">\n\t\t\t\t\t\t<div class=\"elementor-element elementor-element-c4c02ef elementor-widget elementor-widget-heading\" data-id=\"c4c02ef\" data-element_type=\"widget\" data-widget_type=\"heading.default\">\n\t\t\t\t<div class=\"elementor-widget-container\">\n\t\t\t<h2 class=\"elementor-heading-title elementor-size-default\">ARQVA<\/h2>\t\t<\/div>\n\t\t\t\t<\/div>\n\t\t\t\t<section class=\"elementor-section elementor-inner-section elementor-element elementor-element-3d99096 elementor-section-boxed elementor-section-height-default elementor-section-height-default\" data-id=\"3d99096\" data-element_type=\"section\">\n\t\t\t\t\t\t<div class=\"elementor-container elementor-column-gap-default\">\n\t\t\t\t\t\t\t<div class=\"elementor-row\">\n\t\t\t\t\t<div class=\"elementor-column elementor-col-50 elementor-inner-column elementor-element elementor-element-81985ee\" data-id=\"81985ee\" data-element_type=\"column\">\n\t\t\t<div class=\"elementor-column-wrap elementor-element-populated\">\n\t\t\t\t\t\t\t<div class=\"elementor-widget-wrap\">\n\t\t\t\t\t\t<div class=\"elementor-element elementor-element-04f7ff7 elementor-widget__width-initial elementor-widget elementor-widget-heading\" data-id=\"04f7ff7\" data-element_type=\"widget\" data-widget_type=\"heading.default\">\n\t\t\t\t<div class=\"elementor-widget-container\">\n\t\t\t<h2 class=\"elementor-heading-title elementor-size-default\">MONTA\u00d1AS DE BARRO<\/h2>\t\t<\/div>\n\t\t\t\t<\/div>\n\t\t\t\t<div class=\"elementor-element elementor-element-59e13fb elementor-widget elementor-widget-text-editor\" data-id=\"59e13fb\" data-element_type=\"widget\" data-widget_type=\"text-editor.default\">\n\t\t\t\t<div class=\"elementor-widget-container\">\n\t\t\t\t\t\t\t\t<div class=\"elementor-text-editor elementor-clearfix\">\n\t\t\t\t<p>Cuentacuentos infantil en Cartagena<\/p>\t\t\t\t\t<\/div>\n\t\t\t\t\t\t<\/div>\n\t\t\t\t<\/div>\n\t\t\t\t<div class=\"elementor-element elementor-element-1462369 elementor-widget elementor-widget-button\" data-id=\"1462369\" data-element_type=\"widget\" data-widget_type=\"button.default\">\n\t\t\t\t<div class=\"elementor-widget-container\">\n\t\t\t\t\t<div class=\"elementor-button-wrapper\">\n\t\t\t<a href=\"https:\/\/fseneca.es\/secyt23\/actividad\/cuentacuentos-montanas-de-barro\/\" class=\"elementor-button-link elementor-button elementor-size-sm\" role=\"button\">\n\t\t\t\t\t\t<span class=\"elementor-button-content-wrapper\">\n\t\t\t\t\t\t<span class=\"elementor-button-text\">M\u00e1s informaci\u00f3n<\/span>\n\t\t<\/span>\n\t\t\t\t\t<\/a>\n\t\t<\/div>\n\t\t\t\t<\/div>\n\t\t\t\t<\/div>\n\t\t\t\t\t\t<\/div>\n\t\t\t\t\t<\/div>\n\t\t<\/div>\n\t\t\t\t<div class=\"elementor-column elementor-col-50 elementor-inner-column elementor-element elementor-element-14b156b\" data-id=\"14b156b\" data-element_type=\"column\">\n\t\t\t<div class=\"elementor-column-wrap elementor-element-populated\">\n\t\t\t\t\t\t\t<div class=\"elementor-widget-wrap\">\n\t\t\t\t\t\t<div class=\"elementor-element elementor-element-02df380 elementor-widget__width-initial elementor-widget elementor-widget-image\" data-id=\"02df380\" data-element_type=\"widget\" data-widget_type=\"image.default\">\n\t\t\t\t<div class=\"elementor-widget-container\">\n\t\t\t\t\t\t\t\t<div class=\"elementor-image\">\n\t\t\t\t\t\t\t\t\t\t\t\t<img decoding=\"async\" width=\"1024\" height=\"1024\" src=\"https:\/\/fseneca.es\/secyt23\/wp-content\/uploads\/2023\/09\/POST-IG-MONTANA-DE-BARRO-1024x1024.jpg\" class=\"attachment-large size-large wp-image-15127\" alt=\"\" loading=\"lazy\" srcset=\"https:\/\/fseneca.es\/secyt23\/wp-content\/uploads\/2023\/09\/POST-IG-MONTANA-DE-BARRO-1024x1024.jpg 1024w, https:\/\/fseneca.es\/secyt23\/wp-content\/uploads\/2023\/09\/POST-IG-MONTANA-DE-BARRO-300x300.jpg 300w, https:\/\/fseneca.es\/secyt23\/wp-content\/uploads\/2023\/09\/POST-IG-MONTANA-DE-BARRO-150x150.jpg 150w, https:\/\/fseneca.es\/secyt23\/wp-content\/uploads\/2023\/09\/POST-IG-MONTANA-DE-BARRO-768x768.jpg 768w, https:\/\/fseneca.es\/secyt23\/wp-content\/uploads\/2023\/09\/POST-IG-MONTANA-DE-BARRO.jpg 1080w\" sizes=\"(max-width: 1024px) 100vw, 1024px\" \/>\t\t\t\t\t\t\t\t\t\t\t\t\t\t<\/div>\n\t\t\t\t\t\t<\/div>\n\t\t\t\t<\/div>\n\t\t\t\t\t\t<\/div>\n\t\t\t\t\t<\/div>\n\t\t<\/div>\n\t\t\t\t\t\t\t\t<\/div>\n\t\t\t\t\t<\/div>\n\t\t<\/section>\n\t\t\t\t\t\t<\/div>\n\t\t\t\t\t<\/div>\n\t\t<\/div>\n\t\t\t\t\t\t\t\t<\/div>\n\t\t\t\t\t<\/div>\n\t\t<\/section>\n\t\t\t\t\t\t\t\t\t<\/div>\n\t\t\t<\/div>\n\t\t\t\t\t<\/div>\n\t\t","protected":false},"excerpt":{"rendered":"<p>CUENTACUENTOS FUNDACI\u00d3N S\u00c9NECA LA INCRE\u00cdBLE HISTORIA DE ALBERTO RETUERTO Y OTRAS HISTORIAS El cerebro de Alberto Retuerto ya no puede m\u00e1s y se rebela mezclando las ideas y haciendo disparates. Hay que buscar una soluci\u00f3n!!!!! M\u00e1s informaci\u00f3n ALIMENTOS PARA BRUJAS \u00bfPelos de bruja en mi postre? \u00bfBrujas reversibles? \u00bfPero qu\u00e9 significa esto?Juntos descubriremos el misterio. [&hellip;]<\/p>\n","protected":false},"author":168,"featured_media":15079,"parent":0,"menu_order":0,"comment_status":"closed","ping_status":"closed","template":"","meta":[],"acf":[],"_links":{"self":[{"href":"https:\/\/fseneca.es\/secyt23\/wp-json\/wp\/v2\/pages\/15191"}],"collection":[{"href":"https:\/\/fseneca.es\/secyt23\/wp-json\/wp\/v2\/pages"}],"about":[{"href":"https:\/\/fseneca.es\/secyt23\/wp-json\/wp\/v2\/types\/page"}],"author":[{"embeddable":true,"href":"https:\/\/fseneca.es\/secyt23\/wp-json\/wp\/v2\/users\/168"}],"replies":[{"embeddable":true,"href":"https:\/\/fseneca.es\/secyt23\/wp-json\/wp\/v2\/comments?post=15191"}],"version-history":[{"count":16,"href":"https:\/\/fseneca.es\/secyt23\/wp-json\/wp\/v2\/pages\/15191\/revisions"}],"predecessor-version":[{"id":15731,"href":"https:\/\/fseneca.es\/secyt23\/wp-json\/wp\/v2\/pages\/15191\/revisions\/15731"}],"wp:featuredmedia":[{"embeddable":true,"href":"https:\/\/fseneca.es\/secyt23\/wp-json\/wp\/v2\/media\/15079"}],"wp:attachment":[{"href":"https:\/\/fseneca.es\/secyt23\/wp-json\/wp\/v2\/media?parent=15191"}],"curies":[{"name":"wp","href":"https:\/\/api.w.org\/{rel}","templated":true}]}}