{"id":15590,"date":"2023-10-16T08:26:53","date_gmt":"2023-10-16T08:26:53","guid":{"rendered":"https:\/\/fseneca.es\/secyt23\/?page_id=15590"},"modified":"2023-10-17T12:36:19","modified_gmt":"2023-10-17T12:36:19","slug":"improteatro","status":"publish","type":"page","link":"https:\/\/fseneca.es\/secyt23\/improteatro\/","title":{"rendered":"Improteatro"},"content":{"rendered":"\t\t<div data-elementor-type=\"wp-page\" data-elementor-id=\"15590\" class=\"elementor elementor-15590\">\n\t\t\t\t\t\t<div class=\"elementor-inner\">\n\t\t\t\t<div class=\"elementor-section-wrap\">\n\t\t\t\t\t\t\t\t\t<section class=\"elementor-section elementor-top-section elementor-element elementor-element-ba77cf9 elementor-section-full_width elementor-section-content-middle elementor-section-height-full elementor-section-height-default elementor-section-items-middle\" data-id=\"ba77cf9\" data-element_type=\"section\" data-settings=\"{&quot;background_background&quot;:&quot;classic&quot;,&quot;background_motion_fx_motion_fx_scrolling&quot;:&quot;yes&quot;,&quot;background_motion_fx_translateY_effect&quot;:&quot;yes&quot;,&quot;background_motion_fx_translateY_speed&quot;:{&quot;unit&quot;:&quot;px&quot;,&quot;size&quot;:4,&quot;sizes&quot;:[]},&quot;background_motion_fx_translateY_affectedRange&quot;:{&quot;unit&quot;:&quot;%&quot;,&quot;size&quot;:&quot;&quot;,&quot;sizes&quot;:{&quot;start&quot;:0,&quot;end&quot;:100}},&quot;background_motion_fx_devices&quot;:[&quot;desktop&quot;,&quot;tablet&quot;,&quot;mobile&quot;]}\">\n\t\t\t\t\t\t\t<div class=\"elementor-background-overlay\"><\/div>\n\t\t\t\t\t\t\t<div class=\"elementor-container elementor-column-gap-wide\">\n\t\t\t\t\t\t\t<div class=\"elementor-row\">\n\t\t\t\t\t<div class=\"elementor-column elementor-col-100 elementor-top-column elementor-element elementor-element-8ded933\" data-id=\"8ded933\" data-element_type=\"column\">\n\t\t\t<div class=\"elementor-column-wrap elementor-element-populated\">\n\t\t\t\t\t\t\t<div class=\"elementor-widget-wrap\">\n\t\t\t\t\t\t<div class=\"elementor-element elementor-element-5a7c715 elementor-widget elementor-widget-heading\" data-id=\"5a7c715\" data-element_type=\"widget\" data-widget_type=\"heading.default\">\n\t\t\t\t<div class=\"elementor-widget-container\">\n\t\t\t<h2 class=\"elementor-heading-title elementor-size-default\">IMPROTEATRO<\/h2>\t\t<\/div>\n\t\t\t\t<\/div>\n\t\t\t\t\t\t<\/div>\n\t\t\t\t\t<\/div>\n\t\t<\/div>\n\t\t\t\t\t\t\t\t<\/div>\n\t\t\t\t\t<\/div>\n\t\t<\/section>\n\t\t\t\t<section class=\"elementor-section elementor-top-section elementor-element elementor-element-29ef782 elementor-section-boxed elementor-section-height-default elementor-section-height-default\" data-id=\"29ef782\" data-element_type=\"section\">\n\t\t\t\t\t\t<div class=\"elementor-container elementor-column-gap-default\">\n\t\t\t\t\t\t\t<div class=\"elementor-row\">\n\t\t\t\t\t<div class=\"elementor-column elementor-col-100 elementor-top-column elementor-element elementor-element-2f478de\" data-id=\"2f478de\" data-element_type=\"column\">\n\t\t\t<div class=\"elementor-column-wrap elementor-element-populated\">\n\t\t\t\t\t\t\t<div class=\"elementor-widget-wrap\">\n\t\t\t\t\t\t<div class=\"elementor-element elementor-element-577bb4a elementor-widget elementor-widget-spacer\" data-id=\"577bb4a\" data-element_type=\"widget\" data-widget_type=\"spacer.default\">\n\t\t\t\t<div class=\"elementor-widget-container\">\n\t\t\t\t\t<div class=\"elementor-spacer\">\n\t\t\t<div class=\"elementor-spacer-inner\"><\/div>\n\t\t<\/div>\n\t\t\t\t<\/div>\n\t\t\t\t<\/div>\n\t\t\t\t<section class=\"elementor-section elementor-inner-section elementor-element elementor-element-61fb363 elementor-section-full_width elementor-section-height-default elementor-section-height-default\" data-id=\"61fb363\" data-element_type=\"section\">\n\t\t\t\t\t\t<div class=\"elementor-container elementor-column-gap-default\">\n\t\t\t\t\t\t\t<div class=\"elementor-row\">\n\t\t\t\t\t<div class=\"elementor-column elementor-col-100 elementor-inner-column elementor-element elementor-element-11697c4\" data-id=\"11697c4\" data-element_type=\"column\">\n\t\t\t<div class=\"elementor-column-wrap elementor-element-populated\">\n\t\t\t\t\t\t\t<div class=\"elementor-widget-wrap\">\n\t\t\t\t\t\t<div class=\"elementor-element elementor-element-f389c70 elementor-widget elementor-widget-heading\" data-id=\"f389c70\" data-element_type=\"widget\" data-widget_type=\"heading.default\">\n\t\t\t\t<div class=\"elementor-widget-container\">\n\t\t\t<h2 class=\"elementor-heading-title elementor-size-default\">IMPROTEATRO<\/h2>\t\t<\/div>\n\t\t\t\t<\/div>\n\t\t\t\t\t\t<\/div>\n\t\t\t\t\t<\/div>\n\t\t<\/div>\n\t\t\t\t\t\t\t\t<\/div>\n\t\t\t\t\t<\/div>\n\t\t<\/section>\n\t\t\t\t<section class=\"elementor-section elementor-inner-section elementor-element elementor-element-6428630 elementor-section-boxed elementor-section-height-default elementor-section-height-default\" data-id=\"6428630\" data-element_type=\"section\">\n\t\t\t\t\t\t<div class=\"elementor-container elementor-column-gap-default\">\n\t\t\t\t\t\t\t<div class=\"elementor-row\">\n\t\t\t\t\t<div class=\"elementor-column elementor-col-50 elementor-inner-column elementor-element elementor-element-12d08f0\" data-id=\"12d08f0\" data-element_type=\"column\">\n\t\t\t<div class=\"elementor-column-wrap elementor-element-populated\">\n\t\t\t\t\t\t\t<div class=\"elementor-widget-wrap\">\n\t\t\t\t\t\t<div class=\"elementor-element elementor-element-2c24d0b elementor-widget elementor-widget-heading\" data-id=\"2c24d0b\" data-element_type=\"widget\" data-widget_type=\"heading.default\">\n\t\t\t\t<div class=\"elementor-widget-container\">\n\t\t\t<h2 class=\"elementor-heading-title elementor-size-default\">ImproMurcia presenta\u2026 El hombre y la m\u00e1quina\n\n<\/h2>\t\t<\/div>\n\t\t\t\t<\/div>\n\t\t\t\t<div class=\"elementor-element elementor-element-1db30e4 elementor-widget elementor-widget-text-editor\" data-id=\"1db30e4\" data-element_type=\"widget\" data-widget_type=\"text-editor.default\">\n\t\t\t\t<div class=\"elementor-widget-container\">\n\t\t\t\t\t\t\t\t<div class=\"elementor-text-editor elementor-clearfix\">\n\t\t\t\t<p><span style=\"font-size: 16px;\">ImproMurcia vuelve a la semana de la ciencia para improvisar historias \u00fanicas e irrepetibles en un acto de creatividad espont\u00e1nea. El p\u00fablico participa de la creaci\u00f3n de unas historias donde ser\u00e1n protagonistas la ciencia, la innovaci\u00f3n y los avances en IA.<\/span><\/p><p>En el PLAT\u00d3 de la secyt, viernes 20 a las 18:00 h y s\u00e1bado 21 a las 18:00 h<\/p>\t\t\t\t\t<\/div>\n\t\t\t\t\t\t<\/div>\n\t\t\t\t<\/div>\n\t\t\t\t\t\t<\/div>\n\t\t\t\t\t<\/div>\n\t\t<\/div>\n\t\t\t\t<div class=\"elementor-column elementor-col-50 elementor-inner-column elementor-element elementor-element-3fb1395\" data-id=\"3fb1395\" data-element_type=\"column\">\n\t\t\t<div class=\"elementor-column-wrap elementor-element-populated\">\n\t\t\t\t\t\t\t<div class=\"elementor-widget-wrap\">\n\t\t\t\t\t\t<div class=\"elementor-element elementor-element-d839221 elementor-widget__width-initial elementor-widget elementor-widget-image\" data-id=\"d839221\" data-element_type=\"widget\" data-widget_type=\"image.default\">\n\t\t\t\t<div class=\"elementor-widget-container\">\n\t\t\t\t\t\t\t\t<div class=\"elementor-image\">\n\t\t\t\t\t\t\t\t\t\t\t\t<img decoding=\"async\" width=\"1024\" height=\"768\" src=\"https:\/\/fseneca.es\/secyt23\/wp-content\/uploads\/2023\/10\/IMG_20210515_140043_271-1024x768.jpg\" class=\"attachment-large size-large wp-image-15596\" alt=\"\" loading=\"lazy\" srcset=\"https:\/\/fseneca.es\/secyt23\/wp-content\/uploads\/2023\/10\/IMG_20210515_140043_271-1024x768.jpg 1024w, https:\/\/fseneca.es\/secyt23\/wp-content\/uploads\/2023\/10\/IMG_20210515_140043_271-300x225.jpg 300w, https:\/\/fseneca.es\/secyt23\/wp-content\/uploads\/2023\/10\/IMG_20210515_140043_271-768x576.jpg 768w, https:\/\/fseneca.es\/secyt23\/wp-content\/uploads\/2023\/10\/IMG_20210515_140043_271.jpg 1080w\" sizes=\"(max-width: 1024px) 100vw, 1024px\" \/>\t\t\t\t\t\t\t\t\t\t\t\t\t\t<\/div>\n\t\t\t\t\t\t<\/div>\n\t\t\t\t<\/div>\n\t\t\t\t\t\t<\/div>\n\t\t\t\t\t<\/div>\n\t\t<\/div>\n\t\t\t\t\t\t\t\t<\/div>\n\t\t\t\t\t<\/div>\n\t\t<\/section>\n\t\t\t\t\t\t<\/div>\n\t\t\t\t\t<\/div>\n\t\t<\/div>\n\t\t\t\t\t\t\t\t<\/div>\n\t\t\t\t\t<\/div>\n\t\t<\/section>\n\t\t\t\t<section class=\"elementor-section elementor-top-section elementor-element elementor-element-ad59ad7 elementor-section-boxed elementor-section-height-default elementor-section-height-default\" data-id=\"ad59ad7\" data-element_type=\"section\">\n\t\t\t\t\t\t<div class=\"elementor-container elementor-column-gap-default\">\n\t\t\t\t\t\t\t<div class=\"elementor-row\">\n\t\t\t\t\t<div class=\"elementor-column elementor-col-100 elementor-top-column elementor-element elementor-element-1b022cd\" data-id=\"1b022cd\" data-element_type=\"column\">\n\t\t\t<div class=\"elementor-column-wrap\">\n\t\t\t\t\t\t\t<div class=\"elementor-widget-wrap\">\n\t\t\t\t\t\t\t\t<\/div>\n\t\t\t\t\t<\/div>\n\t\t<\/div>\n\t\t\t\t\t\t\t\t<\/div>\n\t\t\t\t\t<\/div>\n\t\t<\/section>\n\t\t\t\t\t\t\t\t\t<\/div>\n\t\t\t<\/div>\n\t\t\t\t\t<\/div>\n\t\t","protected":false},"excerpt":{"rendered":"<p>IMPROTEATRO IMPROTEATRO ImproMurcia presenta\u2026 El hombre y la m\u00e1quina ImproMurcia vuelve a la semana de la ciencia para improvisar historias \u00fanicas e irrepetibles en un acto de creatividad espont\u00e1nea. El p\u00fablico participa de la creaci\u00f3n de unas historias donde ser\u00e1n protagonistas la ciencia, la innovaci\u00f3n y los avances en IA. En el PLAT\u00d3 de la [&hellip;]<\/p>\n","protected":false},"author":168,"featured_media":15090,"parent":0,"menu_order":0,"comment_status":"closed","ping_status":"closed","template":"","meta":[],"acf":[],"_links":{"self":[{"href":"https:\/\/fseneca.es\/secyt23\/wp-json\/wp\/v2\/pages\/15590"}],"collection":[{"href":"https:\/\/fseneca.es\/secyt23\/wp-json\/wp\/v2\/pages"}],"about":[{"href":"https:\/\/fseneca.es\/secyt23\/wp-json\/wp\/v2\/types\/page"}],"author":[{"embeddable":true,"href":"https:\/\/fseneca.es\/secyt23\/wp-json\/wp\/v2\/users\/168"}],"replies":[{"embeddable":true,"href":"https:\/\/fseneca.es\/secyt23\/wp-json\/wp\/v2\/comments?post=15590"}],"version-history":[{"count":8,"href":"https:\/\/fseneca.es\/secyt23\/wp-json\/wp\/v2\/pages\/15590\/revisions"}],"predecessor-version":[{"id":15734,"href":"https:\/\/fseneca.es\/secyt23\/wp-json\/wp\/v2\/pages\/15590\/revisions\/15734"}],"wp:featuredmedia":[{"embeddable":true,"href":"https:\/\/fseneca.es\/secyt23\/wp-json\/wp\/v2\/media\/15090"}],"wp:attachment":[{"href":"https:\/\/fseneca.es\/secyt23\/wp-json\/wp\/v2\/media?parent=15590"}],"curies":[{"name":"wp","href":"https:\/\/api.w.org\/{rel}","templated":true}]}}