{"id":16904,"date":"2024-09-27T12:35:32","date_gmt":"2024-09-27T12:35:32","guid":{"rendered":"https:\/\/fseneca.es\/secyt24\/?page_id=16904"},"modified":"2024-10-23T10:54:19","modified_gmt":"2024-10-23T10:54:19","slug":"stemoteka","status":"publish","type":"page","link":"https:\/\/fseneca.es\/secyt24\/stemoteka\/","title":{"rendered":"STEMoteka"},"content":{"rendered":"\n<p>Gran \u00e1rea l\u00fadica, al aire libre, que acoge multitud de juegos colaborativos y actividades de aprendizaje basado en la resoluci\u00f3n de problemas.<\/p>\n\n\n\n<p>Este a\u00f1o la STEMoteka nos ofrece:<\/p>\n\n\n\n<h3 class=\"wp-block-heading has-text-align-center\"><strong>La Ingenioteka<\/strong><\/h3>\n\n\n\n<p>Un cl\u00e1sico en la Secyt. Este a\u00f1o incorporamos nuevas propuestas de juego y nuevos retos a resolver.<br>Disfruta de esta oferta educativo, solo o en compa\u00f1\u00eda. Reta a tu mente y haz saltar tus neuronas.<br>Desde las 17:00 h del viernes 25 a las 14:00 h del domingo 27 de octubre, junto al stand de la Fundaci\u00f3n S\u00e9neca. Hasta llenar aforo. Para todos los p\u00fablicos<\/p>\n\n\n\n<p><strong>Zona para ni\u00f1os de hasta 7 a\u00f1os.<br><\/strong>Este a\u00f1o traemos el Recilab, un laberinto de juego realizado con materiales reutilizados, que activar\u00e1 la curiosidad de los m\u00e1s peque\u00f1os, invitando a participar a ni\u00f1os y mayores juntos.<\/p>\n\n\n\n<p><strong>Zona ABP.<br><\/strong>Retos imposibles\u2026., \u00a1o no! Sal de la caja, dale otro enfoque al reto\/problema y resu\u00e9lvelo.<\/p>\n\n\n\n<p><strong>Zona de habilidad.<br><\/strong>Potenciamos este a\u00f1o esta zona planteando nuevas opciones de juego, respetando los cl\u00e1sicos s\u00faper divertidos.<\/p>\n\n\n\n<div style=\"height:1em\" aria-hidden=\"true\" class=\"wp-block-spacer\"><\/div>\n\n\n\n<h3 class=\"wp-block-heading has-text-align-center\">Demostraciones interactivas al aire libre<\/h3>\n\n\n\n<p><strong>\u2026 volando vengo. Taller de aviones de papel<br><\/strong>La ciencia detr\u00e1s del vuelo. Crearemos un modelo de papel dise\u00f1ado para ser plegado por cualquier p\u00fablico sin importar al edad.<\/p>\n\n\n\n<p><strong>Efecto Joule<br><\/strong>Aprenderemos conceptos relacionados con este efecto y los aplicaremos usando una m\u00e1quina manual de corte de foam. Los participantes tendr\u00e1n la oportunidad de cortar su propia figura en 2D dibujada por ellos mismos.<\/p>\n\n\n\n<p><strong>Matem\u00e1ticas y algoritmos\u2026<br><\/strong>Que son y c\u00f3mo nos afectan de manera cotidiana.<br>Aprenderemos sobre ellos usando Juegos de l\u00f3gica y estrategia, como torres de Han\u00f3i, Nim, salto de la rana y otros que nos permiten analizar y crear nuestro propio algoritmo.<\/p>\n\n\n\n<p><strong>Juegos topol\u00f3gicos<br><\/strong>Construiremos alg\u00fan juego topol\u00f3gico sencillo<\/p>\n\n\n\n<div style=\"height:1em\" aria-hidden=\"true\" class=\"wp-block-spacer\"><\/div>\n","protected":false},"excerpt":{"rendered":"<p>Gran \u00e1rea l\u00fadica, al aire libre, que acoge multitud de juegos colaborativos y actividades de aprendizaje basado en la resoluci\u00f3n de problemas. Este a\u00f1o la STEMoteka nos ofrece: La Ingenioteka Un cl\u00e1sico en la Secyt. Este a\u00f1o incorporamos nuevas propuestas de juego y nuevos retos a resolver.Disfruta de esta oferta educativo, solo o en compa\u00f1\u00eda. [&hellip;]<\/p>\n","protected":false},"author":1,"featured_media":0,"parent":0,"menu_order":0,"comment_status":"closed","ping_status":"closed","template":"","meta":{"_acf_changed":false,"footnotes":""},"acf":[],"_links":{"self":[{"href":"https:\/\/fseneca.es\/secyt24\/wp-json\/wp\/v2\/pages\/16904"}],"collection":[{"href":"https:\/\/fseneca.es\/secyt24\/wp-json\/wp\/v2\/pages"}],"about":[{"href":"https:\/\/fseneca.es\/secyt24\/wp-json\/wp\/v2\/types\/page"}],"author":[{"embeddable":true,"href":"https:\/\/fseneca.es\/secyt24\/wp-json\/wp\/v2\/users\/1"}],"replies":[{"embeddable":true,"href":"https:\/\/fseneca.es\/secyt24\/wp-json\/wp\/v2\/comments?post=16904"}],"version-history":[{"count":15,"href":"https:\/\/fseneca.es\/secyt24\/wp-json\/wp\/v2\/pages\/16904\/revisions"}],"predecessor-version":[{"id":17733,"href":"https:\/\/fseneca.es\/secyt24\/wp-json\/wp\/v2\/pages\/16904\/revisions\/17733"}],"wp:attachment":[{"href":"https:\/\/fseneca.es\/secyt24\/wp-json\/wp\/v2\/media?parent=16904"}],"curies":[{"name":"wp","href":"https:\/\/api.w.org\/{rel}","templated":true}]}}