{"id":17121,"date":"2024-10-08T09:20:36","date_gmt":"2024-10-08T09:20:36","guid":{"rendered":"https:\/\/fseneca.es\/secyt24\/?page_id=17121"},"modified":"2024-10-08T09:21:08","modified_gmt":"2024-10-08T09:21:08","slug":"espacio-uned","status":"publish","type":"page","link":"https:\/\/fseneca.es\/secyt24\/espacio-uned\/","title":{"rendered":"Espacio UNED"},"content":{"rendered":"<div id='actividades'><ul class='list'><li><a href='https:\/\/fseneca.es\/secyt24\/actividad\/cazadoras-de-mitos-matematicos\/' ><b>Cazadoras de mitos matem\u00e1ticos<\/b><\/a><p>Un grupo de matem\u00e1ticas, la divisi\u00f3n E, con una misi\u00f3n inusual: \u00abcazar\u00bb mitos que rodean las matem\u00e1ticas y demostrar que esta disciplina no es tan intimidante ni aburrida como muchos piensan. Las \u00abcazadoras matem\u00e1ticas\u00bb, entre bromas y ejemplos, invitan al p\u00fablico a explorar las matem\u00e1ticas con curiosidad, diversi\u00f3n y mucho respeto.<\/p>\n<\/li><li><a href='https:\/\/fseneca.es\/secyt24\/actividad\/ciencia-electromagnetica\/' ><b>Ciencia electromagn\u00e9tica<\/b><\/a><p>Esta actividad consiste en una charla-taller en la que se explicar\u00e1n algunos de los fundamentos del electromagnetismo, realizando experimentos divertidos y sencillos sobre magnetismo e inducci\u00f3n electromagn\u00e9tica, en los que podr\u00e1n participar los asistentes.<\/p>\n<\/li><li><a href='https:\/\/fseneca.es\/secyt24\/actividad\/dime-como-hablas-y-te-dire-de-donde-eres-geolocalizando-la-variacion-linguistica\/' ><b>Dime c\u00f3mo hablas y te dir\u00e9 de d\u00f3nde eres. Geolocalizando la variaci\u00f3n ling\u00fc\u00edstica<\/b><\/a><p>Para llevar a cabo esta actividad, los participantes dispondr\u00e1n de mapas geogr\u00e1ficos impresos con los que podr\u00e1n interactuar para experimentar con las palabras y su distribuci\u00f3n en el espacio. Se les pedir\u00e1 que sit\u00faen diferentes variantes l\u00e9xicas y fon\u00e9ticas en mapas de Espa\u00f1a para que sean conscientes de la variaci\u00f3n geoling\u00fc\u00edstica que ocupa la lengua espa\u00f1ola en Europa.<\/p>\n<\/li><li><a href='https:\/\/fseneca.es\/secyt24\/actividad\/en-busca-de-dinosaurios-ibericos\/' ><b>En busca de dinosaurios ib\u00e9ricos<\/b><\/a><p>Viaja al pasado con el Grupo de Biolog\u00eda Evolutiva de la UNED, hasta el Jur\u00e1sico de Portugal y el Cret\u00e1cico de Cuenca, Guadalajara y Castell\u00f3n, para conocer dinosaurios como Concavenator, Qunkasaura,Morelladon, Lohuecotitan o Pelecanimimus. A trav\u00e9s de r\u00e9plicas y modelos tridimensionales podr\u00e1s saber m\u00e1s sobre estos gigantes mesozoicos y el ambiente en el que viv\u00edan.<\/p>\n<\/li><li><a href='https:\/\/fseneca.es\/secyt24\/actividad\/entrena-tu-mente-juegos-y-dilemas-de-psicologia\/' ><b>Entrena tu mente. Juegos y dilemas de psicolog\u00eda<\/b><\/a><p>En este taller realizaremos varios juegos y dilemas para entrenar la mente de los participantes. Descubriremos los principales errores que cometemos: ilusiones perceptivas, fallos atencionales, falsas memorias, sesgos cognitivos, desinformaci\u00f3n, etc. Adem\u00e1s, presentaremos una de las mejores herramientas para que nuestra mente nonos enga\u00f1e: el pensamiento cr\u00edtico. Esta actividad est\u00e1 pensada para disfrutarla en familia. Ven y divi\u00e9rtete<\/p>\n<\/li><li><a href='https:\/\/fseneca.es\/secyt24\/actividad\/innovar-o-morir-como-las-leyes-pueden-revivir-nuestros-pueblos\/' ><b>Innovar o morir. \u00bfC\u00f3mo las leyes pueden revivir nuestros pueblos?<\/b><\/a><p>La investigaci\u00f3n y la innovaci\u00f3n en el \u00e1mbito del derecho juegan un papel crucial en la formulaci\u00f3n y delimitaci\u00f3n de pol\u00edticas p\u00fablicas. Un ejemplo claro es la lucha contra al despoblaci\u00f3n rural, en la que se aprecian las limitaciones que impone el ordenamiento junto a la posibilidad de adoptar medidas jur\u00eddicas contra la despoblaci\u00f3n.<\/p>\n<\/li><li><a href='https:\/\/fseneca.es\/secyt24\/actividad\/inteligencia-artificial-realidad-virtual-y-deporte\/' ><b>Inteligencia Artificial, Realidad Virtual y Deporte<\/b><\/a><p>\u00a1Atenci\u00f3n! \u00bfTe gusta el deporte o quieres formarte en IA? Te planteamos dos retos que a\u00fanan deporte e IA, uno basado en baloncesto y otro en artes amrciales.<\/p>\n<\/li><li><a href='https:\/\/fseneca.es\/secyt24\/actividad\/lenguaccesibles\/' ><b>LenguAccesibles<\/b><\/a><p>\u00bfSon accesibles para tod@s los materiales que usamos para aprender idiomas?<\/p>\n<p>Si quieres saber qu\u00e9 materiales digitales de los que usamos para aprender idiomas son accesibles, \u00e9ste es tu taller. Aprender\u00e1s las caracter\u00edsticas principales de los v\u00eddeos, textos e im\u00e1genes accesibles con juegos y de forma pr\u00e1ctica.<\/p>\n<\/li><li><a href='https:\/\/fseneca.es\/secyt24\/actividad\/optica-recreativa\/' ><b>\u00d3ptica recreativa<\/b><\/a><p>Charla -taller en la que se explicar\u00e1n algunos de los fundamentos de la \u00f3ptica, realizando experimentos divertidos y sencillos sobre la luz y sus propiedades, en los que podr\u00e1n participar los asistentes.<\/p>\n<\/li><\/ul><\/div>\n","protected":false},"excerpt":{"rendered":"","protected":false},"author":1,"featured_media":0,"parent":0,"menu_order":0,"comment_status":"closed","ping_status":"closed","template":"","meta":{"_acf_changed":false,"footnotes":""},"acf":[],"_links":{"self":[{"href":"https:\/\/fseneca.es\/secyt24\/wp-json\/wp\/v2\/pages\/17121"}],"collection":[{"href":"https:\/\/fseneca.es\/secyt24\/wp-json\/wp\/v2\/pages"}],"about":[{"href":"https:\/\/fseneca.es\/secyt24\/wp-json\/wp\/v2\/types\/page"}],"author":[{"embeddable":true,"href":"https:\/\/fseneca.es\/secyt24\/wp-json\/wp\/v2\/users\/1"}],"replies":[{"embeddable":true,"href":"https:\/\/fseneca.es\/secyt24\/wp-json\/wp\/v2\/comments?post=17121"}],"version-history":[{"count":2,"href":"https:\/\/fseneca.es\/secyt24\/wp-json\/wp\/v2\/pages\/17121\/revisions"}],"predecessor-version":[{"id":17123,"href":"https:\/\/fseneca.es\/secyt24\/wp-json\/wp\/v2\/pages\/17121\/revisions\/17123"}],"wp:attachment":[{"href":"https:\/\/fseneca.es\/secyt24\/wp-json\/wp\/v2\/media?parent=17121"}],"curies":[{"name":"wp","href":"https:\/\/api.w.org\/{rel}","templated":true}]}}