{"id":17170,"date":"2024-10-14T06:17:56","date_gmt":"2024-10-14T06:17:56","guid":{"rendered":"https:\/\/fseneca.es\/secyt24\/?page_id=17170"},"modified":"2024-10-14T07:01:43","modified_gmt":"2024-10-14T07:01:43","slug":"el-lince-iberico","status":"publish","type":"page","link":"https:\/\/fseneca.es\/secyt24\/el-lince-iberico\/","title":{"rendered":"El Lince Ib\u00e9rico"},"content":{"rendered":"\n<p>Este a\u00f1o en el stand de la Direcci\u00f3n General de Patrimonio Natural y Acci\u00f3n Clim\u00e1tica destacamos un espacio dedicado al lince ib\u00e9rico y el proyecto Lynxconnectque se est\u00e1 llevando a cabo pararestaurar y conservar la poblaci\u00f3n de esta emblem\u00e1tica especie en la pen\u00ednsula ib\u00e9rica. Lynxconnect es fundamental para proteger su h\u00e1bitat y facilitar la movilidad entre diferentes \u00e1reas de distribuci\u00f3n.<\/p>\n\n\n\n<p>El lince ib\u00e9rico (Lynx pardinus) es uno de los felinos m\u00e1s amenazados del mundo, actualmente ha bajado de categor\u00eda de amenaza de \u201cen peligro\u201d a \u201cvulnerable\u201d en la Lista Roja de Especies Amenazadas.Es reconocido por su belleza, con un pelaje moteado y distintivos mechones en las orejas. Act\u00faa como depredador, regulando las poblaciones de conejos y contribuyendo al equilibrio ecol\u00f3gico de su h\u00e1bitat. La conservaci\u00f3n del lince es vital no solo para la especie, sino tambi\u00e9n para la salud de los ecosistemas mediterr\u00e1neos que representa.<\/p>\n\n\n\n<p>Adem\u00e1s de conocer toda la informaci\u00f3n sobre el lince ib\u00e9rico tambi\u00e9n podr\u00e1s disfrutar en el stand de los siguientes talleres:<\/p>\n\n\n<ul>\n<li>Conoce el Centro de Recuperaci\u00f3n de Fauna Silvestre El Valle: a trav\u00e9s de gafas de realidad virtual, un peque\u00f1o video te mostrar\u00e1 la misi\u00f3n del Centro y por qu\u00e9 est\u00e1n all\u00ed sus animales.<\/li>\n<li>Me adapto al calor:Juego de olores con plantas arom\u00e1ticas, los aceites como medida de protecci\u00f3n frente al calor.<\/li>\n<li>Mira qu\u00e9 dejo y te dir\u00e9 qui\u00e9n soy: Muestras de rastros de fauna e identificaci\u00f3n de elementos.<\/li>\n<li>Sin rana no hay cuento: Juego para explicar la importancia de los anfibios en nuestros ecosistemas y saber identificarlos.<\/li>\n<li>Territorio Tortuga: a tortuga boba anida en las costas murcianas, aprende a identificaci\u00f3n sus rastros y qu\u00e9 debes hacer para no molestarlas y alterar su nido.<\/li>\n<li>Una playa limpia: demostraci\u00f3n de recogida de residuos en playas (Campa\u00f1a 0% Pl\u00e1sticos) y contribuci\u00f3n a ciencia ciudadana.<\/li>\n<li>\u00bfC\u00f3mo se mueve la sal en unas salinas? experimento de la densidad y concentraci\u00f3n de la sal de las charcas del Parque Regional Salinas de San Pedro<\/li>\n<\/ul>\n\n\n<div style=\"height:1em\" aria-hidden=\"true\" class=\"wp-block-spacer\"><\/div>\n","protected":false},"excerpt":{"rendered":"<p>Este a\u00f1o en el stand de la Direcci\u00f3n General de Patrimonio Natural y Acci\u00f3n Clim\u00e1tica destacamos un espacio dedicado al lince ib\u00e9rico y el proyecto Lynxconnectque se est\u00e1 llevando a cabo pararestaurar y conservar la poblaci\u00f3n de esta emblem\u00e1tica especie en la pen\u00ednsula ib\u00e9rica. Lynxconnect es fundamental para proteger su h\u00e1bitat y facilitar la movilidad [&hellip;]<\/p>\n","protected":false},"author":1,"featured_media":0,"parent":0,"menu_order":0,"comment_status":"closed","ping_status":"closed","template":"","meta":{"_acf_changed":false,"footnotes":""},"acf":[],"_links":{"self":[{"href":"https:\/\/fseneca.es\/secyt24\/wp-json\/wp\/v2\/pages\/17170"}],"collection":[{"href":"https:\/\/fseneca.es\/secyt24\/wp-json\/wp\/v2\/pages"}],"about":[{"href":"https:\/\/fseneca.es\/secyt24\/wp-json\/wp\/v2\/types\/page"}],"author":[{"embeddable":true,"href":"https:\/\/fseneca.es\/secyt24\/wp-json\/wp\/v2\/users\/1"}],"replies":[{"embeddable":true,"href":"https:\/\/fseneca.es\/secyt24\/wp-json\/wp\/v2\/comments?post=17170"}],"version-history":[{"count":9,"href":"https:\/\/fseneca.es\/secyt24\/wp-json\/wp\/v2\/pages\/17170\/revisions"}],"predecessor-version":[{"id":17185,"href":"https:\/\/fseneca.es\/secyt24\/wp-json\/wp\/v2\/pages\/17170\/revisions\/17185"}],"wp:attachment":[{"href":"https:\/\/fseneca.es\/secyt24\/wp-json\/wp\/v2\/media?parent=17170"}],"curies":[{"name":"wp","href":"https:\/\/api.w.org\/{rel}","templated":true}]}}