{"id":17245,"date":"2024-10-16T08:52:06","date_gmt":"2024-10-16T08:52:06","guid":{"rendered":"https:\/\/fseneca.es\/secyt24\/?page_id=17245"},"modified":"2024-10-23T06:55:03","modified_gmt":"2024-10-23T06:55:03","slug":"ciencia-a-escena","status":"publish","type":"page","link":"https:\/\/fseneca.es\/secyt24\/ciencia-a-escena\/","title":{"rendered":"Ciencia a Escena"},"content":{"rendered":"\n<h3 class=\"wp-block-heading\">Plat\u00f3 de grabaci\u00f3n<\/h3>\n\n\n\n<div style=\"height:1em\" aria-hidden=\"true\" class=\"wp-block-spacer\"><\/div>\n\n\n\n<p class=\"has-fseneca-green-color has-text-color has-link-color wp-elements-f1e01ef0bf250a97096ed20ea9dfae8f\"><strong>Espect\u00e1culo de m\u00fasica y ciencia Ella integra sola<\/strong><\/p>\n\n\n\n<p>Presentamos un espect\u00e1culo de m\u00fasica en directo y divulgaci\u00f3n cient\u00edfica, donde la copla, el rock, la astrof\u00edsica y las matem\u00e1ticas se abrazan, se dan la mano y bailan durante 60 minutos. El matem\u00e1tico Santi Garc\u00eda Cremades (UMU y AtresMedia) y el astr\u00f3nomo Manuel Gonz\u00e1lez (IAA-CSIC) presentan su espect\u00e1culo cient\u00edfico-musical Ella integra sola. La ciencia m\u00e1s musical, donde un matem\u00e1tico y un astr\u00f3nomo vienen a contar la ciencia desde lo m\u00e1s cotidiano a lo m\u00e1s lejano, con la m\u00fasica y el humor de unos divulgadores alocados. Desde Fran Perea a Lola Flores, pasando por Pit\u00e1goras y el observatorio de Granada. Un show in\u00e9dito donde ciencia, humor y copla se dan la mano en una fusi\u00f3n nuclear.<br><strong>S\u00e1bado 26 a las 13:00 h y domingo 27 a las 13:00 h.<\/strong><\/p>\n\n\n\n<div style=\"height:1em\" aria-hidden=\"true\" class=\"wp-block-spacer\"><\/div>\n\n\n\n<p class=\"has-fseneca-green-color has-text-color has-link-color wp-elements-ebdf6a0f53db0ea32f24875d57632a58\"><strong>Show C\u00f3mo Fre\u00edr un Paparajote, experimento a experimento, con el divulgador cient\u00edfico David Meseguer<\/strong><\/p>\n\n\n\n<p>Un espect\u00e1culo en el que exploraremos de manera cient\u00edfica y no demasiado convencional la forma de enfrentarnos a tareas comunes y descubrir que sucede si las pones en pr\u00e1ctica. \u00bfFuncionar\u00e1? \u00bfSer\u00e1 una idea terrible? La respuesta es lo de menos, porque lo divertido es aprender el \u00abpor qu\u00e9\u00bb. Experimento a experimento, descubriremos que cada problema tiene tres posibles soluciones: la correcta, la incorrecta y \u2026<br><strong>Viernes 25 a las 10:00, 11:15, 12:30 y 19:00 h<\/strong><\/p>\n\n\n\n<div style=\"height:1em\" aria-hidden=\"true\" class=\"wp-block-spacer\"><\/div>\n\n\n\n<p class=\"has-fseneca-green-color has-text-color has-link-color wp-elements-3df3e95d19e90321b566aef52a1dad87\"><strong>Espect\u00e1culo musical La m\u00fasica de las matem\u00e1ticas.<\/strong><\/p>\n\n\n\n<p>Un viaje fascinante por la historia de las matem\u00e1ticas con la m\u00fasica como fiel compa\u00f1era. La m\u00fasica de las matem\u00e1ticas une en un espect\u00e1culo \u00fanico al violinista y concertino de la Orquesta Sinf\u00f3nica de la Regi\u00f3n de Murcia, Darling Dyle, y al matem\u00e1tico y divulgador Santi Garc\u00eda Cremades, para demostrar que las melod\u00edas y los n\u00fameros est\u00e1n entrelazados de maneras insospechadas. Desde el lenguaje del Homo Sapiens hasta la era moderna. Una gu\u00eda por las civilizaciones sumerias y griegas, desvelando c\u00f3mo la m\u00fasica es pura proporci\u00f3n matem\u00e1tica.<br><strong>S\u00e1bado 26 a las 18:00 h<\/strong><\/p>\n\n\n\n<div style=\"height:1em\" aria-hidden=\"true\" class=\"wp-block-spacer\"><\/div>\n\n\n\n<p class=\"has-fseneca-green-color has-text-color has-link-color wp-elements-74df4ee20911ffaeece744e401e59c85\"><strong>Show Cazadoras de mitos matem\u00e1ticos de la UNED<\/strong><\/p>\n\n\n\n<p>Un grupo de matem\u00e1ticas, la divisi\u00f3n E, con una misi\u00f3n inusual: \u00abcazar\u00bb mitos que rodean las matem\u00e1ticas y demostrar que esta disciplina no es tan intimidante ni aburrida como muchos piensan. Las \u00abcazadoras matem\u00e1ticas\u00bb, entre bromas y ejemplos, invitan al p\u00fablico a explorar las matem\u00e1ticas con curiosidad, diversi\u00f3n y mucho respeto.<br><strong>S\u00e1bado 26 a las 12:30 h<\/strong><\/p>\n\n\n\n<div style=\"height:1em\" aria-hidden=\"true\" class=\"wp-block-spacer\"><\/div>\n\n\n\n<p class=\"has-fseneca-green-color has-text-color has-link-color wp-elements-fe9a349cd33defbd1a1da85b07df0936\"><strong>Encuentro cient\u00edfico Habla con tu cient\u00edfico favorito<\/strong><\/p>\n\n\n\n<p>Una oportunidad \u00fanica para conocer, de primera mano, a algunos de los cient\u00edficos m\u00e1s destacados del panorama nacional. En este evento, podr\u00e1s disfrutar de entrevistas en directo con expertos como Javier Santaolalla (f\u00edsico e influencer) y Boticaria Garc\u00eda (farmac\u00e9utica y doctora en nutrici\u00f3n).<br>A trav\u00e9s de una videollamada en directo, podr\u00e1s hablar con Javier Santolalla, divulgador cient\u00edfico y f\u00edsico de part\u00edculas que particip\u00f3 en el descubrimiento del bos\u00f3n de Higgs, y con Boticaria Garc\u00eda, famosa divulgadora sobre salud y nutrici\u00f3n.<br>Este formato permitir\u00e1 al p\u00fablico formular preguntas, intercambiar ideas y sumergirse en temas fascinantes de la f\u00edsica, la qu\u00edmica, la nutrici\u00f3n y las matem\u00e1ticas. \u00a1Una oportunidad de oro para los curiosos de la ciencia!<br><strong>Viernes 25 a las 20:00 h, con Boticaria Garc\u00eda<br>Domingo 27 a las 12:30 h, con Javier Santaolalla<\/strong><\/p>\n\n\n\n<div style=\"height:1em\" aria-hidden=\"true\" class=\"wp-block-spacer\"><\/div>\n\n\n\n<p class=\"has-fseneca-green-color has-text-color has-link-color wp-elements-d269c0803fca2a0e4c4f8765b7734d1b\"><strong>Concurso de mon\u00f3logos cient\u00edficos<\/strong><\/p>\n\n\n\n<p>Organizado por el IES Floridablanca, es un concurso que va ya por su s\u00e9ptima edici\u00f3n. El futuro de la divulgaci\u00f3n cient\u00edfica se sube al escenario con este concurso de mon\u00f3logos cient\u00edficos. Los estudiantes de ESO y Bachillerato de diversos centros educativos de la Regi\u00f3n de Murcia demostrar\u00e1n su creatividad y pasi\u00f3n por la ciencia, abordando temas fascinantes como los agujeros negros, la f\u00edsica cu\u00e1ntica, la inteligencia artificial o la geometr\u00eda de la danza.<br>En solo 3 minutos de mon\u00f3logo, estos j\u00f3venes divulgadores combinar\u00e1n humor, arte y ciencia, ofreciendo una muestra inspiradora de talento juvenil. Un jurado profesional otorgar\u00e1 los premios finales, reconociendo el ingenio y la habilidad de los cient\u00edficos del ma\u00f1ana. \u00a1No te pierdas esta oportunidad de descubrir a las futura voces de la ciencia!<br><strong>S\u00e1bado 26 a las 19:00 h<\/strong><\/p>\n\n\n\n<div style=\"height:1em\" aria-hidden=\"true\" class=\"wp-block-spacer\"><\/div>\n\n\n\n<p class=\"has-fseneca-green-color has-text-color has-link-color wp-elements-9041ec9b1c9292a4de7128ac7e504118\"><strong>UPCT-Bloopbusters. Cazadores de gazapos tecnol\u00f3gicos<\/strong><\/p>\n\n\n\n<p>\u00bfEs posible todo lo que vemos en las pel\u00edculas? Los UPCT-Bloopbusters, cazadores de gazapos cient\u00edficos, os mostramos los fallos cient\u00edficos y tecnol\u00f3gicos que aparecen en el cine de una manera amena y divertida. Proyectaremos escenas de pel\u00edculas, debatiremos sobre si lo que sucede podr\u00eda ocurrir en la vida real o no y, con la inestimable colaboraci\u00f3n de nuestro p\u00fablico, realizaremos un experimento para comprobarlo.<br><strong>S\u00e1bado 26, a las 20:00 h<\/strong><\/p>\n\n\n\n<div style=\"height:1em\" aria-hidden=\"true\" class=\"wp-block-spacer\"><\/div>\n\n\n\n<p class=\"has-fseneca-green-color has-text-color has-link-color wp-elements-79afac4eeccd5cdfc64e86a8710b3fea\"><strong>Ciencia a escena con las universidades (UMU, UPCT, UCAM y UNED)<\/strong><\/p>\n\n\n\n<p><strong>Viernes 25 a las 18:00 h<\/strong><\/p>\n\n\n\n<div style=\"height:1em\" aria-hidden=\"true\" class=\"wp-block-spacer\"><\/div>\n\n\n\n<p class=\"has-fseneca-green-color has-text-color has-link-color wp-elements-789de3720d3c4b0038e659b3f433f64a\"><strong>Ciencia a escena. Entrevistas en directo a participantes destacados de la Semana de la Ciencia.<\/strong><\/p>\n\n\n\n<p><strong>Viernes 25 a las 17:00 h, s\u00e1bado 26 a las 11:00 y 17:00, y domingo 27 a las 11.00 h.<\/strong><\/p>\n","protected":false},"excerpt":{"rendered":"<p>Plat\u00f3 de grabaci\u00f3n Espect\u00e1culo de m\u00fasica y ciencia Ella integra sola Presentamos un espect\u00e1culo de m\u00fasica en directo y divulgaci\u00f3n cient\u00edfica, donde la copla, el rock, la astrof\u00edsica y las matem\u00e1ticas se abrazan, se dan la mano y bailan durante 60 minutos. El matem\u00e1tico Santi Garc\u00eda Cremades (UMU y AtresMedia) y el astr\u00f3nomo Manuel Gonz\u00e1lez [&hellip;]<\/p>\n","protected":false},"author":1,"featured_media":0,"parent":0,"menu_order":0,"comment_status":"closed","ping_status":"closed","template":"","meta":{"_acf_changed":false,"footnotes":""},"acf":[],"_links":{"self":[{"href":"https:\/\/fseneca.es\/secyt24\/wp-json\/wp\/v2\/pages\/17245"}],"collection":[{"href":"https:\/\/fseneca.es\/secyt24\/wp-json\/wp\/v2\/pages"}],"about":[{"href":"https:\/\/fseneca.es\/secyt24\/wp-json\/wp\/v2\/types\/page"}],"author":[{"embeddable":true,"href":"https:\/\/fseneca.es\/secyt24\/wp-json\/wp\/v2\/users\/1"}],"replies":[{"embeddable":true,"href":"https:\/\/fseneca.es\/secyt24\/wp-json\/wp\/v2\/comments?post=17245"}],"version-history":[{"count":21,"href":"https:\/\/fseneca.es\/secyt24\/wp-json\/wp\/v2\/pages\/17245\/revisions"}],"predecessor-version":[{"id":17697,"href":"https:\/\/fseneca.es\/secyt24\/wp-json\/wp\/v2\/pages\/17245\/revisions\/17697"}],"wp:attachment":[{"href":"https:\/\/fseneca.es\/secyt24\/wp-json\/wp\/v2\/media?parent=17245"}],"curies":[{"name":"wp","href":"https:\/\/api.w.org\/{rel}","templated":true}]}}