{"id":17627,"date":"2024-10-22T07:27:12","date_gmt":"2024-10-22T07:27:12","guid":{"rendered":"https:\/\/fseneca.es\/secyt24\/?page_id=17627"},"modified":"2024-10-22T07:53:29","modified_gmt":"2024-10-22T07:53:29","slug":"david-meseguer","status":"publish","type":"page","link":"https:\/\/fseneca.es\/secyt24\/david-meseguer\/","title":{"rendered":"David Meseguer"},"content":{"rendered":"\n<p class=\"has-fseneca-green-color has-text-color has-link-color wp-elements-ebdf6a0f53db0ea32f24875d57632a58\"><strong>Show C\u00f3mo Fre\u00edr un Paparajote, experimento a experimento, con el divulgador cient\u00edfico David Meseguer<\/strong><\/p>\n\n\n\n<p>Un espect\u00e1culo en el que exploraremos de manera cient\u00edfica y no demasiado convencional la forma de enfrentarnos a tareas comunes y descubrir que sucede si las pones en pr\u00e1ctica. \u00bfFuncionar\u00e1? \u00bfSer\u00e1 una idea terrible? La respuesta es lo de menos, porque lo divertido es aprender el \u00abpor qu\u00e9\u00bb. Experimento a experimento, descubriremos que cada problema tiene tres posibles soluciones: la correcta, la incorrecta y \u2026<\/p>\n\n\n\n<p><strong>Viernes 25 a las 10:00, 11:15, 12:30 y 19:00 h<\/strong><\/p>\n\n\n<div class=\"wp-block-image\">\n<figure class=\"aligncenter size-large is-resized\"><img loading=\"lazy\" decoding=\"async\" width=\"1024\" height=\"683\" src=\"https:\/\/fseneca.es\/secyt24\/wp-content\/uploads\/2024\/10\/david-meseguer-1024x683.jpg\" alt=\"\" class=\"wp-image-17634\" style=\"width:1200px;height:auto\" srcset=\"https:\/\/fseneca.es\/secyt24\/wp-content\/uploads\/2024\/10\/david-meseguer-1024x683.jpg 1024w, https:\/\/fseneca.es\/secyt24\/wp-content\/uploads\/2024\/10\/david-meseguer-300x200.jpg 300w, https:\/\/fseneca.es\/secyt24\/wp-content\/uploads\/2024\/10\/david-meseguer-768x512.jpg 768w, https:\/\/fseneca.es\/secyt24\/wp-content\/uploads\/2024\/10\/david-meseguer-1536x1024.jpg 1536w, https:\/\/fseneca.es\/secyt24\/wp-content\/uploads\/2024\/10\/david-meseguer-2048x1365.jpg 2048w\" sizes=\"(max-width: 1024px) 100vw, 1024px\" \/><\/figure><\/div>","protected":false},"excerpt":{"rendered":"<p>Show C\u00f3mo Fre\u00edr un Paparajote, experimento a experimento, con el divulgador cient\u00edfico David Meseguer Un espect\u00e1culo en el que exploraremos de manera cient\u00edfica y no demasiado convencional la forma de enfrentarnos a tareas comunes y descubrir que sucede si las pones en pr\u00e1ctica. \u00bfFuncionar\u00e1? \u00bfSer\u00e1 una idea terrible? La respuesta es lo de menos, porque [&hellip;]<\/p>\n","protected":false},"author":1,"featured_media":0,"parent":0,"menu_order":0,"comment_status":"closed","ping_status":"closed","template":"","meta":{"_acf_changed":false,"footnotes":""},"acf":[],"_links":{"self":[{"href":"https:\/\/fseneca.es\/secyt24\/wp-json\/wp\/v2\/pages\/17627"}],"collection":[{"href":"https:\/\/fseneca.es\/secyt24\/wp-json\/wp\/v2\/pages"}],"about":[{"href":"https:\/\/fseneca.es\/secyt24\/wp-json\/wp\/v2\/types\/page"}],"author":[{"embeddable":true,"href":"https:\/\/fseneca.es\/secyt24\/wp-json\/wp\/v2\/users\/1"}],"replies":[{"embeddable":true,"href":"https:\/\/fseneca.es\/secyt24\/wp-json\/wp\/v2\/comments?post=17627"}],"version-history":[{"count":11,"href":"https:\/\/fseneca.es\/secyt24\/wp-json\/wp\/v2\/pages\/17627\/revisions"}],"predecessor-version":[{"id":17644,"href":"https:\/\/fseneca.es\/secyt24\/wp-json\/wp\/v2\/pages\/17627\/revisions\/17644"}],"wp:attachment":[{"href":"https:\/\/fseneca.es\/secyt24\/wp-json\/wp\/v2\/media?parent=17627"}],"curies":[{"name":"wp","href":"https:\/\/api.w.org\/{rel}","templated":true}]}}