{"id":15092,"date":"2023-10-02T07:47:53","date_gmt":"2023-10-02T07:47:53","guid":{"rendered":"https:\/\/fseneca.es\/secyt23\/?page_id=15092"},"modified":"2025-10-08T12:06:59","modified_gmt":"2025-10-08T12:06:59","slug":"actividades-en-cartagena","status":"publish","type":"page","link":"https:\/\/fseneca.es\/secyt25\/actividades-en-cartagena\/","title":{"rendered":"Actividades en Cartagena"},"content":{"rendered":"\n\n<div class=\"su-posts su-posts-default-loop \">\n\n\t          <ul>\n\t\t\t\t\t\n\t\t\t\n\t\t\t<li id=\"su-post-19012\" class=\"su-post \">\n\n\t\t\t\t\n\t\t\t\t<h2 class=\"su-post-title\"><a href=\"https:\/\/fseneca.es\/secyt25\/actividad\/cuentacuentos-el-reloj-del-oceano-que-contaba-secretos\/\" target=\"_blank\">Cuentacuentos: El reloj del oc\u00e9ano que contaba secretos<\/a><\/h2>\n                <strong>ARQVA<\/strong>\n                <p>Sum\u00e9rgete en una aventura m\u00e1gica bajo el mar con nuestro cuento. Cada ola y cada burbuja guardan un misterio, y un reloj muy especial sabe contarlos. Los ni\u00f1os y las ni\u00f1as descubrir\u00e1n los secretos del oc\u00e9ano mientras acompa\u00f1an a curiosos peces, caracoles y otros habitantes marinos. Una historia llena de sorpresas, colores y sonidos del mar que despertar\u00e1 la imaginaci\u00f3n y el amor por el mundo submarino.<\/p>\n                <a href=\"https:\/\/fseneca.es\/secyt25\/actividad\/cuentacuentos-el-reloj-del-oceano-que-contaba-secretos\/\" target=\"_blank\"><small>+INFO<\/small><\/a>\n\n\n\n\t\t\t<\/li>\n\n\t\t\t\t\t\n\t\t\t\n\t\t\t<li id=\"su-post-19013\" class=\"su-post \">\n\n\t\t\t\t\n\t\t\t\t<h2 class=\"su-post-title\"><a href=\"https:\/\/fseneca.es\/secyt25\/actividad\/taller-familiar-historias-pintadas\/\" target=\"_blank\">Taller familiar: Historias pintadas<\/a><\/h2>\n                <strong>ARQVA<\/strong>\n                <p>En este taller, los m\u00e1s peque\u00f1os descubrir\u00e1n los secretos de la cer\u00e1mica griega y c\u00f3mo estos contaban historias a trav\u00e9s de im\u00e1genes secuenciales. Aprender\u00e1n c\u00f3mo las escenas representadas en las cer\u00e1micas griegas pueden verse como los \u00abc\u00f3mics\u00bb de la antig\u00fcedad y crear\u00e1n sus propias \u00abhistorias en cer\u00e1mica\u00bb, combinando t\u00e9cnicas cl\u00e1sicas y modernas para expresar sus ideas visualmente, como si fueran los artistas de c\u00f3mics de la antigua Grecia.<\/p>\n                <a href=\"https:\/\/fseneca.es\/secyt25\/actividad\/taller-familiar-historias-pintadas\/\" target=\"_blank\"><small>+INFO<\/small><\/a>\n\n\n\n\t\t\t<\/li>\n\n\t\t\t\t\t\n\t\t\t\n\t\t\t<li id=\"su-post-19014\" class=\"su-post \">\n\n\t\t\t\t\n\t\t\t\t<h2 class=\"su-post-title\"><a href=\"https:\/\/fseneca.es\/secyt25\/actividad\/la-maquina-del-tiempo-descubre-el-teatro-romano-con-realidad-virtual\/\" target=\"_blank\">LA M\u00c1QUINA DEL TIEMPO. Descubre el teatro romano con realidad virtual.<\/a><\/h2>\n                <strong>Museo del Teatro Romano de Cartagena<\/strong>\n                <p>Una visita guiada al Museo del Teatro Romano de Cartagena con realidad virtual que te permitir\u00e1 sumergirte mediante la recreaci\u00f3n 3D insertada en las tablets en el antiguo edificio. Podr\u00e1s visualizar\u00a0 c\u00f3mo era el teatro romano en el siglo I, ver la decoraci\u00f3n pict\u00f3rica del p\u00f3rtico reconstruido virtualmente y muchas cosas m\u00e1s.<\/p>\n                <a href=\"https:\/\/fseneca.es\/secyt25\/actividad\/la-maquina-del-tiempo-descubre-el-teatro-romano-con-realidad-virtual\/\" target=\"_blank\"><small>+INFO<\/small><\/a>\n\n\n\n\t\t\t<\/li>\n\n\t\t\t\t\t\n\t\t\t\n\t\t\t<li id=\"su-post-19016\" class=\"su-post \">\n\n\t\t\t\t\n\t\t\t\t<h2 class=\"su-post-title\"><a href=\"https:\/\/fseneca.es\/secyt25\/actividad\/regreso-al-pasado-realidad-virtual\/\" target=\"_blank\">Regreso al pasado. Realidad virtual.<\/a><\/h2>\n                <strong>Cartagena Puerto de Culturas<\/strong>\n                <p>Una experiencia de visita guiada donde la realidad virtual, a trav\u00e9s de tablets, permitir\u00e1 caminar por los escenarios reales de la antigua Carthago Nova. Las ruinas romanas cobrar\u00e1n vida pudiendo ver c\u00f3mo eran los edificios y conocer para que eran usados: como los romanos se relajaban en las termas, disfrutaban de un banquete o rend\u00edan culto a sus dioses.<\/p>\n                <a href=\"https:\/\/fseneca.es\/secyt25\/actividad\/regreso-al-pasado-realidad-virtual\/\" target=\"_blank\"><small>+INFO<\/small><\/a>\n\n\n\n\t\t\t<\/li>\n\n\t\t          <\/ul>\n\t\n<\/div>\n\n","protected":false},"excerpt":{"rendered":"","protected":false},"author":168,"featured_media":15103,"parent":0,"menu_order":0,"comment_status":"closed","ping_status":"closed","template":"","meta":{"_acf_changed":false,"footnotes":""},"class_list":["post-15092","page","type-page","status-publish","has-post-thumbnail","hentry"],"acf":[],"_links":{"self":[{"href":"https:\/\/fseneca.es\/secyt25\/wp-json\/wp\/v2\/pages\/15092","targetHints":{"allow":["GET"]}}],"collection":[{"href":"https:\/\/fseneca.es\/secyt25\/wp-json\/wp\/v2\/pages"}],"about":[{"href":"https:\/\/fseneca.es\/secyt25\/wp-json\/wp\/v2\/types\/page"}],"author":[{"embeddable":true,"href":"https:\/\/fseneca.es\/secyt25\/wp-json\/wp\/v2\/users\/168"}],"replies":[{"embeddable":true,"href":"https:\/\/fseneca.es\/secyt25\/wp-json\/wp\/v2\/comments?post=15092"}],"version-history":[{"count":27,"href":"https:\/\/fseneca.es\/secyt25\/wp-json\/wp\/v2\/pages\/15092\/revisions"}],"predecessor-version":[{"id":19198,"href":"https:\/\/fseneca.es\/secyt25\/wp-json\/wp\/v2\/pages\/15092\/revisions\/19198"}],"wp:featuredmedia":[{"embeddable":true,"href":"https:\/\/fseneca.es\/secyt25\/wp-json\/wp\/v2\/media\/15103"}],"wp:attachment":[{"href":"https:\/\/fseneca.es\/secyt25\/wp-json\/wp\/v2\/media?parent=15092"}],"curies":[{"name":"wp","href":"https:\/\/api.w.org\/{rel}","templated":true}]}}