{"id":16646,"date":"2024-09-20T11:31:34","date_gmt":"2024-09-20T11:31:34","guid":{"rendered":"https:\/\/fseneca.es\/secyt24\/?page_id=16646"},"modified":"2025-10-27T13:53:34","modified_gmt":"2025-10-27T13:53:34","slug":"talleres-seneca","status":"publish","type":"page","link":"https:\/\/fseneca.es\/secyt25\/talleres-seneca\/","title":{"rendered":"TALLERES S\u00c9NECA \u00abJ\u00d3VENES CIENT\u00cdFICOS\u00bb"},"content":{"rendered":"\n<p>La Fundaci\u00f3n S\u00e9neca ofrece al p\u00fablico m\u00e1s joven los siguientes talleres, dentro del programa de actividades de la Secyt25.<\/p>\n\n\n<div class=\"wp-block-image\">\n<figure class=\"aligncenter size-full\"><img loading=\"lazy\" decoding=\"async\" width=\"1920\" height=\"654\" src=\"https:\/\/fseneca.es\/secyt25\/wp-content\/uploads\/2025\/10\/secyt-talleres-slide.jpg\" alt=\"\" class=\"wp-image-19292\" srcset=\"https:\/\/fseneca.es\/secyt25\/wp-content\/uploads\/2025\/10\/secyt-talleres-slide.jpg 1920w, https:\/\/fseneca.es\/secyt25\/wp-content\/uploads\/2025\/10\/secyt-talleres-slide-300x102.jpg 300w, https:\/\/fseneca.es\/secyt25\/wp-content\/uploads\/2025\/10\/secyt-talleres-slide-1024x349.jpg 1024w, https:\/\/fseneca.es\/secyt25\/wp-content\/uploads\/2025\/10\/secyt-talleres-slide-768x262.jpg 768w, https:\/\/fseneca.es\/secyt25\/wp-content\/uploads\/2025\/10\/secyt-talleres-slide-1536x523.jpg 1536w\" sizes=\"auto, (max-width: 1920px) 100vw, 1920px\" \/><\/figure><\/div>\n\n\n<h3 class=\"wp-block-heading has-fseneca-green-color has-text-color has-link-color wp-elements-6305fcc3854539fd89ecb61e0b81418a\">Inscripciones en esta web<\/h3>\n\n\n\n<h3 class=\"wp-block-heading has-fseneca-green-color has-text-color has-link-color wp-elements-6377e6a716ebaed952dec730018fab25\">El taller se realizar\u00e1 en el stand de la Fundaci\u00f3n S\u00e9neca, en el Jard\u00edn del Malec\u00f3n (entrada por Plano de San Francisco)<\/h3>\n\n\n<div><ul class='list'><li><b class='fg-green'>Adivina tu edad con IA<\/b><p><p>Los participantes aprender\u00e1n a programar una aplicaci\u00f3n que ser\u00e1 capaz de adivinar su edad por medio de bloques de programaci\u00f3n combinando n\u00fameros y conceptos matem\u00e1ticos de forma divertida.<br \/>\nTaller realizado por Conectados &#8211; Escuela Tecnol\u00f3gica<\/p>\n<p>Para ni\u00f1@s + de 9 a\u00f1os<br \/>\nViernes 24 a las 19:45 h<\/p>\n<p><\/p>\n<\/p><\/li><li><b class='fg-green'>ADN al azar<\/b><p><p>Taller art\u00edstico<br \/>\nTira el dado del ADN y decide c\u00f3mo se ver\u00e1 tu personaje! \u00bfQu\u00e9 aspecto le deparar\u00e1 la gen\u00e9tica?<\/p>\n<p>Taller realizado por Amaya Garc\u00eda<\/p>\n<p>Para ni\u00f1@s entre 7 y 12 a\u00f1os<br \/>\nDomingo 26 a las 11:45 h y 13:00<\/p>\n<p><\/p>\n<\/p><\/li><li><b class='fg-green'>Circuitos electr\u00f3nicos<\/b><p><p>Daremos los primeros pasos en el mundo de la electr\u00f3nica, combinando portapilas, motores, altavoces, h\u00e9lices, interruptores, portabombillas con bombillas, imanes, etc. Crearemos circuitos y comprobaremos c\u00f3mo funciona la electricidad.<br \/>\nTaller realizado por Conectados &#8211; Escuela Tecnol\u00f3gica<\/p>\n<p>Para ni\u00f1@s + de 6 a\u00f1os<br \/>\nS\u00e1bado 25 a las 12:30 h<br \/>\nDomingo 26 a las 12:50 h<\/p>\n<p><\/p>\n<\/p><\/li><li><b class='fg-green'>Copa molona, multi fruti y mucho m\u00e1s<\/b><p><p>Taller de cocina.<br \/>\nEn esta receta usaremos diferentes tipos de frutas naturales de temporada, as\u00ed como frutas presentadas en productos elaborados como mermelada y yogurt. Juagaremos con tipos de cortes, colores y texturas, rallaremos y coronaremos la misma con un pu\u00f1ado de palomitas de ma\u00edz que cocinaremos en el momento.<br \/>\nObservaremos los granos de ma\u00edz, que en su interior contienen almid\u00f3n y un poquito de agua, y descubriremos por qu\u00e9 explotan al someterlos a una temperatura alta. \u00a1Cuando haces POP, YA NO HAY STOP!<\/p>\n<p>Taller realizado por Aula Gastron\u00f3mica Mar\u00eda Dolores Bar\u00f3<\/p>\n<p>Para ni\u00f1@s de 5 a 8 a\u00f1os<br \/>\nViernes 24 a las 17:30 h y 19:55 h<\/p>\n<p>Para ni\u00f1@s de 7 a 12 a\u00f1os<br \/>\nViernes 24 a las 18:40 h<\/p>\n<p><\/p>\n<\/p><\/li><li><b class='fg-green'>Crea tu pel\u00edcula<\/b><p><p>En este taller los estudiantes realizar\u00e1n un proyecto de creaci\u00f3n de una pel\u00edcula animada con la t\u00e9cnica cinematogr\u00e1fica de Stop Motion, donde aprender\u00e1n conceptos relacionados con la creaci\u00f3n de historias, el dise\u00f1o de escenarios y personajes junto con el desarrollo de la t\u00e9cnica y sus caracter\u00edsticas.<br \/>\nTaller realizado por Conectados &#8211; Escuela Tecnol\u00f3gica<\/p>\n<p>Para ni\u00f1@s + de 6 a\u00f1os<br \/>\nViernes 24 a las 17:20 horas<br \/>\nDomingo 26 a las 11:30<\/p>\n<p><\/p>\n<\/p><\/li><li><b class='fg-green'>Crea y entrena modelos de IA<\/b><p><p>A trav\u00e9s de diferentes herramientas ense\u00f1aremos c\u00f3mo entrenar una m\u00e1quina de inteligencia artificial para que sea capaz de reconocier im\u00e1genes o texto de diferentes categor\u00edas. Crearemos en un sencillo entorno de aprendizaje guiado para entrenar modelos de aprendizaje autom\u00e1tico, que sean capaces de identificar texto, n\u00fameros o im\u00e1genes.<br \/>\nTaller realizado por Conectados &#8211; Escuela Tecnol\u00f3gica<\/p>\n<p>Para ni\u00f1@s a partir de 11 a\u00f1os.<br \/>\nS\u00e1bado 25 a las 11:10 h<\/p>\n<p><\/p>\n<\/p><\/li><li><b class='fg-green'>Eco-maceto huerto<\/b><p><p>Los participantes aprender\u00e1n a cultivar verduras comestibles en su terraza, balc\u00f3n o patio. Una t\u00e9cnica sencilla, ecol\u00f3gica y productiva para obtener parte de nuestro alimento, al tiempo que cuidamos de nuestro entorno.<\/p>\n<p>Taller realizado por Kuboshi<\/p>\n<p>Para ni\u00f1@s de m\u00e1s de 4 a\u00f1os<br \/>\nViernes 24 a las 19:35 h<\/p>\n<p><\/p>\n<\/p><\/li><li><b class='fg-green'>Estampaci\u00f3n bot\u00e1nica<\/b><p><p>Este taller tan especial acercar\u00e1 a los participantes al mundo de las plantas y sus pigmentos naturales a trav\u00e9s de la t\u00e9cnica del Hapazome, esto es, estampaci\u00f3n por presi\u00f3n con elementos vegetales).<br \/>\nCada uno de los asistentes estampar\u00e1 su propia tote bag de algod\u00f3n, utilizando hojas, p\u00e9talos y flores enteras para crear un dise\u00f1o \u00fanico.<br \/>\nAdem\u00e1s de promover la creatividad y la expresi\u00f3n art\u00edstica, fomentamos la curiosidad cient\u00edfica sobre el mundo de las plantas y los pigmentos naturales, desarrollamos la coordinaci\u00f3n motriz a trav\u00e9s del estampado manual y concienciamos sobre la sostenibilidad y el reciclaje textil, mostrando alternativas a los tintes sint\u00e9ticos.<\/p>\n<p>Taller realizado por Roxana Hernans\u00e1ez de El Ba\u00fal de Arte<\/p>\n<p>Para ni\u00f1@s entre 6 y 12 a\u00f1os<br \/>\nS\u00e1bado 25 a las 17:10 h, 18:25 h y 19:40 h<br \/>\nDomingo 26 a las 11:20 h y 12:40 h<\/p>\n<p><\/p>\n<\/p><\/li><li><b class='fg-green'>Iniciaci\u00f3n al Dise\u00f1o Gr\u00e1fico<\/b><p><p>Crea im\u00e1genes y dise\u00f1os utilizando una tableta gr\u00e1fica y un l\u00e1piz digital. Te adentrar\u00e1s en el mundo de la ilustraci\u00f3n, creando bocetos, ilustraciones, etc.<br \/>\nTaller realizado por Conectados &#8211; Escuela Tecnol\u00f3gica<\/p>\n<p>Para ni\u00f1@s + de 8 a\u00f1os<br \/>\nS\u00e1bado 25 a las 18:50 h<\/p>\n<p><\/p>\n<\/p><\/li><li><b class='fg-green'>Kuboshi: c\u00f3mo crear compostaje casero<\/b><p><p>El sistema de compostaje Kuboshi es un m\u00e9todo anaer\u00f3bico que permite transformar la mayor\u00eda de los residuos org\u00e1nicos en abono de alta calidad, sin olores desagradables ni plagas, y que emplea un sistema accesible, pr\u00e1ctico y cient\u00edficamente riguroso. A diferencia del sistema de compostaje tradicional mediante oxidaci\u00f3n, Kuboshi trabaja sin olores ni insectos, convirti\u00e9ndose as\u00ed en una poderosa herramienta ecol\u00f3gica y de educaci\u00f3n ambiental.<br \/>\nEn este taller los participantes se convierten en protagonistas del proceso biotecnol\u00f3gico del compostaje, transformando residuos org\u00e1nicos en compost y un lixiviado para fertilizar cualquier huerto escolar o familiar. Ser\u00e1 una experiencia \u00fanica y fascinante, donde la ciencia se pone en acci\u00f3n y se abordan desaf\u00edos del presente.<\/p>\n<p>Taller realizado por Kuboshi<\/p>\n<p>\u00a1NOVEDAD!! Para ADULTOS (profesores, padres, y p\u00fablico adulto en general)<br \/>\nS\u00e1bado 25 a las 11:20 h<\/p>\n<p>Para ni\u00f1@s de m\u00e1s de 12 a\u00f1os<br \/>\nS\u00e1bado 25 a las 12:40 h<\/p>\n<p><\/p>\n<\/p><\/li><li><b class='fg-green'>Nendo Dango o bombas de vida<\/b><p><p>Los participantes ser\u00e1n protagonistas en la lucha contra el cambio clim\u00e1tico mediante la elaboraci\u00f3n de bolas de arcilla con semillas y otros ingredientes que utilizar\u00e1n para la restauraci\u00f3n ecol\u00f3gica de espacios degradados de su entorno.<\/p>\n<p>Taller realizado por Kuboshi<\/p>\n<p>Para ni\u00f1@s de m\u00e1s de 4 a\u00f1os<br \/>\nViernes 24 a las 18:20 h<\/p>\n<p><\/p>\n<\/p><\/li><li><b class='fg-green'>Planetario en vivo<\/b><p><p>El planetario es una c\u00fapula de 7 metros de di\u00e1metro por 4 de alto, con un aforo de 30 personas si hay adultos.<\/p>\n<p>El planetario funciona como una aut\u00e9ntica m\u00e1quina del tiempo que viaja por el espacio, proyectando en el interior de la c\u00fapula im\u00e1genes realistas del cielo de Murcia, de los planetas del Sistema Solar y de muchos otros objetos celestes. El astr\u00f3nomo maneja los mandos en directo, mientras el p\u00fablico o el alumnado interaccionan con \u00e9l, en un ambiente gamificado, manejando una variedad de herramientas y recursos digitales para soprender y motivar los aprendizajes de diversos conceptos.<\/p>\n<p>Las sesiones ser\u00e1n diferentes en funci\u00f3n de las caracter\u00edsticas del p\u00fablico que asista en cada momento concreto. En este sentido, habr\u00e1 sesiones especiales para ni\u00f1os de hasta 7 a\u00f1os, mixtas, adaptadas al nivel infantil con contenidos para todas las edades, o bien sesiones de experto, cuando el p\u00fablico lo solicite. Siempre ser\u00e1n sesiones en directo, a cargo de nuestro m\u00e1ster en astronom\u00eda y astrof\u00edsica, m\u00e1ster en comunicaci\u00f3n cient\u00edfica y experto divulgador en sesiones de planetario desde 1994.<\/p>\n<p>Las entradas se recogen en la misma puerta del Planetario, junto al Baobar en el Jard\u00edn Bot\u00e1nico del Malec\u00f3n.<\/p>\n<p>Horarios de los pases:<\/p>\n<p><strong>Viernes 24<\/strong>: por la ma\u00f1ana a las 10:15, 11:00, 11:45, 12:30 y 13:15 h; y por la tarde a las 17:15, 18:00, 18:45, 19:30 y 20:15 h<br \/>\n<strong>S\u00e1bado 25<\/strong>: por la ma\u00f1ana a las 11:15, 12:00, 12:45 y 13:30 h; y por la tarde a las 17:15, 18:00, 18:45, 19:30 y 20:15 h<br \/>\n<strong>Domingo 26<\/strong>: a las 10:15, 11:00, 11:45, 12:30 y 13:15 h<\/p>\n<\/p><\/li><li><b class='fg-green'>POK\u00c8CIENCIA<\/b><p><p>Taller art\u00edsitico<br \/>\nAprende las familias del mundo animal de la mano de los peque\u00f1os monstruos de bolsillo!<\/p>\n<p>Taller realizado por Amaya Garc\u00eda<\/p>\n<p>Para ni\u00f1@s entre 7 y 12 a\u00f1os<br \/>\nS\u00e1bado 25 a las 11:30 h y 12:50 h<\/p>\n<p><\/p>\n<\/p><\/li><li><b class='fg-green'>Programa m\u00fasica y luz<\/b><p><p>Crearemos efectos de luz y sonido con el procesador HaloCode, programando diferentes patrones de colores cambiantes que reaccionan con el sonido de la m\u00fasica.<br \/>\nTaller realizado por Conectados &#8211; Escuela Tecnol\u00f3gica<\/p>\n<p>Para ni\u00f1@s + de 10 a\u00f1os<br \/>\nViernes 24 a las 18:30 h<\/p>\n<p><\/p>\n<\/p><\/li><li><b class='fg-green'>Programa tu propia App<\/b><p><p>App Inventor est\u00e1 dise\u00f1ado para programar aplicaciones sencillas pero totalmente funcionales para smartphones y tablets de dispositivos Android o iOS. Los participantes utilizar\u00e1n un software de programaci\u00f3n profundamente visual e intuitivo, que funciona con un lenguaje de programaci\u00f3n basado en bloques.<br \/>\nTaller realizado por Conectados &#8211; Escuela Tecnol\u00f3gica<\/p>\n<p>Para ni\u00f1@s + de 9 a\u00f1os<br \/>\nS\u00e1bado 25 a las 20:00 h<\/p>\n<p><\/p>\n<\/p><\/li><li><b class='fg-green'>Tortitas espaciales<\/b><p><p>Taller de cocina<br \/>\nAhora es el turno de una masa sencilla que prepararemos pesando y midiendo ingredientes, entre ellos huevos frescos, y descubriremos los secretos que esconden. La levadura qu\u00edmica convertir\u00e1 la masa en una esponja m\u00e1gica que llenar\u00e1 de burbujas y espuma la masa y al cocinarla conseguir\u00e1 que se ponga \u201cm\u00e1s gordita\u201d. Pero le daremos un toque \u201cespacial\u201d a la masa, colore\u00e1ndola antes de cocinarla y, una vez hecha, podremos crear nuestra propia luna llena o media luna con ayuda de cortadores, sin olvidarnos de cubrirla de crema de cacao y decoraciones escogidas para la ocasi\u00f3n.<\/p>\n<p>Taller realizado por Aula Gastron\u00f3mica Mar\u00eda Dolores Bar\u00f3<\/p>\n<p>Para ni\u00f1@s de 5 a 8 a\u00f1os<br \/>\nS\u00e1bado 25 a las 18:40 h<\/p>\n<p>Para ni\u00f1@s de 7 a 12 a\u00f1os<br \/>\nS\u00e1bado 25 a las 19:50 h<\/p>\n<p><\/p>\n<\/p><\/li><li><b class='fg-green'>Tus dibujos cobran vida<\/b><p><p>Combinaremos la coloraci\u00f3n f\u00edsica con la genial tecnolog\u00eda de realidad aumentada, para crear una experiencia atractiva, educativa y m\u00e1gica.<br \/>\nComprobaremos c\u00f3mo los dibujos cobran vida y podremos interactuar con ellos.<br \/>\nTaller realizado por Conectados &#8211; Escuela Tecnol\u00f3gica<\/p>\n<p>Para ni\u00f1@s + de 6 a\u00f1os<br \/>\nS\u00e1bado 25 a las 17:30 h<\/p>\n<p><\/p>\n<\/p><\/li><li><b class='fg-green'>Ung\u00fcentos tradicionales<\/b><p><p>En este taller los participantes se convertir\u00e1n en antiguos ung\u00fcentarios (predecesores de los conocidos boticarios). Aprender\u00e1n lo que es un ung\u00fcento y c\u00f3mo se elabora. Siguiendo los pasos de nuestros antepasados, y apoy\u00e1ndonos en la fitoterapia moderna, preparemos una f\u00f3rmula para afecciones epid\u00e9rmicas.<\/p>\n<p>Taller realizado por Kuboshi<\/p>\n<p>Para ni\u00f1@s de m\u00e1s de 8 a\u00f1os<br \/>\nViernes 24 a las 17:10 h<\/p>\n<p><\/p>\n<\/p><\/li><\/ul><\/div>\n","protected":false},"excerpt":{"rendered":"<p>La Fundaci\u00f3n S\u00e9neca ofrece al p\u00fablico m\u00e1s joven los siguientes talleres, dentro del programa de actividades de la Secyt25. Inscripciones en esta web El taller se realizar\u00e1 en el stand de la Fundaci\u00f3n S\u00e9neca, en el Jard\u00edn del Malec\u00f3n (entrada por Plano de San Francisco)<\/p>\n","protected":false},"author":1,"featured_media":0,"parent":0,"menu_order":0,"comment_status":"closed","ping_status":"closed","template":"","meta":{"_acf_changed":false,"footnotes":""},"class_list":["post-16646","page","type-page","status-publish","hentry"],"acf":[],"_links":{"self":[{"href":"https:\/\/fseneca.es\/secyt25\/wp-json\/wp\/v2\/pages\/16646","targetHints":{"allow":["GET"]}}],"collection":[{"href":"https:\/\/fseneca.es\/secyt25\/wp-json\/wp\/v2\/pages"}],"about":[{"href":"https:\/\/fseneca.es\/secyt25\/wp-json\/wp\/v2\/types\/page"}],"author":[{"embeddable":true,"href":"https:\/\/fseneca.es\/secyt25\/wp-json\/wp\/v2\/users\/1"}],"replies":[{"embeddable":true,"href":"https:\/\/fseneca.es\/secyt25\/wp-json\/wp\/v2\/comments?post=16646"}],"version-history":[{"count":80,"href":"https:\/\/fseneca.es\/secyt25\/wp-json\/wp\/v2\/pages\/16646\/revisions"}],"predecessor-version":[{"id":19872,"href":"https:\/\/fseneca.es\/secyt25\/wp-json\/wp\/v2\/pages\/16646\/revisions\/19872"}],"wp:attachment":[{"href":"https:\/\/fseneca.es\/secyt25\/wp-json\/wp\/v2\/media?parent=16646"}],"curies":[{"name":"wp","href":"https:\/\/api.w.org\/{rel}","templated":true}]}}