{"id":19297,"date":"2025-10-16T08:07:13","date_gmt":"2025-10-16T08:07:13","guid":{"rendered":"https:\/\/fseneca.es\/secyt25\/?page_id=19297"},"modified":"2025-10-16T08:07:14","modified_gmt":"2025-10-16T08:07:14","slug":"biblioteca-regional","status":"publish","type":"page","link":"https:\/\/fseneca.es\/secyt25\/biblioteca-regional\/","title":{"rendered":"Biblioteca Regional"},"content":{"rendered":"\n\n<div class=\"su-posts su-posts-single-post \">\n\n\t\t\t\t\t\t\n\t\t\t\n\t\t\t<div id=\"su-post-19132\" class=\"su-post \">\n\n<!--\t\t\t\t<h2 class=\"su-post-title\"><a href=\"https:\/\/fseneca.es\/secyt25\/actividad\/la-ciencia-tambien-se-lee-descubre-la-biblioteca-regional-de-murcia-en-la-secyt\/\" target=\"_blank\">La ciencia tambi\u00e9n se lee: descubre la Biblioteca Regional de Murcia en la SECyT<\/a><\/h2> -->\n<img src='https:\/\/fseneca.es\/secyt25\/wp-content\/uploads\/2025\/10\/biblioteca-regional.png' style='width:100%;' \/>    \n    <!--            <strong>Biblioteca Regional de Murcia<\/strong> -->\n                <p>Por primera vez, la <strong>Biblioteca Regional de Murcia<\/strong> se suma a la SECYT, creando un rinc\u00f3n de lectura con m\u00e1s de un centenar de t\u00edtulos infantiles y juveniles relacionados con la ciencia, la tecnolog\u00eda, la creatividad y la invenci\u00f3n. Un espacio tranquilo dentro del bullicio del evento, pensado para que los m\u00e1s peque\u00f1os descubran que los libros tambi\u00e9n son una forma de experimentar y so\u00f1ar.<\/p>\n<p>Para que los visitantes conozcan la biblioteca y sus fondos, el stand contar\u00e1 con dos ordenadores donde los m\u00e1s peque\u00f1os podr\u00e1n ver un v\u00eddeo corto sobre la BRMU y disfrutar de divertidos juegos interactivos, como <em>\u00bfQui\u00e9n quiere ser bibliotecario?<\/em> o la <em>Oca de la BRMU<\/em>, que combinan entretenimiento y aprendizaje para descubrir todo lo que la biblioteca tiene para ofrecer.<\/p>\n                <a href=\"https:\/\/fseneca.es\/secyt25\/actividad\/la-ciencia-tambien-se-lee-descubre-la-biblioteca-regional-de-murcia-en-la-secyt\/\" target=\"_blank\"><small><b>+INFO<\/b><\/small><\/a>\n\n\n\t\t\t<\/div>\n\n\t\t\t\t\n<\/div>\n\n","protected":false},"excerpt":{"rendered":"","protected":false},"author":1,"featured_media":0,"parent":0,"menu_order":0,"comment_status":"closed","ping_status":"closed","template":"","meta":{"_acf_changed":false,"footnotes":""},"class_list":["post-19297","page","type-page","status-publish","hentry"],"acf":[],"_links":{"self":[{"href":"https:\/\/fseneca.es\/secyt25\/wp-json\/wp\/v2\/pages\/19297","targetHints":{"allow":["GET"]}}],"collection":[{"href":"https:\/\/fseneca.es\/secyt25\/wp-json\/wp\/v2\/pages"}],"about":[{"href":"https:\/\/fseneca.es\/secyt25\/wp-json\/wp\/v2\/types\/page"}],"author":[{"embeddable":true,"href":"https:\/\/fseneca.es\/secyt25\/wp-json\/wp\/v2\/users\/1"}],"replies":[{"embeddable":true,"href":"https:\/\/fseneca.es\/secyt25\/wp-json\/wp\/v2\/comments?post=19297"}],"version-history":[{"count":1,"href":"https:\/\/fseneca.es\/secyt25\/wp-json\/wp\/v2\/pages\/19297\/revisions"}],"predecessor-version":[{"id":19298,"href":"https:\/\/fseneca.es\/secyt25\/wp-json\/wp\/v2\/pages\/19297\/revisions\/19298"}],"wp:attachment":[{"href":"https:\/\/fseneca.es\/secyt25\/wp-json\/wp\/v2\/media?parent=19297"}],"curies":[{"name":"wp","href":"https:\/\/api.w.org\/{rel}","templated":true}]}}