{"id":19301,"date":"2025-10-16T08:14:00","date_gmt":"2025-10-16T08:14:00","guid":{"rendered":"https:\/\/fseneca.es\/secyt25\/?page_id=19301"},"modified":"2025-10-16T08:18:56","modified_gmt":"2025-10-16T08:18:56","slug":"ciencia-a-escena","status":"publish","type":"page","link":"https:\/\/fseneca.es\/secyt25\/ciencia-a-escena\/","title":{"rendered":"Ciencia a Escena"},"content":{"rendered":"\n\n<div class=\"su-posts su-posts-single-post \">\n\n\t\t\t\t\t\t\n\t\t\t\n\t\t\t<div id=\"su-post-19264\" class=\"su-post \">\n\n<!--\t\t\t\t<h2 class=\"su-post-title\"><a href=\"https:\/\/fseneca.es\/secyt25\/actividad\/ciencia-a-escena-escenario-plato\/\" target=\"_blank\">Ciencia a escena \/ Escenario-plat\u00f3<\/a><\/h2> -->\n<img src='https:\/\/fseneca.es\/secyt25\/wp-content\/uploads\/2025\/10\/ciencia-escena.png' style='width:100%;' \/>    \n    <!--            <strong>Fundaci\u00f3n S\u00e9neca<\/strong> -->\n                <p><strong><span style=\"color: #3cd52e\">\u25aa Lo mejor de MasterChem, con el divulgador cient\u00edfico David Meseguer<\/span><\/strong><br \/>\nExhibici\u00f3n interactiva de qu\u00edmica (Chemistry Show)<br \/>\n\u00a1Una explosi\u00f3n de ciencia y diversi\u00f3n! El famoso concurso de qu\u00edmica de la UM salta al escenario con una selecci\u00f3n de sus mejores experimentos. Un espect\u00e1culo familiar que presenta algunas de las experiencias m\u00e1s incre\u00edbles, llamativas y divertidas que han triunfado en este exitoso certamen. Ver\u00e1n c\u00f3mo la ciencia cobra vida con demostraciones espectaculares que sorprender\u00e1n a grandes y peque\u00f1os. Es la oportunidad perfecta para despertar la curiosidad de los ni\u00f1os y disfrutar en familia de un show leno de buen humor, sorpresas e interacci\u00f3n. \u00a1Dejen la quimiofobia en casa y vengan a descubrir el lado m\u00e1s sorprendente de la qu\u00edmica!<br \/>\nViernes 24 a las 10:00 h<br \/>\nS\u00e1bado 25 a las 11:30 h<br \/>\nDomingo 26 a las 11:15 h<\/p>\n<p><strong><span style=\"color: #3cd52e\">\u25aa\u00a0CIENCIA EN TUS MANOS \u2014 El show donde lo cotidiano se vuelve extraordinario. Con Juan Pedro Mart\u00ednez Lajara de Convientoafavor<\/span><\/strong><br \/>\n\u00a1Prep\u00e1rate para ver la ciencia como nunca antes la has vivido! \u00abCiencia en tus manos\u00bb es un espect\u00e1culo que convierte objetos comunes en protagonistas de experimentos sorprendentes. A trav\u00e9s de demostraciones visuales, din\u00e1micas y llenas de energ\u00eda, exploramos fen\u00f3menos como:<br \/>\n&#8211; Ondas que puedes ver y sentir<br \/>\n&#8211; Presi\u00f3n que desaf\u00eda tu intuici\u00f3n<br \/>\n&#8211; Luz que se descompone en magia<\/p>\n<p>Ideal para todas las edades, este show une entretenimiento y aprendizaje en un formato pensado para despertar la curiosidad, provocar asombro y demostrar que la ciencia est\u00e1&#8230; \u00a1en tus propias manos!<br \/>\nViernes 24 a las 11 h<\/p>\n<p><strong><span style=\"color: #3cd52e\">\u25aa\u00a0Technovation Live de Talento STEAM<\/span><\/strong><br \/>\nTechnovation Live es un encuentro inspirador que muestra el poder transformador de la tecnolog\u00eda en manos de las j\u00f3venes. A trav\u00e9s de historias reales de equipos Technovation, se conocer\u00e1n proyectos que utilizan aplicaciones e inteligencia artificial para resolver problemas del mundo real. Adem\u00e1s, se presentar\u00e1 c\u00f3mo participar en Technovation Girls 2026, una iniciativa que invita a ni\u00f1as y adolescentes a imaginar, crear y transformar su entorno mediante la innovaci\u00f3n tecnol\u00f3gica.<br \/>\nViernes 24 a las 12:00 h<\/p>\n<p><strong><span style=\"color: #3cd52e\">\u25aa\u00a0GRITA campa\u00f1a por la vida. FFIS<\/span><\/strong><br \/>\nBajo el lema \u201cGRITA\u201d, la SECYT 25 acoge una actividad que une arte, redes sociales y ciencia para abordar un tema crucial: la prevenci\u00f3n del suicidio en adolescentes. Con la idea fuerza de romper el silencio, esta propuesta invita a compartir el malestar emocional y a hablar abiertamente sobre la salud mental. Porque gritar no es un signo de debilidad, sino una forma de conectar, de pedir ayuda y de sentirse acompa\u00f1ado.<br \/>\nLa iniciativa contar\u00e1 con un v\u00eddeo de la influencer Kalonbay, una performance del ballet Metalte y una din\u00e1mica participativa guiada por profesionales de salud mental, en la que los j\u00f3venes podr\u00e1n interactuar mediante un c\u00f3digo QR que los llevar\u00e1 a un juego y a un posterior debate. Una experiencia que combina arte, emoci\u00f3n y tecnolog\u00eda para recordar a los m\u00e1s j\u00f3venes que cuidar la mente tambi\u00e9n es ciencia, y que hablar puede salvar vidas.<br \/>\nViernes 24 a las 13:00 h<\/p>\n<p><strong><span style=\"color: #3cd52e\">\u25aa ABELMAGIA<\/span><\/strong><br \/>\nPrep\u00e1rate para sorprenderte con Abel Magia, donde lo imposible cobra vida ante tus ojos. Trucos, ilusi\u00f3n y humor se mezclan para llevarte de lo cotidiano a lo extraordinario. Un show que despierta el asombro hace sonre\u00edr, y te recuerda que creer tambi\u00e9n es divertido.<br \/>\nS\u00e1bado 25 a las 13:00 h<br \/>\nDomingo 26 a las 12:15 h<\/p>\n<p><strong><span style=\"color: #3cd52e\">\u25aa\u00a0Magia cient\u00edfica con MUDIC (UMH)<\/span><\/strong><br \/>\n\u00a1Un espect\u00e1culo para toda la familia donde la magia y la ciencia se encuentran! Descubre trucos sorprendentes mientras aprendemos c\u00f3mo funcionan, con explicaciones cient\u00edficas divertidas que te har\u00e1n decir \u201c\u00a1wow!\u201d. Una experiencia entretenida, educativa y llena de sorpresas para grandes y peque\u00f1os.<br \/>\nS\u00e1bado 25 a las 19:00 h<\/p>\n<p><strong><span style=\"color: #3cd52e\">\u25aa\u00a0Encuentro con Daniel Torregrosa<\/span><\/strong><br \/>\nUna charla en persona con Daniel Torregrosa. Descubre historias, curiosidades y reflexiones sobre ciencia y tecnolog\u00eda contadas de manera cercana y entretenida, una oportunidad \u00fanica para aprender y compartir en directo.<br \/>\nDaniel Torregrosa es qu\u00edmico, divulgador cient\u00edfico y escritor con una destacada trayectoria en la divulgaci\u00f3n de la ciencia. Es autor de varios libros, entre ellos El olor de las almendras amargas y Qu\u00edmica asombrosa, donde explora la historia y las curiosidades de compuestos qu\u00edmicos cotidianos. Su estilo accesible y riguroso le ha valido reconocimientos como el Premio Tesla de divulgaci\u00f3n cient\u00edfica en 2017 y la Distinci\u00f3n San Alberto Magno en 2019. Adem\u00e1s, ha participado en programas como A hombros de gigantes de RNE y es colaborador habitual de la revista Muy Interesante. Actualmente, Torregrosa es vocal de la Real Sociedad Espa\u00f1ola de Qu\u00edmica en la Regi\u00f3n de Murcia y docente en el Aula Senior de la Universidad de Murcia.<br \/>\nViernes 24 a las 18:00 h<\/p>\n<p><strong><span style=\"color: #3cd52e\">\u25aa\u00a0Habla con tu cient\u00edfico favorito con Luc\u00eda Almagro (Diario de una cient\u00edfica)<\/span><\/strong><br \/>\nA trav\u00e9s de una llamada en directo, podr\u00e1s hablar con la neurocient\u00edfica y divulgadora Luc\u00eda Almagro, muy activa en Instagram y TikTok con m\u00e1s de 100.000 seguidores. Luc\u00eda participar\u00e1 en la SECYT 25 acercando la ciencia del cerebro con un enfoque humano, claro y cercano. A trav\u00e9s de ejemplos cotidianos y un lenguaje accesible, nos invita a descubrir c\u00f3mo funciona la mente, desmonta mitos sobre la neurociencia y demuestra que entender el cerebro tambi\u00e9n es una forma de conocernos mejor.<br \/>\nS\u00e1bado 25 a las 12:45 h<\/p>\n<p><strong><span style=\"color: #3cd52e\">\u25aa\u00a0Habla con tu cient\u00edfico favorito con Javier Santaolalla<\/span><\/strong><br \/>\nParticipa en una videollamada exclusiva donde podr\u00e1s charlar con el doctor en f\u00edsica e ingeniero Javier Santaolalla sobre ciencia, curiosidades del universo y su experiencia en el CERN, donde contribuy\u00f3 al descubrimiento del bos\u00f3n de Higgs. Con m\u00e1s de 2,5 millones de seguidores en redes sociales, Javier es conocido por su estilo cercano y su capacidad para explicar la ciencia de forma divertida y accesible. No pierdas la oportunidad de conversar con uno de los divulgadores cient\u00edficos m\u00e1s influyentes de habla hispana.<br \/>\nDomingo 26 a las 13:00 h<\/p>\n<p><strong><span style=\"color: #3cd52e\">\u25aa\u00a0Concurso de mon\u00f3logos cient\u00edficos<\/span><\/strong><br \/>\nOrganizado por el IES Floridablanca, es un concurso que va ya por su s\u00e9ptima edici\u00f3n. El futuro de la divulgaci\u00f3n cient\u00edfica se sube al escenario con este concurso de mon\u00f3logos cient\u00edficos. Los estudiantes de ESO y Bachillerato de diversos centros educativos de la Regi\u00f3n de Murcia demostrar\u00e1n su creatividad y pasi\u00f3n por la ciencia, abordando temas fascinantes como los agujeros negros, la f\u00edsica cu\u00e1ntica, la inteligencia artificial o la geometr\u00eda de la danza.<br \/>\nEn solo 3 minutos de mon\u00f3logo, estos j\u00f3venes divulgadores combinar\u00e1n humor, arte y ciencia, ofreciendo una muestra inspiradora de talento juvenil. Un jurado profesional otorgar\u00e1 los premios finales, reconociendo el ingenio y la habilidad de los cient\u00edficos del ma\u00f1ana. \u00a1No te pierdas esta oportunidad de descubrir a las futura voces de la ciencia!<br \/>\nS\u00e1bado 25 a las 18:00 h<\/p>\n<p><strong><span style=\"color: #3cd52e\">\u25aa\u00a0Ra\u00edz de 5 con Santi Garc\u00eda Cremades y \u00c1lvaro Rabad\u00e1n<\/span><\/strong><br \/>\nEl programa Ra\u00edz de 5, el m\u00e1s hipotenuso de Radio 5, es una aventura semanal para descubrir c\u00f3mo las matem\u00e1ticas est\u00e1n escondidas en todo lo que hacemos.<br \/>\nDirigido por el divulgador Santi Garc\u00eda Cremades, combina historia, curiosidades, entrevistas, humor y m\u00fasica para \u201cponer la mente en la de Pit\u00e1goras, Gauss o los compositores\u201d.<br \/>\nS\u00e1bado 25 a las 20:00 h<\/p>\n<p><strong><span style=\"color: #3cd52e\">\u25aa\u00a0Concierto con \u201cRuto Ne\u00f3n\u201d<\/span><\/strong><br \/>\nPrep\u00e1rate para vibrar con la energ\u00eda de Ruto Ne\u00f3n. M\u00fasica, luces y tecnolog\u00eda se fusionan en un show donde la ciencia tambi\u00e9n tiene ritmo. Sonidos electr\u00f3nicos, visuales hipn\u00f3ticos y mucha actitud para cerrar el d\u00eda por todo lo alto.<br \/>\nS\u00e1bado 25 a las 20:30 h<\/p>\n<p><strong><span style=\"color: #3cd52e\">\u25aa\u00a0Concierto cierre de la secyt25 con \u201cA Mares\u201d<\/span><\/strong><br \/>\nD\u00e9jate llevar por la frescura de A Mares, un grupo que mezcla ritmo, emoci\u00f3n y buenas vibras. Sus canciones fluyen como las olas: llenas de energ\u00eda, cercanas y con un mensaje que conecta. M\u00fasica para sentir, bailar y celebrar juntos la ciencia, la vida y el mar.<br \/>\nDomingo 26 a las 13:30 h<\/p>\n<p><strong><span style=\"color: #3cd52e\">\u25aa\u00a0Bloopbusters. Cazadores de gazapos tecnol\u00f3gicos<\/span><\/strong><br \/>\n\u00bfEs posible todo lo que vemos en las pel\u00edculas? Los UPCT-Bloopbusters, cazadores de gazapos cient\u00edficos, os mostramos los fallos cient\u00edficos y tecnol\u00f3gicos que aparecen en el cine de una manera amena y divertida. Proyectaremos escenas de pel\u00edculas, debatiremos sobre si lo que sucede podr\u00eda ocurrir en la vida real o no y, con la inestimable colaboraci\u00f3n de nuestro p\u00fablico, realizaremos un experimento para comprobarlo.<br \/>\nViernes 24 a las 19:00 h<\/p>\n<p><strong><span style=\"color: #3cd52e\">\u25aa\u00a0Ciencia a escena, entrevistas en directo a participantes destacados de la Semana de la Ciencia.<\/span><\/strong><br \/>\nViernes 24 a las 17:00 h<br \/>\nS\u00e1bado 25 a las 11:00 y 17:00 h<\/p>\n<p><strong><span style=\"color: #3cd52e\">\u25aa\u00a0Bingo musical cient\u00edfico<\/span><\/strong><br \/>\nActividad interactiva de divulgaci\u00f3n cient\u00edfica en formato de bingo musical, en la que el p\u00fablico dispone de cartones con t\u00edtulos de canciones relacionadas con la ciencia (como The Scientist de Coldplay o Lucha de Gigantes de Antonio Vega). A medida que suenan, se explican sus referencias cient\u00edficas \u2014f\u00edsica, biolog\u00eda, astronom\u00eda o tecnolog\u00eda\u2014 combinando m\u00fasica, cultura y divulgaci\u00f3n de forma amena y participativa.<br \/>\nViernes 24 a las 20:00 h<\/p>\n                <a href=\"https:\/\/fseneca.es\/secyt25\/actividad\/ciencia-a-escena-escenario-plato\/\" target=\"_blank\"><small><b>+INFO<\/b><\/small><\/a>\n\n\n\t\t\t<\/div>\n\n\t\t\t\t\n<\/div>\n\n","protected":false},"excerpt":{"rendered":"","protected":false},"author":1,"featured_media":0,"parent":0,"menu_order":0,"comment_status":"closed","ping_status":"closed","template":"","meta":{"_acf_changed":false,"footnotes":""},"class_list":["post-19301","page","type-page","status-publish","hentry"],"acf":[],"_links":{"self":[{"href":"https:\/\/fseneca.es\/secyt25\/wp-json\/wp\/v2\/pages\/19301","targetHints":{"allow":["GET"]}}],"collection":[{"href":"https:\/\/fseneca.es\/secyt25\/wp-json\/wp\/v2\/pages"}],"about":[{"href":"https:\/\/fseneca.es\/secyt25\/wp-json\/wp\/v2\/types\/page"}],"author":[{"embeddable":true,"href":"https:\/\/fseneca.es\/secyt25\/wp-json\/wp\/v2\/users\/1"}],"replies":[{"embeddable":true,"href":"https:\/\/fseneca.es\/secyt25\/wp-json\/wp\/v2\/comments?post=19301"}],"version-history":[{"count":4,"href":"https:\/\/fseneca.es\/secyt25\/wp-json\/wp\/v2\/pages\/19301\/revisions"}],"predecessor-version":[{"id":19306,"href":"https:\/\/fseneca.es\/secyt25\/wp-json\/wp\/v2\/pages\/19301\/revisions\/19306"}],"wp:attachment":[{"href":"https:\/\/fseneca.es\/secyt25\/wp-json\/wp\/v2\/media?parent=19301"}],"curies":[{"name":"wp","href":"https:\/\/api.w.org\/{rel}","templated":true}]}}