{"id":19309,"date":"2025-10-16T08:34:22","date_gmt":"2025-10-16T08:34:22","guid":{"rendered":"https:\/\/fseneca.es\/secyt25\/?page_id=19309"},"modified":"2025-10-21T09:47:31","modified_gmt":"2025-10-21T09:47:31","slug":"cuentacuentos","status":"publish","type":"page","link":"https:\/\/fseneca.es\/secyt25\/cuentacuentos\/","title":{"rendered":"CUENTACUENTOS, con Clara S\u00e1enz y Reyes Frigard"},"content":{"rendered":"\n\n<div class=\"su-posts su-posts-single-post \">\n\n\t\t\t\t\t\t\n\t\t\t\n\t\t\t<div id=\"su-post-16817\" class=\"su-post \">\n\n<!--\t\t\t\t<h2 class=\"su-post-title\"><a href=\"https:\/\/fseneca.es\/secyt25\/actividad\/cuentacuentos-con-clara-saenz-de-tejada\/\" target=\"_blank\">CUENTACUENTOS, con Clara S\u00e1enz  y Reyes Frigard<\/a><\/h2> -->\n<img src='https:\/\/fseneca.es\/secyt25\/wp-content\/uploads\/2024\/09\/secyt-cuentacuentos-slide.jpg' style='width:100%;' \/>    \n    <!--            <strong>Fundaci\u00f3n S\u00e9neca<\/strong> -->\n                <p><em>Cuentos leones<\/em><\/p>\n<p>El mundo est\u00e1 lleno de cuentos sorprendentes, desde la profunda selva hasta el helado polo norte, acompa\u00f1amos en este viaje por las historias protagonizadas por animales parlantes, aventureros, inquietantes y valientes, que habitan todo el planeta y nos ayudan a entender que somos parte de la naturaleza.<\/p>\n<p>Clara S\u00e1enz de Tejada, narradora oral desde 1996, ha realizado cuentacuentos en la Biblioteca Regional de Murcia, Red Municipal de Bibliotecas de la Regi\u00f3n de Murcia\u00a0 y en otras comunidades. Imparte cursos de narraci\u00f3n en bibliotecas escolares, en CPRs y centros culturales. Narra en centros educativos, culturales, fiestas y jornadas de promoci\u00f3n lectora.<\/p>\n<p>Reyes naci\u00f3 en Cartagena. Era una ni\u00f1a curiosa; siempre andaba haci\u00e9ndose preguntas, imagin\u00e1ndose mil formas de contar la vida con palabras.Estudi\u00f3 Trabajo Social y T\u00e9cnico Superior en Educaci\u00f3n Infantil, porque en esta vida hay que estar formada. Estudios que le ayudaron a entender un poco m\u00e1s su pasi\u00f3n por contar las historias que viv\u00eda.Aficionada a la lectura y escritura, comenz\u00f3 su labor narrativa en la Biblioteca Regional de Murcia hace casi veinte a\u00f1os, donde cont\u00f3 historias desde beb\u00e9s a adolescentes. Les vio convertirse en adultos entre sus cuentos. No ha parado de contar cuentos por escuelas, institutos, centros de mayores, centros culturales y a pie de calle. Ha impartido talleres y cursos formativos por toda la Regi\u00f3n de Murcia y Comunidades vecinas.<\/p>\n<p>Sesiones de cuentos de 50 minutos para p\u00fablico familiar, especialmente para ni\u00f1os entre 3 y 8 a\u00f1os.<\/p>\n<p>Sala de cuentacuentos, junto al Baobar. Jard\u00edn del Malec\u00f3n. No es necesaria inscripci\u00f3n.<\/p>\n                <a href=\"https:\/\/fseneca.es\/secyt25\/actividad\/cuentacuentos-con-clara-saenz-de-tejada\/\" target=\"_blank\"><small><b>+INFO<\/b><\/small><\/a>\n\n\n\t\t\t<\/div>\n\n\t\t\t\t\n<\/div>\n\n","protected":false},"excerpt":{"rendered":"","protected":false},"author":1,"featured_media":0,"parent":0,"menu_order":0,"comment_status":"closed","ping_status":"closed","template":"","meta":{"_acf_changed":false,"footnotes":""},"class_list":["post-19309","page","type-page","status-publish","hentry"],"acf":[],"_links":{"self":[{"href":"https:\/\/fseneca.es\/secyt25\/wp-json\/wp\/v2\/pages\/19309","targetHints":{"allow":["GET"]}}],"collection":[{"href":"https:\/\/fseneca.es\/secyt25\/wp-json\/wp\/v2\/pages"}],"about":[{"href":"https:\/\/fseneca.es\/secyt25\/wp-json\/wp\/v2\/types\/page"}],"author":[{"embeddable":true,"href":"https:\/\/fseneca.es\/secyt25\/wp-json\/wp\/v2\/users\/1"}],"replies":[{"embeddable":true,"href":"https:\/\/fseneca.es\/secyt25\/wp-json\/wp\/v2\/comments?post=19309"}],"version-history":[{"count":3,"href":"https:\/\/fseneca.es\/secyt25\/wp-json\/wp\/v2\/pages\/19309\/revisions"}],"predecessor-version":[{"id":19520,"href":"https:\/\/fseneca.es\/secyt25\/wp-json\/wp\/v2\/pages\/19309\/revisions\/19520"}],"wp:attachment":[{"href":"https:\/\/fseneca.es\/secyt25\/wp-json\/wp\/v2\/media?parent=19309"}],"curies":[{"name":"wp","href":"https:\/\/api.w.org\/{rel}","templated":true}]}}